{"id":9,"date":"2014-06-04T09:13:01","date_gmt":"2014-06-04T07:13:01","guid":{"rendered":"http:\/\/osdobje.splet.arnes.si\/?page_id=9"},"modified":"2025-02-05T09:07:50","modified_gmt":"2025-02-05T08:07:50","slug":"kontakti","status":"publish","type":"page","link":"https:\/\/www.osdobje.si\/?page_id=9","title":{"rendered":"Kontakt"},"content":{"rendered":"\n<div class=\"wp-block-group is-vertical is-layout-flex wp-container-core-group-is-layout-8cf370e7 wp-block-group-is-layout-flex\">\n<p><strong>Osnovna \u0161ola Dobje<\/strong><\/p>\n\n\n\n<p>Dobje pri Planini 20 a<br>3224 Dobje pri Planini<\/p>\n\n\n\n<div class=\"wp-block-group is-vertical is-layout-flex wp-container-core-group-is-layout-8cf370e7 wp-block-group-is-layout-flex\">\n<div style=\"height:0px\" aria-hidden=\"true\" class=\"wp-block-spacer wp-container-content-c00f5982\"><\/div>\n<\/div>\n<\/div>\n\n\n\n<div class=\"wp-block-group is-vertical is-layout-flex wp-container-core-group-is-layout-8cf370e7 wp-block-group-is-layout-flex\">\n<p><strong>Tajni\u0161tvo:<\/strong><\/p>\n\n\n\n<p>Tajnica: <strong>Polona Gra\u010dnar<\/strong><\/p>\n\n\n\n<p>Tel.: 03 620 53 00<\/p>\n\n\n\n<p>e-naslov: polona.gracnar@osdobje.si<\/p>\n<\/div>\n\n\n\n<p><\/p>\n\n\n\n<div class=\"wp-block-group is-vertical is-layout-flex wp-container-core-group-is-layout-8cf370e7 wp-block-group-is-layout-flex\">\n<p>Ra\u010dunovodkinja:&nbsp;<strong>Simona Kosaber<\/strong><\/p>\n\n\n\n<p>Tel.: 03 620 53 05<\/p>\n\n\n\n<p>e-naslov: info@osdobje.si<\/p>\n<\/div>\n\n\n\n<div class=\"wp-block-group is-vertical is-layout-flex wp-container-core-group-is-layout-8cf370e7 wp-block-group-is-layout-flex\">\n<div style=\"height:0px\" aria-hidden=\"true\" class=\"wp-block-spacer wp-container-content-c00f5982\"><\/div>\n\n\n\n<p><strong>Ravnateljica: Suzana Plemenita\u0161<\/strong><\/p>\n\n\n\n<p>Tel.: 03 620 53 02<br>e-naslov:&nbsp;suzana.plemenitas@osdobje.si<\/p>\n<\/div>\n\n\n\n<div class=\"wp-block-group is-vertical is-layout-flex wp-container-core-group-is-layout-8cf370e7 wp-block-group-is-layout-flex\">\n<div style=\"height:0px\" aria-hidden=\"true\" class=\"wp-block-spacer wp-container-content-c00f5982\"><\/div>\n\n\n\n<p><strong>Vodja vrtca: Ana Kostanj\u0161ek<\/strong><\/p>\n\n\n\n<p>Tel.: 03 620 53 13<\/p>\n\n\n\n<p>e-naslov: ana.kostanjsek@osdobje.si<\/p>\n<\/div>\n\n\n\n<div class=\"wp-block-group is-vertical is-layout-flex wp-container-core-group-is-layout-8cf370e7 wp-block-group-is-layout-flex\">\n<div style=\"height:0px\" aria-hidden=\"true\" class=\"wp-block-spacer wp-container-content-c00f5982\"><\/div>\n\n\n\n<p><strong>\u0160olska svetovalna slu\u017eba: Bo\u017ea Jazbin\u0161ek<\/strong><\/p>\n\n\n\n<p>Tel.: 03 620 53 04<\/p>\n\n\n\n<p>e-naslov: boza.jazbinsek@osdobje.si<\/p>\n<\/div>\n\n\n\n<div class=\"wp-block-group is-vertical is-layout-flex wp-container-core-group-is-layout-8cf370e7 wp-block-group-is-layout-flex\">\n<div style=\"height:0px\" aria-hidden=\"true\" class=\"wp-block-spacer wp-container-content-c00f5982\"><\/div>\n\n\n\n<p><strong>Knji\u017enica: Tina Zendzianowsky \u010cav\u0161<\/strong><\/p>\n\n\n\n<p>Tel.: 03 620 53 06<\/p>\n<\/div>\n\n\n\n<div class=\"wp-block-group is-vertical is-layout-flex wp-container-core-group-is-layout-8cf370e7 wp-block-group-is-layout-flex\">\n<div style=\"height:0px\" aria-hidden=\"true\" class=\"wp-block-spacer wp-container-content-c00f5982\"><\/div>\n\n\n\n<p><strong>\u0160olska kuhinja<\/strong><\/p>\n\n\n\n<p>Tel.: 03 620 53 01<\/p>\n\n\n\n<p>odjava prehrane: prehrana@osdobje.si<\/p>\n<\/div>\n","protected":false},"excerpt":{"rendered":"<p>Osnovna \u0161ola Dobje Dobje pri Planini 20 a3224 Dobje pri Planini Tajni\u0161tvo: Tajnica: Polona Gra\u010dnar Tel.: 03 620 53 00 e-naslov: polona.gracnar@osdobje.si Ra\u010dunovodkinja:&nbsp;Simona Kosaber Tel.: 03 620 53 05 e-naslov: info@osdobje.si Ravnateljica: Suzana Plemenita\u0161 Tel.: 03 620 53 02e-naslov:&nbsp;suzana.plemenitas@osdobje.si Vodja &hellip; <a href=\"https:\/\/www.osdobje.si\/?page_id=9\">Beri naprej <span class=\"meta-nav\">&rarr;<\/span><\/a><\/p>\n","protected":false},"author":89974,"featured_media":0,"parent":0,"menu_order":0,"comment_status":"closed","ping_status":"closed","template":"sidebar-page.php","meta":{"ngg_post_thumbnail":0,"footnotes":""},"class_list":["post-9","page","type-page","status-publish","hentry"],"_links":{"self":[{"href":"https:\/\/www.osdobje.si\/index.php?rest_route=\/wp\/v2\/pages\/9","targetHints":{"allow":["GET"]}}],"collection":[{"href":"https:\/\/www.osdobje.si\/index.php?rest_route=\/wp\/v2\/pages"}],"about":[{"href":"https:\/\/www.osdobje.si\/index.php?rest_route=\/wp\/v2\/types\/page"}],"author":[{"embeddable":true,"href":"https:\/\/www.osdobje.si\/index.php?rest_route=\/wp\/v2\/users\/89974"}],"replies":[{"embeddable":true,"href":"https:\/\/www.osdobje.si\/index.php?rest_route=%2Fwp%2Fv2%2Fcomments&post=9"}],"version-history":[{"count":15,"href":"https:\/\/www.osdobje.si\/index.php?rest_route=\/wp\/v2\/pages\/9\/revisions"}],"predecessor-version":[{"id":4126,"href":"https:\/\/www.osdobje.si\/index.php?rest_route=\/wp\/v2\/pages\/9\/revisions\/4126"}],"wp:attachment":[{"href":"https:\/\/www.osdobje.si\/index.php?rest_route=%2Fwp%2Fv2%2Fmedia&parent=9"}],"curies":[{"name":"wp","href":"https:\/\/api.w.org\/{rel}","templated":true}]}}