{"id":84,"date":"2014-07-03T23:02:11","date_gmt":"2014-07-03T21:02:11","guid":{"rendered":"http:\/\/osdobje.splet.arnes.si\/?page_id=84"},"modified":"2023-04-20T12:47:37","modified_gmt":"2023-04-20T10:47:37","slug":"zgodovina-sole","status":"publish","type":"page","link":"https:\/\/www.osdobje.si\/?page_id=84","title":{"rendered":"Zgodovina \u0161ole"},"content":{"rendered":"<p><strong>Zgodovina \u0161ole<\/strong><\/p>\n<p>V znaku \u0161ole imamo hrastov list, saj naj bi bili neko\u010d v Dobju ob\u0161irni hrastovi gozdovi. Od tod je Dobje dobilo tudi ime (hrast = dob). Danes je v Dobju le \u0161e malo hrastov, o ob\u0161irnih gozdovih pa ni ve\u010d sledu.<\/p>\n<p><a href=\"http:\/\/osdobje.splet.arnes.si\/files\/2014\/06\/zelod.jpg\"><img loading=\"lazy\" decoding=\"async\" class=\"alignnone size-full wp-image-28\" src=\"http:\/\/osdobje.splet.arnes.si\/files\/2014\/06\/zelod.jpg\" alt=\"zelod\" width=\"193\" height=\"200\"><\/a><\/p>\n<p><a href=\"http:\/\/osdobje.splet.arnes.si\/files\/2014\/06\/zgodovina1.jpg\"><img loading=\"lazy\" decoding=\"async\" class=\"alignnone size-full wp-image-29\" src=\"http:\/\/osdobje.splet.arnes.si\/files\/2014\/06\/zgodovina1.jpg\" alt=\"zgodovina1\" width=\"190\" height=\"240\"><\/a><\/p>\n<p><a href=\"http:\/\/osdobje.splet.arnes.si\/files\/2014\/06\/starasola.jpg\"><img loading=\"lazy\" decoding=\"async\" class=\"alignnone size-medium wp-image-27\" src=\"http:\/\/osdobje.splet.arnes.si\/files\/2014\/06\/starasola-300x198.jpg\" alt=\"starasola\" width=\"300\" height=\"198\" srcset=\"https:\/\/www.osdobje.si\/files\/2014\/06\/starasola-300x198.jpg 300w, https:\/\/www.osdobje.si\/files\/2014\/06\/starasola.jpg 308w\" sizes=\"auto, (max-width: 300px) 100vw, 300px\" \/><\/a><\/p>\n<p><a href=\"http:\/\/osdobje.splet.arnes.si\/files\/2014\/06\/gradnja1.jpg\"><img loading=\"lazy\" decoding=\"async\" class=\"alignnone size-medium wp-image-22\" src=\"http:\/\/osdobje.splet.arnes.si\/files\/2014\/06\/gradnja1-300x174.jpg\" alt=\"gradnja1\" width=\"300\" height=\"174\" srcset=\"https:\/\/www.osdobje.si\/files\/2014\/06\/gradnja1-300x174.jpg 300w, https:\/\/www.osdobje.si\/files\/2014\/06\/gradnja1.jpg 308w\" sizes=\"auto, (max-width: 300px) 100vw, 300px\" \/><\/a><\/p>\n<p><a href=\"http:\/\/osdobje.splet.arnes.si\/files\/2014\/06\/gradnja2.jpg\"><img loading=\"lazy\" decoding=\"async\" class=\"alignnone size-full wp-image-23\" src=\"http:\/\/osdobje.splet.arnes.si\/files\/2014\/06\/gradnja2.jpg\" alt=\"gradnja2\" width=\"305\" height=\"178\" srcset=\"https:\/\/www.osdobje.si\/files\/2014\/06\/gradnja2.jpg 305w, https:\/\/www.osdobje.si\/files\/2014\/06\/gradnja2-300x175.jpg 300w\" sizes=\"auto, (max-width: 305px) 100vw, 305px\" \/><\/a><\/p>\n<p><a href=\"http:\/\/osdobje.splet.arnes.si\/files\/2014\/06\/sola1.jpg\"><img loading=\"lazy\" decoding=\"async\" class=\"alignnone size-medium wp-image-25\" src=\"http:\/\/osdobje.splet.arnes.si\/files\/2014\/06\/sola1-300x174.jpg\" alt=\"sola1\" width=\"300\" height=\"174\" srcset=\"https:\/\/www.osdobje.si\/files\/2014\/06\/sola1-300x174.jpg 300w, https:\/\/www.osdobje.si\/files\/2014\/06\/sola1.jpg 405w\" sizes=\"auto, (max-width: 300px) 100vw, 300px\" \/><\/a><\/p>\n<p><a href=\"http:\/\/osdobje.splet.arnes.si\/files\/2014\/06\/sola2.jpg\"><img loading=\"lazy\" decoding=\"async\" class=\"alignnone size-medium wp-image-26\" src=\"http:\/\/osdobje.splet.arnes.si\/files\/2014\/06\/sola2-300x225.jpg\" alt=\"sola2\" width=\"300\" height=\"225\" srcset=\"https:\/\/www.osdobje.si\/files\/2014\/06\/sola2-300x225.jpg 300w, https:\/\/www.osdobje.si\/files\/2014\/06\/sola2.jpg 400w\" sizes=\"auto, (max-width: 300px) 100vw, 300px\" \/><\/a><\/p>\n<p><a href=\"http:\/\/osdobje.splet.arnes.si\/files\/2014\/06\/obnovljenasola.jpg\"><img loading=\"lazy\" decoding=\"async\" class=\"alignnone size-medium wp-image-24\" src=\"http:\/\/osdobje.splet.arnes.si\/files\/2014\/06\/obnovljenasola-300x225.jpg\" alt=\"obnovljenasola\" width=\"300\" height=\"225\" srcset=\"https:\/\/www.osdobje.si\/files\/2014\/06\/obnovljenasola-300x225.jpg 300w, https:\/\/www.osdobje.si\/files\/2014\/06\/obnovljenasola-400x300.jpg 400w, https:\/\/www.osdobje.si\/files\/2014\/06\/obnovljenasola.jpg 768w\" sizes=\"auto, (max-width: 300px) 100vw, 300px\" \/><\/a><\/p>\n","protected":false},"excerpt":{"rendered":"<p>Zgodovina \u0161ole V znaku \u0161ole imamo hrastov list, saj naj bi bili neko\u010d v Dobju ob\u0161irni hrastovi gozdovi. Od tod je Dobje dobilo tudi ime (hrast = dob). Danes je v Dobju le \u0161e malo hrastov, o ob\u0161irnih gozdovih pa &hellip; <a href=\"https:\/\/www.osdobje.si\/?page_id=84\">Beri naprej <span class=\"meta-nav\">&rarr;<\/span><\/a><\/p>\n","protected":false},"author":89974,"featured_media":0,"parent":0,"menu_order":0,"comment_status":"closed","ping_status":"closed","template":"sidebar-page.php","meta":{"ngg_post_thumbnail":0,"footnotes":""},"class_list":["post-84","page","type-page","status-publish","hentry"],"_links":{"self":[{"href":"https:\/\/www.osdobje.si\/index.php?rest_route=\/wp\/v2\/pages\/84","targetHints":{"allow":["GET"]}}],"collection":[{"href":"https:\/\/www.osdobje.si\/index.php?rest_route=\/wp\/v2\/pages"}],"about":[{"href":"https:\/\/www.osdobje.si\/index.php?rest_route=\/wp\/v2\/types\/page"}],"author":[{"embeddable":true,"href":"https:\/\/www.osdobje.si\/index.php?rest_route=\/wp\/v2\/users\/89974"}],"replies":[{"embeddable":true,"href":"https:\/\/www.osdobje.si\/index.php?rest_route=%2Fwp%2Fv2%2Fcomments&post=84"}],"version-history":[{"count":4,"href":"https:\/\/www.osdobje.si\/index.php?rest_route=\/wp\/v2\/pages\/84\/revisions"}],"predecessor-version":[{"id":3258,"href":"https:\/\/www.osdobje.si\/index.php?rest_route=\/wp\/v2\/pages\/84\/revisions\/3258"}],"wp:attachment":[{"href":"https:\/\/www.osdobje.si\/index.php?rest_route=%2Fwp%2Fv2%2Fmedia&parent=84"}],"curies":[{"name":"wp","href":"https:\/\/api.w.org\/{rel}","templated":true}]}}