{"id":75,"date":"2014-07-01T12:25:09","date_gmt":"2014-07-01T10:25:09","guid":{"rendered":"http:\/\/osdobje.splet.arnes.si\/?page_id=75"},"modified":"2025-06-10T12:32:19","modified_gmt":"2025-06-10T10:32:19","slug":"delovni-zvezki-in-potrebscine","status":"publish","type":"page","link":"https:\/\/www.osdobje.si\/?page_id=75","title":{"rendered":"Delovni zvezki in potreb\u0161\u010dine"},"content":{"rendered":"\n<p>V prilo\u017eenih povezavah se nahajata <strong>seznama<\/strong> za delovne zvezke in potreb\u0161\u010dine za <strong>\u0161olsko leto 2025\/26<\/strong>, ki sta bila sprejeta na sestanku sveta star\u0161ev 22. 5. 2025:<\/p>\n\n\n\n<ul class=\"wp-block-list\">\n<li><a href=\"https:\/\/www.osdobje.si\/files\/2025\/05\/Delovni-zvezki-cene-2025-26.pdf\">Delovni zvezki<\/a><\/li>\n\n\n\n<li><a href=\"https:\/\/www.osdobje.si\/files\/2025\/05\/Potrebscine-2025-26.pdf\">Gradiva in potreb\u0161\u010dine<\/a><\/li>\n<\/ul>\n\n\n\n<p><a href=\"https:\/\/www.kopija-nova.si\/enostavno-narocanje\/?id_sole=32240010\">Povezava<\/a> do zalo\u017ebe Kopija nova.<\/p>\n\n\n\n<p><\/p>\n","protected":false},"excerpt":{"rendered":"<p>V prilo\u017eenih povezavah se nahajata seznama za delovne zvezke in potreb\u0161\u010dine za \u0161olsko leto 2025\/26, ki sta bila sprejeta na sestanku sveta star\u0161ev 22. 5. 2025: Povezava do zalo\u017ebe Kopija nova.<\/p>\n","protected":false},"author":89974,"featured_media":0,"parent":0,"menu_order":0,"comment_status":"closed","ping_status":"closed","template":"sidebar-page.php","meta":{"ngg_post_thumbnail":0,"footnotes":""},"class_list":["post-75","page","type-page","status-publish","hentry"],"_links":{"self":[{"href":"https:\/\/www.osdobje.si\/index.php?rest_route=\/wp\/v2\/pages\/75","targetHints":{"allow":["GET"]}}],"collection":[{"href":"https:\/\/www.osdobje.si\/index.php?rest_route=\/wp\/v2\/pages"}],"about":[{"href":"https:\/\/www.osdobje.si\/index.php?rest_route=\/wp\/v2\/types\/page"}],"author":[{"embeddable":true,"href":"https:\/\/www.osdobje.si\/index.php?rest_route=\/wp\/v2\/users\/89974"}],"replies":[{"embeddable":true,"href":"https:\/\/www.osdobje.si\/index.php?rest_route=%2Fwp%2Fv2%2Fcomments&post=75"}],"version-history":[{"count":15,"href":"https:\/\/www.osdobje.si\/index.php?rest_route=\/wp\/v2\/pages\/75\/revisions"}],"predecessor-version":[{"id":4258,"href":"https:\/\/www.osdobje.si\/index.php?rest_route=\/wp\/v2\/pages\/75\/revisions\/4258"}],"wp:attachment":[{"href":"https:\/\/www.osdobje.si\/index.php?rest_route=%2Fwp%2Fv2%2Fmedia&parent=75"}],"curies":[{"name":"wp","href":"https:\/\/api.w.org\/{rel}","templated":true}]}}