{"id":4468,"date":"2026-02-03T09:31:24","date_gmt":"2026-02-03T08:31:24","guid":{"rendered":"https:\/\/osdobje.splet.arnes.si\/?page_id=4468"},"modified":"2026-02-11T11:18:04","modified_gmt":"2026-02-11T10:18:04","slug":"solski-eko-vrtovi-v-vzgojno-izobrazevalnem-okolju-za-doseganje-podnebnih-ciljev","status":"publish","type":"page","link":"https:\/\/www.osdobje.si\/?page_id=4468","title":{"rendered":"\u0160olski eko vrtovi v vzgojno-izobra\u017eevalnem okolju za doseganje podnebnih ciljev"},"content":{"rendered":"\n<figure class=\"wp-block-image size-full\"><a href=\"https:\/\/www.osdobje.si\/files\/2026\/02\/Logo-Solski-eko-vrtovi.png\"><img loading=\"lazy\" decoding=\"async\" width=\"768\" height=\"219\" src=\"https:\/\/www.osdobje.si\/files\/2026\/02\/Logo-Solski-eko-vrtovi.png\" alt=\"\" class=\"wp-image-4469\" srcset=\"https:\/\/www.osdobje.si\/files\/2026\/02\/Logo-Solski-eko-vrtovi.png 768w, https:\/\/www.osdobje.si\/files\/2026\/02\/Logo-Solski-eko-vrtovi-300x86.png 300w, https:\/\/www.osdobje.si\/files\/2026\/02\/Logo-Solski-eko-vrtovi-500x143.png 500w\" sizes=\"auto, (max-width: 768px) 100vw, 768px\" \/><\/a><\/figure>\n\n\n\n<p>Na\u0161a \u0161ola v \u0161olskem letu 2025\/2026 sodeluje v <strong>nacionalnem projektu \u00bb<a href=\"https:\/\/www.zrss.si\/projekti\/solski-eko-vrtovi-v-vzgojno-izobrazevalnem-okolju-za-doseganje-podnebnih-ciljev\/\">\u0160olski eko vrtovi v vzgojno-izobra\u017eevalnem okolju za doseganje podnebnih ciljev<\/a>\u00ab<\/strong>, v katerem sodeluje 113 vzgojno-izobra\u017eevalnih zavodov po Sloveniji. Posebno vlogo v projektu ima tudi na\u0161a \u0161ola, saj je ena izmed desetih \u0161ol v Sloveniji, ki delujejo kot kontaktna to\u010dka za Posavsko regijo. Projekt poteka v sodelovanju z <strong>Zavodom RS za \u0161olstvo<\/strong>, <strong>Ministrstvom za vzgojo in izobra\u017eevanje<\/strong> ter <strong>Ministrstvom za okolje, podnebje in energijo<\/strong> ob podpori zunanjih strokovnjakov.<\/p>\n\n\n\n<p>Glavni namen projekta je <strong>razvoj \u0161olskega eko vrta kot trajnega u\u010dnega okolja<\/strong>, ki spodbuja trajnostno samooskrbo, varovanje okolja ter izkustveno u\u010denje otrok vrtca in u\u010dencev. S projektom \u017eelimo pove\u010dati biotsko raznovrstnost \u0161olskega prostora ter krepiti odgovoren odnos do narave in skupnosti.<\/p>\n\n\n\n<p>Na \u0161olskem eko vrtu bodo otroci, u\u010denci in strokovni delavci skozi prakti\u010dne dejavnosti razvijali:<\/p>\n\n\n\n<ul class=\"wp-block-list\">\n<li><strong>znanje<\/strong> o naravnih procesih, biotski raznovrstnosti in vplivu podnebnih sprememb,<\/li>\n\n\n\n<li><strong>spretnosti<\/strong> trajnostnega vrtnarjenja, uporabe naravnih virov, shranjevanja semen in priprave izdelkov,<\/li>\n\n\n\n<li><strong>vrednote<\/strong>, kot so odgovornost do okolja, sodelovanje, solidarnost in trajnostno naravnana podjetnost.<\/li>\n<\/ul>\n\n\n\n<p>V okviru projekta na\u010drtujemo <strong>infrastrukturne nadgradnje \u0161olskega eko vrta<\/strong>:<\/p>\n\n\n\n<ul class=\"wp-block-list\">\n<li>ureditev <strong>novih polvisokih gred<\/strong>,<\/li>\n\n\n\n<li>zasaditev <strong>zeli\u0161\u010d v novem skalnjaku<\/strong>, <strong>medovitih rastlin<\/strong>,<strong> sadnih dreves ter drugih drevesnih vrst, <\/strong>ki bodo obogatile \u0161olski prostor in nudile senco za bivanje ter u\u010denje na prostem,<\/li>\n\n\n\n<li>postavitev dodatnih <strong>miz<\/strong>,<strong> klopi<\/strong> in <strong>ko\u0161ev za smeti iz naravnih materialov<\/strong> v okolici \u0161ole.<\/li>\n<\/ul>\n\n\n\n<p>S temi spremembami bomo izbolj\u0161ali funkcionalnost in varnost prostora, pove\u010dali raznolikost zasaditev ter omogo\u010dili, da eko vrt postane <strong>celostno, sodobno u\u010dno okolje<\/strong>, namenjeno u\u010denju za trajnostni razvoj in zeleni prehod.<\/p>\n\n\n\n<p>Dejavnosti, ki jih izvajamo v okviru projekta \u0160olski eko vrtovi, objavljamo na dru\u017eabnem omre\u017eju Facebook s pripadajo\u010dim klju\u010dnikom #\u0161olskiekovrt.<\/p>\n\n\n\n<p>Povezava do Facebook strani O\u0160 Dobje: <a href=\"https:\/\/www.facebook.com\/osdobje\/?locale=sl_SI\" target=\"_blank\" rel=\"noreferrer noopener\">https:\/\/www.facebook.com\/osdobje\/<\/a><\/p>\n\n\n\n<figure class=\"wp-block-image size-full\"><a href=\"https:\/\/www.osdobje.si\/files\/2026\/02\/Solski-eko-vrt.png\"><img loading=\"lazy\" decoding=\"async\" width=\"872\" height=\"841\" src=\"https:\/\/www.osdobje.si\/files\/2026\/02\/Solski-eko-vrt.png\" alt=\"\" class=\"wp-image-4470\" srcset=\"https:\/\/www.osdobje.si\/files\/2026\/02\/Solski-eko-vrt.png 872w, https:\/\/www.osdobje.si\/files\/2026\/02\/Solski-eko-vrt-300x289.png 300w, https:\/\/www.osdobje.si\/files\/2026\/02\/Solski-eko-vrt-768x741.png 768w, https:\/\/www.osdobje.si\/files\/2026\/02\/Solski-eko-vrt-311x300.png 311w\" sizes=\"auto, (max-width: 872px) 100vw, 872px\" \/><\/a><figcaption class=\"wp-element-caption\">Idejna zasnova \u0161olskega okoli\u0161a<\/figcaption><\/figure>\n\n\n\n<p>\u010clanice razvojnega tima: Tadeja Senica, Nata\u0161a Gobec, Barbara Hebar, Reneja Sara Centrih Ka\u010di\u010dnik<\/p>\n\n\n\n<p>Koordinatorica projekta: Polona Kova\u010d<\/p>\n","protected":false},"excerpt":{"rendered":"<p>Na\u0161a \u0161ola v \u0161olskem letu 2025\/2026 sodeluje v nacionalnem projektu \u00bb\u0160olski eko vrtovi v vzgojno-izobra\u017eevalnem okolju za doseganje podnebnih ciljev\u00ab, v katerem sodeluje 113 vzgojno-izobra\u017eevalnih zavodov po Sloveniji. Posebno vlogo v projektu ima tudi na\u0161a \u0161ola, saj je ena izmed &hellip; <a href=\"https:\/\/www.osdobje.si\/?page_id=4468\">Beri naprej <span class=\"meta-nav\">&rarr;<\/span><\/a><\/p>\n","protected":false},"author":89974,"featured_media":0,"parent":0,"menu_order":0,"comment_status":"closed","ping_status":"closed","template":"","meta":{"ngg_post_thumbnail":0,"footnotes":""},"class_list":["post-4468","page","type-page","status-publish","hentry"],"_links":{"self":[{"href":"https:\/\/www.osdobje.si\/index.php?rest_route=\/wp\/v2\/pages\/4468","targetHints":{"allow":["GET"]}}],"collection":[{"href":"https:\/\/www.osdobje.si\/index.php?rest_route=\/wp\/v2\/pages"}],"about":[{"href":"https:\/\/www.osdobje.si\/index.php?rest_route=\/wp\/v2\/types\/page"}],"author":[{"embeddable":true,"href":"https:\/\/www.osdobje.si\/index.php?rest_route=\/wp\/v2\/users\/89974"}],"replies":[{"embeddable":true,"href":"https:\/\/www.osdobje.si\/index.php?rest_route=%2Fwp%2Fv2%2Fcomments&post=4468"}],"version-history":[{"count":3,"href":"https:\/\/www.osdobje.si\/index.php?rest_route=\/wp\/v2\/pages\/4468\/revisions"}],"predecessor-version":[{"id":4479,"href":"https:\/\/www.osdobje.si\/index.php?rest_route=\/wp\/v2\/pages\/4468\/revisions\/4479"}],"wp:attachment":[{"href":"https:\/\/www.osdobje.si\/index.php?rest_route=%2Fwp%2Fv2%2Fmedia&parent=4468"}],"curies":[{"name":"wp","href":"https:\/\/api.w.org\/{rel}","templated":true}]}}