{"id":4069,"date":"2024-11-22T10:52:04","date_gmt":"2024-11-22T09:52:04","guid":{"rendered":"https:\/\/osdobje.splet.arnes.si\/?page_id=4069"},"modified":"2025-03-27T12:10:45","modified_gmt":"2025-03-27T11:10:45","slug":"digfit-2024-2026","status":"publish","type":"page","link":"https:\/\/www.osdobje.si\/?page_id=4069","title":{"rendered":"DigFit 2024-2026"},"content":{"rendered":"\n<p>V projektu DigFit sodeluje 10 partnerskih organizacij: vodilni partner \u0160C Kranj, razvojna partnerja Univerza v Mariboru &#8211; Fakulteta za naravoslovje in matematiko ter Arnes, \u0160olski center Velenje in osnovne \u0161ole: Dobje, Bistrica, \u0160marje pri Kopru, dr. Bogomirja Magajne, Ivana Skvar\u010de, Frana Albrehta.<\/p>\n\n\n\n<p>Projekt DigFit bo u\u010diteljem pomagal izbolj\u0161ati digitalne kompetence, kar bo omogo\u010dilo interaktivno in prilagojeno pou\u010devanje ter ve\u010djo vklju\u010denost u\u010dencev.<\/p>\n\n\n\n<p>Na\u010drtujemo vzpostavitev 6 inovativnih oddelkov v dveh letih &#8211; 3 oddelke v prvem in 3 v drugem letu. Izdelanih bo ve\u010d u\u010dnih scenarijev. V proces razvoja u\u010dnih scenarijev bomo vklju\u010dili tudi zunanje partnerje s ciljem povezovanja z lokalnim okoljem in prenosa novih znanj v \u0161olski prostor. Vsak vklju\u010den partner&nbsp; se bo tako povezal z zunanjim okoljem in vklju\u010dil po enega izvajalca.<\/p>\n\n\n\n<p>Aktivnosti, ki se bodo odvijale na Osnovni \u0161oli Dobje, bo koordiniral \u0161olski razvojni tim, v katerem so poleg ravnatelja in digitalnega koordinatorja vklju\u010deni tudi vsaj trije inovativni u\u010ditelji.<\/p>\n\n\n\n<p>V \u010dasu trajanja projekta bomo izvedli 3 tedne aktivnosti in sicer:<\/p>\n\n\n\n<ul class=\"wp-block-list\">\n<li>teden aktivnosti v novembru 2024<\/li>\n\n\n\n<li>teden aktivnosti v januarju 2025<\/li>\n\n\n\n<li>teden aktivnosti v aprilu 2025<\/li>\n<\/ul>\n\n\n\n<p>Ves \u010das trajanja projekta bodo potekale promocijske in diseminacijske aktivnosti, pri \u010demer bomo uporabili ve\u010dkanalni pristop, ki bo zajemal razli\u010dne komunikacijske kanale in aktivnosti, namenjene ozave\u0161\u010danju, informiranju in anga\u017eiranju ciljnih skupin in \u0161ir\u0161e javnosti.<\/p>\n\n\n\n<p>Med kvalitativnimi cilji so razvoj inovativnih pristopov, bolj\u0161a uporaba IKT, mre\u017eenje med \u0161olami in zunanjimi partnerji, spodbujanje kriti\u010dnega mi\u0161ljenja ter vklju\u010devanje star\u0161ev in personalizacija pouka.<\/p>\n\n\n\n<p>Projekt sofinancirata Republika Slovenija, Ministrstvo za vzgojo in izobra\u017eevanje in Evropska unija \u2013 NextGenerationEU&nbsp;v okviru razvojnega podro\u010dja Pametna, trajnostna in vklju\u010dujo\u010da rast, komponente: Krepitev kompetenc, zlasti digitalnih in tistih, ki jih zahtevajo novi poklici in zeleni prehod, za ukrep investicije E: Celovita transformacija (trajnost in odpornost) zelenega in digitalnega izobra\u017eevanja.<\/p>\n\n\n\n<figure class=\"wp-block-image size-large\"><a href=\"https:\/\/www.osdobje.si\/files\/2025\/02\/logo-05-scaled.jpg\"><img loading=\"lazy\" decoding=\"async\" width=\"1024\" height=\"290\" src=\"https:\/\/www.osdobje.si\/files\/2025\/02\/logo-05-1024x290.jpg\" alt=\"\" class=\"wp-image-4148\" srcset=\"https:\/\/www.osdobje.si\/files\/2025\/02\/logo-05-1024x290.jpg 1024w, https:\/\/www.osdobje.si\/files\/2025\/02\/logo-05-300x85.jpg 300w, https:\/\/www.osdobje.si\/files\/2025\/02\/logo-05-768x217.jpg 768w, https:\/\/www.osdobje.si\/files\/2025\/02\/logo-05-1536x435.jpg 1536w, https:\/\/www.osdobje.si\/files\/2025\/02\/logo-05-2048x579.jpg 2048w, https:\/\/www.osdobje.si\/files\/2025\/02\/logo-05-500x141.jpg 500w\" sizes=\"auto, (max-width: 1024px) 100vw, 1024px\" \/><\/a><\/figure>\n\n\n\n<figure class=\"wp-block-image size-full\"><a href=\"https:\/\/www.osdobje.si\/files\/2024\/11\/Dig-fit-2024.png\"><img loading=\"lazy\" decoding=\"async\" width=\"756\" height=\"84\" src=\"https:\/\/www.osdobje.si\/files\/2024\/11\/Dig-fit-2024.png\" alt=\"\" class=\"wp-image-4070\" srcset=\"https:\/\/www.osdobje.si\/files\/2024\/11\/Dig-fit-2024.png 756w, https:\/\/www.osdobje.si\/files\/2024\/11\/Dig-fit-2024-300x33.png 300w, https:\/\/www.osdobje.si\/files\/2024\/11\/Dig-fit-2024-500x56.png 500w\" sizes=\"auto, (max-width: 756px) 100vw, 756px\" \/><\/a><\/figure>\n","protected":false},"excerpt":{"rendered":"<p>V projektu DigFit sodeluje 10 partnerskih organizacij: vodilni partner \u0160C Kranj, razvojna partnerja Univerza v Mariboru &#8211; Fakulteta za naravoslovje in matematiko ter Arnes, \u0160olski center Velenje in osnovne \u0161ole: Dobje, Bistrica, \u0160marje pri Kopru, dr. Bogomirja Magajne, Ivana Skvar\u010de, &hellip; <a href=\"https:\/\/www.osdobje.si\/?page_id=4069\">Beri naprej <span class=\"meta-nav\">&rarr;<\/span><\/a><\/p>\n","protected":false},"author":89974,"featured_media":0,"parent":0,"menu_order":0,"comment_status":"closed","ping_status":"closed","template":"","meta":{"ngg_post_thumbnail":0,"footnotes":""},"class_list":["post-4069","page","type-page","status-publish","hentry"],"_links":{"self":[{"href":"https:\/\/www.osdobje.si\/index.php?rest_route=\/wp\/v2\/pages\/4069","targetHints":{"allow":["GET"]}}],"collection":[{"href":"https:\/\/www.osdobje.si\/index.php?rest_route=\/wp\/v2\/pages"}],"about":[{"href":"https:\/\/www.osdobje.si\/index.php?rest_route=\/wp\/v2\/types\/page"}],"author":[{"embeddable":true,"href":"https:\/\/www.osdobje.si\/index.php?rest_route=\/wp\/v2\/users\/89974"}],"replies":[{"embeddable":true,"href":"https:\/\/www.osdobje.si\/index.php?rest_route=%2Fwp%2Fv2%2Fcomments&post=4069"}],"version-history":[{"count":3,"href":"https:\/\/www.osdobje.si\/index.php?rest_route=\/wp\/v2\/pages\/4069\/revisions"}],"predecessor-version":[{"id":4169,"href":"https:\/\/www.osdobje.si\/index.php?rest_route=\/wp\/v2\/pages\/4069\/revisions\/4169"}],"wp:attachment":[{"href":"https:\/\/www.osdobje.si\/index.php?rest_route=%2Fwp%2Fv2%2Fmedia&parent=4069"}],"curies":[{"name":"wp","href":"https:\/\/api.w.org\/{rel}","templated":true}]}}