{"id":4051,"date":"2024-11-22T10:43:11","date_gmt":"2024-11-22T09:43:11","guid":{"rendered":"https:\/\/osdobje.splet.arnes.si\/?page_id=4051"},"modified":"2024-11-22T13:12:02","modified_gmt":"2024-11-22T12:12:02","slug":"ko-di-ram-ii-digitalne-kompetence-in-racunalnisko-misljenje","status":"publish","type":"page","link":"https:\/\/www.osdobje.si\/?page_id=4051","title":{"rendered":"KO-DI-RAM II: Digitalne kompetence in ra\u010dunalni\u0161ko mi\u0161ljenje"},"content":{"rendered":"\n<p>Projekt KO-DI-RAM II krepi in razvija digitalne kompetence osnovno\u0161olcev in dijakov po Sloveniji. Skozi serijo delavnic programiranja, varnosti na spletu, netikete in uporabe razli\u010dnih digitalnih orodij otroci in mladi pridobivajo temeljna znanja iz ra\u010dunalni\u0161tva in informatike ter krepijo svoje digitalne kompetence.<\/p>\n\n\n\n<p>V projektu sodelujejo Zavod 404, Fakulteta za ra\u010dunalni\u0161tvo in informatiko ter Fakulteta za matematiko in fiziko, s skupino u\u010diteljev in drugih izvajalcev po vsej Sloveniji. Je nadaljevanje uspe\u0161no zaklju\u010denega projekta KO-DI-RAM. Glavni cilj projekta je ustvarjanje pozitivnih u\u010dnih izku\u0161enj, ki bodo mlade spodbudile k samostojnemu in kriti\u010dnemu raziskovanju ter sooblikovanju digitalnega sveta.<\/p>\n\n\n\n<p>Program, ki traja 22 ur in se izvaja kot kro\u017eek po pouku, se osredoto\u010da predvsem na razli\u010dne ravni programiranja, kot so ra\u010dunalni\u0161ko razmi\u0161ljanje, programiranje v razli\u010dnih okoljih in jezikih, ter prakti\u010dno uporabo teh znanj. Vse to je povezano s temami digitalne varnosti, netikete (digitalnega bontona) in z vsemi 21 digitalnimi kompetencami kot so opredeljene v Okviru digitalnih kompetenc 2.2. Poleg tega program pripravlja udele\u017eence na tekmovanja Bober in Pi\u0161ek, ki sta med najve\u010djimi nacionalnimi tekmovanji na podro\u010dju programiranja in ra\u010dunalni\u0161kega razmi\u0161ljanja.<\/p>\n\n\n\n<p>Udele\u017eenci se bodo spoprijemali z izzivi, ki jih obi\u010dajno sre\u010dujemo pri delu z digitalnimi orodji, z vidika podatkov in informacij, komuniciranja in sodelovanja, varnosti, ustvarjalne uporabe digitalnih orodij in re\u0161evanja tehni\u010dnih te\u017eav.<\/p>\n\n\n\n<p>Projekt <strong><em>KO-DI-RAM II: Digitalne kompetence in ra\u010dunalni\u0161ko mi\u0161ljenje<\/em><\/strong> je bil podprt na <em>Javnem razpisu za sofinanciranje usposabljanj otrok in mladih za krepitev digitalnih kompetenc ter spodbujanje in promocijo naravoslovnih in tehni\u0161kih poklicev<\/em>, ki ga razpisuje Ministrstvo za digitalno preobrazbo.<\/p>\n\n\n\n<figure class=\"wp-block-image size-full is-resized\"><a href=\"https:\/\/www.osdobje.si\/files\/2024\/11\/MDP-slo.png\"><img loading=\"lazy\" decoding=\"async\" width=\"959\" height=\"100\" src=\"https:\/\/www.osdobje.si\/files\/2024\/11\/MDP-slo.png\" alt=\"\" class=\"wp-image-4075\" style=\"aspect-ratio:9.59;width:473px;height:auto\" srcset=\"https:\/\/www.osdobje.si\/files\/2024\/11\/MDP-slo.png 959w, https:\/\/www.osdobje.si\/files\/2024\/11\/MDP-slo-300x31.png 300w, https:\/\/www.osdobje.si\/files\/2024\/11\/MDP-slo-768x80.png 768w, https:\/\/www.osdobje.si\/files\/2024\/11\/MDP-slo-500x52.png 500w\" sizes=\"auto, (max-width: 959px) 100vw, 959px\" \/><\/a><\/figure>\n\n\n\n<figure class=\"wp-block-image size-large is-resized\"><a href=\"https:\/\/www.osdobje.si\/files\/2024\/11\/KO-DI-RAM.png\"><img loading=\"lazy\" decoding=\"async\" width=\"1024\" height=\"315\" src=\"https:\/\/www.osdobje.si\/files\/2024\/11\/KO-DI-RAM-1024x315.png\" alt=\"\" class=\"wp-image-4076\" style=\"aspect-ratio:3.250793650793651;width:218px;height:auto\" srcset=\"https:\/\/www.osdobje.si\/files\/2024\/11\/KO-DI-RAM-1024x315.png 1024w, https:\/\/www.osdobje.si\/files\/2024\/11\/KO-DI-RAM-300x92.png 300w, https:\/\/www.osdobje.si\/files\/2024\/11\/KO-DI-RAM-768x236.png 768w, https:\/\/www.osdobje.si\/files\/2024\/11\/KO-DI-RAM-1536x472.png 1536w, https:\/\/www.osdobje.si\/files\/2024\/11\/KO-DI-RAM-500x154.png 500w, https:\/\/www.osdobje.si\/files\/2024\/11\/KO-DI-RAM.png 1572w\" sizes=\"auto, (max-width: 1024px) 100vw, 1024px\" \/><\/a><\/figure>\n\n\n\n<figure class=\"wp-block-image size-full is-resized\"><a href=\"https:\/\/www.osdobje.si\/files\/2024\/11\/DigiSi.svg\"><img decoding=\"async\" src=\"https:\/\/www.osdobje.si\/files\/2024\/11\/DigiSi.svg\" alt=\"\" class=\"wp-image-4077\" style=\"aspect-ratio:2.0134228187919465;width:153px;height:auto\" \/><\/a><\/figure>\n","protected":false},"excerpt":{"rendered":"<p>Projekt KO-DI-RAM II krepi in razvija digitalne kompetence osnovno\u0161olcev in dijakov po Sloveniji. Skozi serijo delavnic programiranja, varnosti na spletu, netikete in uporabe razli\u010dnih digitalnih orodij otroci in mladi pridobivajo temeljna znanja iz ra\u010dunalni\u0161tva in informatike ter krepijo svoje digitalne &hellip; <a href=\"https:\/\/www.osdobje.si\/?page_id=4051\">Beri naprej <span class=\"meta-nav\">&rarr;<\/span><\/a><\/p>\n","protected":false},"author":89974,"featured_media":0,"parent":0,"menu_order":0,"comment_status":"closed","ping_status":"closed","template":"","meta":{"ngg_post_thumbnail":0,"footnotes":""},"class_list":["post-4051","page","type-page","status-publish","hentry"],"_links":{"self":[{"href":"https:\/\/www.osdobje.si\/index.php?rest_route=\/wp\/v2\/pages\/4051","targetHints":{"allow":["GET"]}}],"collection":[{"href":"https:\/\/www.osdobje.si\/index.php?rest_route=\/wp\/v2\/pages"}],"about":[{"href":"https:\/\/www.osdobje.si\/index.php?rest_route=\/wp\/v2\/types\/page"}],"author":[{"embeddable":true,"href":"https:\/\/www.osdobje.si\/index.php?rest_route=\/wp\/v2\/users\/89974"}],"replies":[{"embeddable":true,"href":"https:\/\/www.osdobje.si\/index.php?rest_route=%2Fwp%2Fv2%2Fcomments&post=4051"}],"version-history":[{"count":4,"href":"https:\/\/www.osdobje.si\/index.php?rest_route=\/wp\/v2\/pages\/4051\/revisions"}],"predecessor-version":[{"id":4078,"href":"https:\/\/www.osdobje.si\/index.php?rest_route=\/wp\/v2\/pages\/4051\/revisions\/4078"}],"wp:attachment":[{"href":"https:\/\/www.osdobje.si\/index.php?rest_route=%2Fwp%2Fv2%2Fmedia&parent=4051"}],"curies":[{"name":"wp","href":"https:\/\/api.w.org\/{rel}","templated":true}]}}