{"id":3734,"date":"2024-02-13T11:59:11","date_gmt":"2024-02-13T10:59:11","guid":{"rendered":"https:\/\/osdobje.splet.arnes.si\/?page_id=3734"},"modified":"2024-02-13T12:02:31","modified_gmt":"2024-02-13T11:02:31","slug":"spletna-identiteta-aai-in-eduroam","status":"publish","type":"page","link":"https:\/\/www.osdobje.si\/?page_id=3734","title":{"rendered":"Spletna identiteta AAI in EDUROAM"},"content":{"rendered":"\n<p>Osnovna \u0161ola Dobje u\u010dencem in zaposlenim omogo\u010da uporabo E-identitet (AAI-ra\u010dun). \u0160ola, kot \u010dlanica federacije ArnesAAI tako omogo\u010da svojim uporabnikom dostop do mnogih uporabnih storitev, ki so podprte s strani Arnesa.<\/p>\n\n\n\n<p><a href=\"https:\/\/aai.arnes.si\/storitve\">Seznam storitev Arnes AAI&nbsp; (Arnes)<\/a><\/p>\n\n\n\n<p>Prijave u\u010denci in zaposleni uredijo v \u0161oli. Za pomo\u010d se lahko obrnejo na ROID-a: ernest.rajh@osdobje.si. Geslo pa si lahko sami ponastavite na tej <a href=\"https:\/\/mdm.arnes.si\/Prijava\/Password.aspx\">povezavi<\/a>.<\/p>\n\n\n\n<p>E-identiteta oziroma AAI-ra\u010dun je \u00bbuporabni\u0161ko ime v federaciji ArnesAAI\u00ab, ki ga u\u010denci ali zaposleni dobite na Osnovni \u0161oli Dobje. E-identiteta ima obliko <strong>ime.priimek@osdobje.si<\/strong>. AAI-ra\u010dun za enotno prijavo imate vsi u\u010denci in zaposleni na Osnovni \u0161oli Dobje.<\/p>\n\n\n\n<p>AAI prijava je vrsta enotne prijave za izobra\u017eevalno in raziskovalno sfero v Sloveniji, kjer lahko uporabnik z enim uporabni\u0161kim imenom in geslom dostopa do velikega \u0161tevila uporabnih storitev. Sistemi za enotno prijavo se zdru\u017eujejo v federacijo ArnesAAI, tu kratica AAI pomeni Avtentikacijska in Avtorizacijska Infrastruktura. Federacija ArnesAAI pa je pridru\u017eena tudi interfederaciji EduGAIN, kar pa raz\u0161irja prijavne mo\u017enosti svojih \u010dlanov tudi izven Slovenskih meja. Ve\u010d o interfederaciji v opisu <a href=\"https:\/\/aai.arnes.si\/edugain\">EduGAIN<\/a>.&nbsp;(Vir: Arnes)<\/p>\n\n\n\n<p><strong>Dostop do brez\u017ei\u010dnega omre\u017eja EDUROAM<\/strong><\/p>\n\n\n\n<p>Osnovna \u0161ola Dobje nudi zaposlenim in u\u010dencem mo\u017enost brezpla\u010dnega dostopa do brez\u017ei\u010dnega izobra\u017eevalnega omre\u017eja EDUROAM. Tako dodeljeni dostop ni namenjen komercialni uporabi. EDUROAM je del \u0161olskega omre\u017eja, ki je povezano v omre\u017eje Arnes in evropski sistem, zato zanj veljajo enaka pravila kot za dostop do omre\u017eja Arnes (glej\u00a0<a href=\"http:\/\/www.arnes.si\/dostop\/\">www.arnes.si\/dostop<\/a>). Splo\u0161na navodila za nastavitve EDUROAM omre\u017eja najdete na naslovu\u00a0<a href=\"http:\/\/www.eduroam.si\/\">www.eduroam.si<\/a>.<\/p>\n\n\n\n<p><strong>Pravila uporabe omre\u017eja EDUROAM<\/strong><\/p>\n\n\n\n<p>Dostop do omre\u017eja EDUROAM se dodeljuje zaposlenim in u\u010dencem izklju\u010dno za uporabo v izobra\u017eevalne namene. Osnovna \u0161ola Dobje si pridr\u017euje pravico do ustreznih ukrepov na omre\u017eju EDUROAM, \u010de presodi, da uporabnik nedopustno uporablja omre\u017eje. Med ukrepe spada onemogo\u010danje dostopa oz. odvzem pravice dostopa do omre\u017eja. Za nedopustno uporabo omre\u017eja EDUROAM se \u0161teje vsako ravnanje v obliki storitve ali opustitve, zaradi katerega Osnovna \u0161ola Dobje ali komu tretjemu nastane, ali bi lahko nastala \u0161koda, ali pa uporablja omre\u017eje EDUROAM v nasprotju z nameni, zaradi katerih je bilo omre\u017eje vzpostavljeno. Za nedopustno uporabo omre\u017eja EDUROAM se \u0161teje zlasti:<\/p>\n\n\n\n<ol class=\"wp-block-list\">\n<li>omogo\u010danje dostopa do omre\u017eja tretjim osebam (to vklju\u010duje posojanje dodeljenega uporabni\u0161kega imena komurkoli);<\/li>\n\n\n\n<li>poskus pridobitve in uporabe dostopa, ki je bil dodeljen drugemu uporabniku;<\/li>\n\n\n\n<li>namerno motenje in onemogo\u010danje dela drugih uporabnikov omre\u017eja;<\/li>\n\n\n\n<li>uporaba dostopa do omre\u017eja za pridobitni\u0161ke dejavnosti;<\/li>\n\n\n\n<li>ogla\u0161evanje po elektronski po\u0161ti in po\u0161iljanje veri\u017enih pisem;<\/li>\n\n\n\n<li>uni\u010devanje in spreminjanje podatkov, ki so v lasti drugih uporabnikov;<\/li>\n\n\n\n<li>kr\u0161enje tajnosti ali objava podatkov, ki so v lasti drugih uporabnikov;<\/li>\n\n\n\n<li>objava in po\u0161iljanje podatkov, ki kr\u0161ijo avtorske pravice;<\/li>\n\n\n\n<li>ustvarjanje, po\u0161iljanje ali objavljanje podatkov z \u017ealjivo ali pornografsko vsebino;<\/li>\n\n\n\n<li>posredovanje la\u017enih ali zavajajo\u010dih osebnih podatkov servisom na omre\u017eju;<\/li>\n\n\n\n<li>uporaba servisov, ki niso namenjeni javni uporabi;<\/li>\n\n\n\n<li>uporaba programov ali postopkov, katerih namen ali posledica je krnenje integritete in stabilnega delovanja ra\u010dunalnika, ra\u010dunalni\u0161kega sistema ali omre\u017eja.<\/li>\n<\/ol>\n\n\n\n<p>Osnovna \u0161ola Dobje bo varovala osebne podatke in se obvezuje, da bo delovala v skladu z vso predmetno zakonodajo o varovanju osebnih podatkov, ki velja v Republiki Sloveniji.<\/p>\n","protected":false},"excerpt":{"rendered":"<p>Osnovna \u0161ola Dobje u\u010dencem in zaposlenim omogo\u010da uporabo E-identitet (AAI-ra\u010dun). \u0160ola, kot \u010dlanica federacije ArnesAAI tako omogo\u010da svojim uporabnikom dostop do mnogih uporabnih storitev, ki so podprte s strani Arnesa. Seznam storitev Arnes AAI&nbsp; (Arnes) Prijave u\u010denci in zaposleni uredijo &hellip; <a href=\"https:\/\/www.osdobje.si\/?page_id=3734\">Beri naprej <span class=\"meta-nav\">&rarr;<\/span><\/a><\/p>\n","protected":false},"author":89974,"featured_media":0,"parent":0,"menu_order":0,"comment_status":"closed","ping_status":"closed","template":"","meta":{"ngg_post_thumbnail":0,"footnotes":""},"class_list":["post-3734","page","type-page","status-publish","hentry"],"_links":{"self":[{"href":"https:\/\/www.osdobje.si\/index.php?rest_route=\/wp\/v2\/pages\/3734","targetHints":{"allow":["GET"]}}],"collection":[{"href":"https:\/\/www.osdobje.si\/index.php?rest_route=\/wp\/v2\/pages"}],"about":[{"href":"https:\/\/www.osdobje.si\/index.php?rest_route=\/wp\/v2\/types\/page"}],"author":[{"embeddable":true,"href":"https:\/\/www.osdobje.si\/index.php?rest_route=\/wp\/v2\/users\/89974"}],"replies":[{"embeddable":true,"href":"https:\/\/www.osdobje.si\/index.php?rest_route=%2Fwp%2Fv2%2Fcomments&post=3734"}],"version-history":[{"count":3,"href":"https:\/\/www.osdobje.si\/index.php?rest_route=\/wp\/v2\/pages\/3734\/revisions"}],"predecessor-version":[{"id":3740,"href":"https:\/\/www.osdobje.si\/index.php?rest_route=\/wp\/v2\/pages\/3734\/revisions\/3740"}],"wp:attachment":[{"href":"https:\/\/www.osdobje.si\/index.php?rest_route=%2Fwp%2Fv2%2Fmedia&parent=3734"}],"curies":[{"name":"wp","href":"https:\/\/api.w.org\/{rel}","templated":true}]}}