{"id":3726,"date":"2024-02-12T10:50:41","date_gmt":"2024-02-12T09:50:41","guid":{"rendered":"https:\/\/osdobje.splet.arnes.si\/?page_id=3726"},"modified":"2024-02-12T10:52:41","modified_gmt":"2024-02-12T09:52:41","slug":"digitalna-sola-a-selfie","status":"publish","type":"page","link":"https:\/\/www.osdobje.si\/?page_id=3726","title":{"rendered":"Digitalna \u0161ola (A-Selfie)"},"content":{"rendered":"\n<p>S strani MIZ\u0160 smo bili povabljeni k sodelovanju v mednarodni projekt <strong>A-Selfie<\/strong> v pilotnem evropskem programu <strong>Digital Schools Awards<\/strong>, v okviru katerega smo vrednotili digitalne kompetence zaposlenih in u\u010dence.<\/p>\n\n\n\n<p>Maja 2022 smo dobili naslov <strong>Digitalna \u0161ola<\/strong>. Naslov je v letu 2021 in 2022 prejelo le 18 \u0161ol v Sloveniji.<\/p>\n\n\n\n<p>Evropski program <strong>Digital School Awards<\/strong> (priznanje digitalna \u0161ola) za spodbujanje in prepoznavanje inovacij, sodelovanja in razvoja spretnosti v digitalni tehnologiji med osnovni in srednjimi \u0161olami se je za\u010del v \u0161olskem letu 2020\/21. Program podpirajo Evropska komisija, Erasmus+ (Klju\u010dni ukrep 3 \u2013 Podpora razvoju politik in sodelovanju), nacionalni vladni organi z MIZ\u0160 ter vodilna tehnolo\u0161ka podjetja, kot so HP in AMD ter Microsoft v Sloveniji. Za sodelovanje v pobudi je bilo izbranih ve\u010d kot 90 osnovnih in srednjih \u0161ol iz petih dr\u017eav (Irska, Litva, Slovenija, Srbija in \u0160kotska).<\/p>\n\n\n\n<p>Slu\u017eba za digitalizacijo izobra\u017eevanja MIZ\u0160 je 28. 3. 2022 organizirala zaklju\u010dno sre\u010danje ter sve\u010dano podelitev &#8216;priznanj digitalna \u0161ola&#8217; \u0161olam, ki so sodelovale v pilotnem projektu. Med dobitnicami priznanja je bila tudi <strong>Osnovna \u0161ola Dobje<\/strong> (poleg nas pa \u0161e O\u0160 Bistrica, O\u0160 \u0160en\u010dur, Gimnazija in S\u0160 Rudolfa Maistra Kamnik, SE\u0160 in gimnazija Maribor, O\u0160 Pod\u010detrtek, \u0160C Ljubljana \u2013 Srednja strojna in kemijska \u0161ola, \u0160C Velenje \u2013 Elektro in ra\u010dunalni\u0161ka \u0161ola, O\u0160 Belokranjskega odreda Semi\u010d, O\u0160 bratov Polan\u010di\u010dev Maribor, Gimnazije Celje &#8211; Center, O\u0160 Franceta Pre\u0161erna Kranj in O\u0160 Radlje ob Dravi.<\/p>\n\n\n\n<p>Na slovesni podelitvi nagrad so bili klju\u010dni govorci <strong>Anna Doody<\/strong> iz koordinacijske organizacije programa Digital School Awards, <strong>Primo\u017e Polajnar<\/strong>, generalni direktor HP Inc. Adria ter <strong>g. Borut \u010campelj<\/strong>, predstavnik MIZ\u0160, ki je izpostavil: \u00bbTo, da bo toliko \u0161ol iz vse Slovenije doseglo to priznanje, je dokaz \u0161tevilnih aktivnosti, ki potekajo v celotnem izobra\u017eevalnem sektorju za izbolj\u0161anje digitalnih spretnosti med na\u0161imi mladimi.\u00ab<\/p>\n\n\n\n<p>Ve\u010d o programu Digital School Awards lahko najdete na povezavi: <a href=\"http:\/\/awards4selfie.eu\">awards4selfie.eu<\/a>.<\/p>\n","protected":false},"excerpt":{"rendered":"<p>S strani MIZ\u0160 smo bili povabljeni k sodelovanju v mednarodni projekt A-Selfie v pilotnem evropskem programu Digital Schools Awards, v okviru katerega smo vrednotili digitalne kompetence zaposlenih in u\u010dence. Maja 2022 smo dobili naslov Digitalna \u0161ola. Naslov je v letu &hellip; <a href=\"https:\/\/www.osdobje.si\/?page_id=3726\">Beri naprej <span class=\"meta-nav\">&rarr;<\/span><\/a><\/p>\n","protected":false},"author":89974,"featured_media":0,"parent":0,"menu_order":0,"comment_status":"closed","ping_status":"closed","template":"","meta":{"ngg_post_thumbnail":0,"footnotes":""},"class_list":["post-3726","page","type-page","status-publish","hentry"],"_links":{"self":[{"href":"https:\/\/www.osdobje.si\/index.php?rest_route=\/wp\/v2\/pages\/3726","targetHints":{"allow":["GET"]}}],"collection":[{"href":"https:\/\/www.osdobje.si\/index.php?rest_route=\/wp\/v2\/pages"}],"about":[{"href":"https:\/\/www.osdobje.si\/index.php?rest_route=\/wp\/v2\/types\/page"}],"author":[{"embeddable":true,"href":"https:\/\/www.osdobje.si\/index.php?rest_route=\/wp\/v2\/users\/89974"}],"replies":[{"embeddable":true,"href":"https:\/\/www.osdobje.si\/index.php?rest_route=%2Fwp%2Fv2%2Fcomments&post=3726"}],"version-history":[{"count":2,"href":"https:\/\/www.osdobje.si\/index.php?rest_route=\/wp\/v2\/pages\/3726\/revisions"}],"predecessor-version":[{"id":3729,"href":"https:\/\/www.osdobje.si\/index.php?rest_route=\/wp\/v2\/pages\/3726\/revisions\/3729"}],"wp:attachment":[{"href":"https:\/\/www.osdobje.si\/index.php?rest_route=%2Fwp%2Fv2%2Fmedia&parent=3726"}],"curies":[{"name":"wp","href":"https:\/\/api.w.org\/{rel}","templated":true}]}}