{"id":3361,"date":"2023-06-14T08:49:32","date_gmt":"2023-06-14T06:49:32","guid":{"rendered":"https:\/\/osdobje.splet.arnes.si\/?page_id=3361"},"modified":"2023-06-14T08:49:32","modified_gmt":"2023-06-14T06:49:32","slug":"posodobitev-omrezij-lan-na-viz","status":"publish","type":"page","link":"https:\/\/www.osdobje.si\/?page_id=3361","title":{"rendered":"Posodobitev omre\u017eij LAN na VIZ"},"content":{"rendered":"\n<p>Naziv operacije: Posodobitev ra\u010dunalni\u0161kih omre\u017eij LAN na VIZ v osnovnem in srednjem \u0161olstvu ter organizacijah za izobra\u017eevanje odraslih<\/p>\n\n\n\n<p>Cilji projekta: Namen projekta\u00a0<a rel=\"noreferrer noopener\" href=\"https:\/\/www.arnes.si\/posodobitev-omrezij-lan-na-viz\/\" target=\"_blank\">Posodobitev omre\u017eij LAN na VIZ<\/a>\u00a0je posodobiti ra\u010dunalni\u0161ka omre\u017eja; pregled obstoje\u010dega stanja, izdelava na\u010drta posodobitve, izvedba posodobitve \u2013 nadgradnja aktivne in pasivne opreme v osnovnem in srednjem \u0161olstvu ter na organizacijah izobra\u017eevanja za odrasle. Skupna vrednost programa zna\u0161a 5.533.333,81 \u20ac, sredstva mehanizma za okrevanje in odpornost zna\u0161ajo 4.605.647 \u20ac.<\/p>\n\n\n\n<p>Na\u010drt za okrevanje in odpornost (NOO) je podlaga za kori\u0161\u010denje sredstev evropskega Mehanizma za okrevanje in odpornost. Pripomogel bo k okrevanju slovenskega gospodarstva in prispeval k bla\u017eitvi socialnih posledic pandemije covida-19. Z izvedbo na\u010drtovanih reform in nalo\u017eb za zeleni in digitalni prehod bo slovenska dru\u017eba bolj trajnostna, odpornej\u0161a in bolje pripravljena na izzive prihodnosti. NOO sofinancirata Evropska unija in Ministrstvo za vzgojo in izobra\u017eevanje v okviru odziva Unije na pandemijo COVID-19.<\/p>\n\n\n\n<p>Vse informacije o izvajanju Na\u010drta za okrevanje in odpornost v Republiki Sloveniji najdete na spletni strani\u00a0<a rel=\"noreferrer noopener\" href=\"https:\/\/www.gov.si\/zbirke\/projekti-in-programi\/nacrt-za-okrevanje-in-odpornost\" target=\"_blank\">noo.gov.si<\/a>.<\/p>\n\n\n\n<figure class=\"wp-block-image size-full\"><a href=\"https:\/\/www.osdobje.si\/files\/2023\/06\/Logo-NOO-Arnes-MZVI-EU.png\"><img loading=\"lazy\" decoding=\"async\" width=\"877\" height=\"90\" src=\"https:\/\/www.osdobje.si\/files\/2023\/06\/Logo-NOO-Arnes-MZVI-EU.png\" alt=\"\" class=\"wp-image-3362\" srcset=\"https:\/\/www.osdobje.si\/files\/2023\/06\/Logo-NOO-Arnes-MZVI-EU.png 877w, https:\/\/www.osdobje.si\/files\/2023\/06\/Logo-NOO-Arnes-MZVI-EU-300x31.png 300w, https:\/\/www.osdobje.si\/files\/2023\/06\/Logo-NOO-Arnes-MZVI-EU-768x79.png 768w, https:\/\/www.osdobje.si\/files\/2023\/06\/Logo-NOO-Arnes-MZVI-EU-500x51.png 500w\" sizes=\"auto, (max-width: 877px) 100vw, 877px\" \/><\/a><\/figure>\n","protected":false},"excerpt":{"rendered":"<p>Naziv operacije: Posodobitev ra\u010dunalni\u0161kih omre\u017eij LAN na VIZ v osnovnem in srednjem \u0161olstvu ter organizacijah za izobra\u017eevanje odraslih Cilji projekta: Namen projekta\u00a0Posodobitev omre\u017eij LAN na VIZ\u00a0je posodobiti ra\u010dunalni\u0161ka omre\u017eja; pregled obstoje\u010dega stanja, izdelava na\u010drta posodobitve, izvedba posodobitve \u2013 nadgradnja aktivne &hellip; <a href=\"https:\/\/www.osdobje.si\/?page_id=3361\">Beri naprej <span class=\"meta-nav\">&rarr;<\/span><\/a><\/p>\n","protected":false},"author":89974,"featured_media":0,"parent":0,"menu_order":0,"comment_status":"closed","ping_status":"closed","template":"","meta":{"ngg_post_thumbnail":0,"footnotes":""},"class_list":["post-3361","page","type-page","status-publish","hentry"],"_links":{"self":[{"href":"https:\/\/www.osdobje.si\/index.php?rest_route=\/wp\/v2\/pages\/3361","targetHints":{"allow":["GET"]}}],"collection":[{"href":"https:\/\/www.osdobje.si\/index.php?rest_route=\/wp\/v2\/pages"}],"about":[{"href":"https:\/\/www.osdobje.si\/index.php?rest_route=\/wp\/v2\/types\/page"}],"author":[{"embeddable":true,"href":"https:\/\/www.osdobje.si\/index.php?rest_route=\/wp\/v2\/users\/89974"}],"replies":[{"embeddable":true,"href":"https:\/\/www.osdobje.si\/index.php?rest_route=%2Fwp%2Fv2%2Fcomments&post=3361"}],"version-history":[{"count":1,"href":"https:\/\/www.osdobje.si\/index.php?rest_route=\/wp\/v2\/pages\/3361\/revisions"}],"predecessor-version":[{"id":3363,"href":"https:\/\/www.osdobje.si\/index.php?rest_route=\/wp\/v2\/pages\/3361\/revisions\/3363"}],"wp:attachment":[{"href":"https:\/\/www.osdobje.si\/index.php?rest_route=%2Fwp%2Fv2%2Fmedia&parent=3361"}],"curies":[{"name":"wp","href":"https:\/\/api.w.org\/{rel}","templated":true}]}}