{"id":3310,"date":"2023-06-06T11:39:16","date_gmt":"2023-06-06T09:39:16","guid":{"rendered":"https:\/\/osdobje.splet.arnes.si\/?page_id=3310"},"modified":"2023-06-15T10:31:55","modified_gmt":"2023-06-15T08:31:55","slug":"informacije-po-zakonu-o-zasciti-prijaviteljev","status":"publish","type":"page","link":"https:\/\/www.osdobje.si\/?page_id=3310","title":{"rendered":"Informacije po zakonu o za\u0161\u010diti prijaviteljev"},"content":{"rendered":"\n<p><\/p>\n\n\n\n<p>\u0160ola je zavezanec za obravnavo prijav v t.i. notranjem postopku.<\/p>\n\n\n\n<p><strong>Pomembne povezave:<\/strong><\/p>\n\n\n\n<ul class=\"wp-block-list\"><li><a href=\"https:\/\/www.osdobje.si\/files\/2023\/05\/Pravilnik-o-notranji-poti-za-prijavo-krsitev-1.pdf\">Notranji akt o dolo\u010ditvi notranje poti za prijavo<\/a>;<\/li><li><a href=\"https:\/\/www.osdobje.si\/files\/2023\/06\/Obrazec-notranje-prijave-krsitve-predpisa-1.pdf\">obrazec za notranjo prijavo<\/a>;<\/li><li><a href=\"https:\/\/www.uradni-list.si\/glasilo-uradni-list-rs\/vsebina\/2023-01-0301\/zakon-o-zasciti-prijaviteljev-zzpri\">Zakon o za\u0161\u010diti prijaviteljev<\/a>; ZZpri.<\/li><\/ul>\n\n\n\n<p><strong>Kaj je prijava kr\u0161itev?<\/strong><\/p>\n\n\n\n<p>Ali menite, da je v \u0161oli pri\u0161lo do kr\u0161itve predpisov? \u010ce je tako, lahko to kr\u0161itev prijavite zaupniku: <strong>Marija Bla\u017ei\u010d.<\/strong><\/p>\n\n\n\n<p>Zaupnik bo poskrbel, da se bodo kr\u0161itve iz utemeljenih prijav odpravile oziroma se prepre\u010dile prihodnje kr\u0161itve. Pri tem je dol\u017ean varovati va\u0161o identiteto. V primeru povra\u010dilnih ukrepov boste dele\u017eni za\u0161\u010dite, kot jo dolo\u010da ZZPri.<\/p>\n\n\n\n<p>Kr\u0161itve lahko prijavite pisno ali ustno prek:<\/p>\n\n\n\n<ul class=\"wp-block-list\"><li>e-po\u0161te <a href=\"mailto:notranja.prijava@osdobje.si\">notranja.prijava@osdobje.si<\/a>;<\/li><li>navadne po\u0161te: Osnovna \u0161ola Dobje, Dobje pri Planini 20 a, 3224 Dobje pri Planini (s pripisom \u00bbv roke zaupniku za notranjo prijavo po ZZPri\u00ab) ali<\/li><li>osebno po predhodnem dogovoru z zaupnikom.<\/li><\/ul>\n\n\n\n<p>Zaupnik obravnava tudi anonimne prijave. V tem primeru boste povratne informacije dobili le, \u010de boste v prijavi opredelili, na kak\u0161en na\u010din vas lahko zaupnik kontaktira.<\/p>\n\n\n\n<p><strong>Kak\u0161no za\u0161\u010dito lahko pri\u010dakujete?<\/strong><\/p>\n\n\n\n<p>Prijavo kr\u0161itev znotraj delovnega okolja pogosto spremlja ob\u010dutek nelagodja in strahu pred povra\u010dilnimi ukrepi. \u0160ola je zavezana k odpravljanju nepravilnosti in vodstvo ne namerava in tudi ne sme izvajati povra\u010dilnih ukrepov zoper prijavitelje, ki v dobri veri prijavijo nepravilnosti.<\/p>\n\n\n\n<p>Va\u0161o prijavo bo neposredno prejel zaupnik. Podatki o prijavitelju bodo znani le zaupniku, ki jih ne bo razkril nikomur (poskus ugotavljanja identitete prijavitelja in razkritje podatkov o prijavitelju predstavljata prekr\u0161ek, za katerega ZZPri predpisuje globo). Vsebina prijave bo po potrebi razkrita posameznikom, ki bodo sodelovali pri odpravljanju prijavljenih nepravilnosti.<\/p>\n\n\n\n<p>V primeru, ko bi kdorkoli ugotavljal identiteto prijavitelja, je tak\u0161no ravnanje kr\u0161itev, ki jo lahko prijavite Komisiji za prepre\u010devanje korupcije. Zaupnik vam bo tudi svetoval, na katero zunanjo institucijo se lahko obrnete, \u010de prijave ne bo mogo\u010de ustrezno obravnavati znotraj \u0161ole.<\/p>\n\n\n\n<p>Zaupnik vam bo po potrebi izdal tudi potrdilo o vlo\u017eeni prijavi, v kolikor ga boste potrebovali v drugih uradnih postopkih.<\/p>\n\n\n\n<p><strong>Kdaj ste upravi\u010deni do za\u0161\u010dite?<\/strong><\/p>\n\n\n\n<p>Do za\u0161\u010ditnih in podpornih ukrepov v skladu z Zakonom o za\u0161\u010diti prijaviteljev so upravi\u010deni prijavitelji, ki so fizi\u010dne osebe in so podali prijavo o kr\u0161itvi znotraj svojega delovnega okolja, zaradi \u010desar se proti njim izvajajo ali se lahko izvajajo povra\u010dilni ukrepi.<\/p>\n\n\n\n<p>Za\u0161\u010dita se zagotavlja prijaviteljem, ki so prijavo podali v dobri veri (ob podaji prijave so verjeli, da so informacije resni\u010dne). Prijavitelji, ki vedoma podajo la\u017eno prijavo, niso upravi\u010deni do za\u0161\u010dite, tak\u0161na prijava lahko pomeni tudi storitev prekr\u0161ka.<\/p>\n\n\n\n<p>Za\u0161\u010dita prijaviteljev velja za prijavljene kr\u0161itve, ki \u0161e trajajo oziroma so se zgodile ali prenehale pred manj kot dvema letoma. Prijavo je torej treba podati \u010dim prej.<\/p>\n\n\n\n<p><strong>Kak\u0161en je postopek obravnave prijave?<\/strong><\/p>\n\n\n\n<p>Ko zaupnik prejme prijavo, izvede predhodni preizkus. To pomeni, da preveri zakonske pogoje za obravnavo prijave.<\/p>\n\n\n\n<p>Predhodni preizkus zaupnik izvede v sedmih dneh in o tem obvesti prijavitelja. \u010ce zaupnik prijavo sprejme v obravnavo, se postopek nadaljuje, v nasprotnem pa prijavitelja obvesti o tem, da prijave ne bo obravnaval, in pojasni razloge. Po potrebi lahko zaupnik kontaktira prijavitelja za posredovanje dodatnih podatkov, ki mu bodo omogo\u010dili celovito obravnavo prijave.<\/p>\n\n\n\n<p>V nadaljevanju obravnave zaupnik oceni, kdo znotraj organizacije lahko pomaga pri preiskavi kr\u0161itve in izvedbi ukrepov za odpravo kr\u0161itve. Te osebe seznani z vsebino prijave, ne pa tudi s podatki o prijavitelju. \u010ce bo treba za razre\u0161itev prijave druge osebe seznaniti z osebnimi podatki prijavitelja (ker se npr. kr\u0161itev nana\u0161a nanj osebno), ga bo zaupnik zaprosil za soglasje za razkritje osebnih podatkov. \u010ce brez soglasja prijavitelja ne bo mogo\u010de nadaljevati s postopkom, le-ta pa se z razkritjem ne strinja, bo postopek ustavljen. \u010ce bo to potrebno, bo pri preiskavi kr\u0161itve sodeloval odvetnik ali revizor, ki bo tudi seznanjen z vsebino prijave.<\/p>\n\n\n\n<p>Z vsebino prijave (ne pa tudi s podatki o prijavitelju) bo seznanjena tudi oseba, na katero se prijava nana\u0161a (kr\u0161itelj), ki bo lahko v postopku sodelovala in \u0161\u010ditila svoje interese, \u010de je to v konkretnem primeru ustrezno.<\/p>\n\n\n\n<p>V postopku ugotovljene kr\u0161itve bodo odpravljene v najkraj\u0161em roku. Zaupnik bo po potrebi o kr\u0161itvah obvestil tudi pristojne organe, kadar je prijava kr\u0161itev zunanjim organom obvezna, in naznanil kaznivo dejanje oziroma vlo\u017eil kazensko ovadbo v primeru, ko bi pri ugotovljeni kr\u0161itvi \u0161lo za kaznivo dejanje, katerega storilec se preganja po uradni dol\u017enosti. V slednjem primeru bo zaupnik va\u0161e osebne podatke posredoval dr\u017eavnemu to\u017eilstvu le na obrazlo\u017eeno zahtevo, \u010de bo to nujno potrebno zaradi preiskovanja kaznivih dejanj.<\/p>\n\n\n\n<p>Ob zaklju\u010dku postopka zaupnik prijavitelja seznani z izidom postopka ter predlaganih in izvedenih ukrepih. \u010ce postopek \u0161e ne bo kon\u010dan po treh mesecih, bo zaupnik prijavitelja obvestil o trenutnem stanju zadeve. Zaupnik bo o izidu postopka obvestil tudi vodstvo (ravnatelja), pri \u010demer v poro\u010dilu ne bo navajal osebnih podatkov prijavitelja.<\/p>\n\n\n\n<p><strong>Kaj storiti v primeru povra\u010dilnih ukrepov?<\/strong><\/p>\n\n\n\n<p>Za povra\u010dilne ukrepe veljajo tisti ukrepi, s katerimi se poslab\u0161a polo\u017eaj prijavitelja in so posledica vlo\u017eene prijave. Med njimi so na primer opozorilo pred odpovedjo oz. odpoved delovnega razmerja, disciplinske sankcije, premestitev, nadlegovanje, neenaka obravnava in podobno.<\/p>\n\n\n\n<p>Izvajanje povra\u010dilnih ukrepov je prepovedano in lahko predstavlja prekr\u0161ek. V primeru povra\u010dilnih ukrepov je mo\u017eno vlo\u017eiti zahtevo za za\u010dasno odredbo, s katero sodi\u0161\u010de delodajalcu odredi ustavitev povra\u010dilnih ukrepov. \u010ce bi bili delovnopravni ukrepi \u017ee izvr\u0161eni, je mo\u017ena tudi to\u017eba na delovnem sodi\u0161\u010du. V primeru odpovedi delovnega razmerja je prijavitelj upravi\u010den tudi do nadomestila za brezposelnost, in sicer ne glede na razlog odpovedi (tudi \u010de je iz krivdnih razlogov), \u010de s potrdilom Komisije za prepre\u010devanje korupcije izka\u017ee, da je upravi\u010den do za\u0161\u010dite po ZZPri.<\/p>\n\n\n\n<p><strong>Kdaj lahko zaupnik razkrije identiteto prijavitelja?<\/strong><\/p>\n\n\n\n<p>Zaupnik lahko identiteto prijavitelja razkrije v treh primerih:<\/p>\n\n\n\n<ul class=\"wp-block-list\"><li>\u010de se prijavitelj strinja z razkritjem (zaupnik ga bo prosil za soglasje);<\/li><li>\u010de to zahteva dr\u017eavni to\u017eilec, kadar je to nujno potrebno zaradi preiskovanja kaznivih dejanj (o razkritju identitete to\u017eilstvu je prijavitelj predhodno obve\u0161\u010den);<\/li><li>\u010de to zahteva sodi\u0161\u010de, ko je to potrebno zaradi sodnih postopkov, vklju\u010dno s sodnimi postopki zaradi za\u0161\u010dite pravice osebe, ki jo prijava zadeva (o razkritju identitete sodi\u0161\u010du je prijavitelj predhodno obve\u0161\u010den).<\/li><\/ul>\n\n\n\n<p>Ne glede na navedeno ne sme nih\u010de razkriti identitete prijavitelja, \u010de bi razkritje ogrozilo \u017eivljenje ali resno ogrozilo javni interes, varnost ali obrambo dr\u017eave.<\/p>\n\n\n\n<p><strong>Izklju\u010ditev odgovornosti glede razkritja<\/strong><\/p>\n\n\n\n<p>Prijavitelj, ki informacije o kr\u0161itvah prijavi ali javno razkrije v skladu z ZZPri, ne kr\u0161i nobene omejitve ali prepovedi glede razkritja informacij in ne nosi nobene odgovornosti, povezane s tak\u0161no prijavo ali javnim razkritjem, pod pogojem, da ni prijavil ali javno razkril neresni\u010dnih informacij in je na podlagi utemeljenih razlogov menil, da je bila prijava ali javno razkritje tak\u0161nih informacij nujno za razkritje kr\u0161itve na podlagi zakona.<\/p>\n\n\n\n<p>Navedeno se ne uporablja glede omejitev razkritja informacij, dolo\u010denih s predpisi na podro\u010dju varovanja tajnih podatkov, poklicne skrivnosti odvetnikov ter zdravstvenih delavcev in zdravstvenih sodelavcev, tajnosti sodnih posvetovanj in pravil kazenskega postopka.<\/p>\n\n\n\n<p>Ne glede na dolo\u010dbe zakona, ki ureja poslovno skrivnost, prijava ali javno razkritje informacij, ki vklju\u010dujejo poslovne skrivnosti, ni protipravno, \u010de ju prijavitelj prijavi ali razkrije v skladu z ZZPri.<\/p>\n\n\n\n<p><strong>Organi za zunanjo prijavo:<\/strong><\/p>\n\n\n\n<ol class=\"wp-block-list\" type=\"1\"><li>Agencija za komunikacijska omre\u017eja in storitve;<\/li><li>Agencija za trg vrednostnih papirjev;<\/li><li>Agencija za varstvo konkurence;<\/li><li>Agencija za varnost prometa;<\/li><li>Agencija za zavarovalni nadzor;<\/li><li>Agencija za javni nadzor nad revidiranjem;<\/li><li>Banka Slovenije;<\/li><li>Dr\u017eavna revizijska komisija;<\/li><li>Finan\u010dna uprava;<\/li><li>Tr\u017eni in\u0161pektorat;<\/li><li>Urad za prepre\u010devanje pranja denarja;<\/li><li>Informacijski poobla\u0161\u010denec;<\/li><li>In\u0161pekcija za informacijsko varnost;<\/li><li>In\u0161pekcija za sevalno in jedrsko varnost;<\/li><li>In\u0161pekcija za varstvo pred sevanji;<\/li><li>In\u0161pekcija za varno hrano, veterinarstvo in varstvo rastlin;<\/li><li>In\u0161pektorat za delo;<\/li><li>In\u0161pektorat za javni sektor;<\/li><li>In\u0161pektorat za okolje in prostor;<\/li><li>Javna agencija za zdravila in medicinske pripomo\u010dke;<\/li><li>Organi nadzora v skladu s predpisi, ki urejajo porabo sredstev evropske kohezijske politike v Republiki Sloveniji;<\/li><li>Zdravstveni in\u0161pektorat;<\/li><li>Slovenski dr\u017eavni holding in<\/li><li>Komisija za prepre\u010devanje korupcije.<\/li><\/ol>\n\n\n\n<p><strong>Zaupnost:<\/strong><\/p>\n\n\n\n<p>Vsa poro\u010dila se obravnavajo zaupno v skladu z ZZPri, Zakonom o varstvu osebnih podatkov (ZVOP-2) in Splo\u0161no uredbo o varstvu podatkov. Varujemo osebne podatke in zagotavljamo ustrezno za\u0161\u010dito tako za prijavitelja kot za osebo, na katero se nana\u0161a prijava.<\/p>\n\n\n\n<p>Na <a href=\"https:\/\/www.osdobje.si\/files\/2023\/06\/Informacije-o-obdelavi-os.-podatkov-za-posameznike.pdf\">povezavi<\/a> so dostopne informacije o obdelavi osebnih podatkov.<\/p>\n","protected":false},"excerpt":{"rendered":"<p>\u0160ola je zavezanec za obravnavo prijav v t.i. notranjem postopku. Pomembne povezave: Notranji akt o dolo\u010ditvi notranje poti za prijavo; obrazec za notranjo prijavo; Zakon o za\u0161\u010diti prijaviteljev; ZZpri. Kaj je prijava kr\u0161itev? Ali menite, da je v \u0161oli pri\u0161lo &hellip; <a href=\"https:\/\/www.osdobje.si\/?page_id=3310\">Beri naprej <span class=\"meta-nav\">&rarr;<\/span><\/a><\/p>\n","protected":false},"author":89974,"featured_media":0,"parent":0,"menu_order":0,"comment_status":"closed","ping_status":"closed","template":"","meta":{"ngg_post_thumbnail":0,"footnotes":""},"class_list":["post-3310","page","type-page","status-publish","hentry"],"_links":{"self":[{"href":"https:\/\/www.osdobje.si\/index.php?rest_route=\/wp\/v2\/pages\/3310","targetHints":{"allow":["GET"]}}],"collection":[{"href":"https:\/\/www.osdobje.si\/index.php?rest_route=\/wp\/v2\/pages"}],"about":[{"href":"https:\/\/www.osdobje.si\/index.php?rest_route=\/wp\/v2\/types\/page"}],"author":[{"embeddable":true,"href":"https:\/\/www.osdobje.si\/index.php?rest_route=\/wp\/v2\/users\/89974"}],"replies":[{"embeddable":true,"href":"https:\/\/www.osdobje.si\/index.php?rest_route=%2Fwp%2Fv2%2Fcomments&post=3310"}],"version-history":[{"count":5,"href":"https:\/\/www.osdobje.si\/index.php?rest_route=\/wp\/v2\/pages\/3310\/revisions"}],"predecessor-version":[{"id":3426,"href":"https:\/\/www.osdobje.si\/index.php?rest_route=\/wp\/v2\/pages\/3310\/revisions\/3426"}],"wp:attachment":[{"href":"https:\/\/www.osdobje.si\/index.php?rest_route=%2Fwp%2Fv2%2Fmedia&parent=3310"}],"curies":[{"name":"wp","href":"https:\/\/api.w.org\/{rel}","templated":true}]}}