{"id":3286,"date":"2023-04-24T11:55:12","date_gmt":"2023-04-24T09:55:12","guid":{"rendered":"https:\/\/osdobje.splet.arnes.si\/?page_id=3286"},"modified":"2023-04-24T11:55:13","modified_gmt":"2023-04-24T09:55:13","slug":"posebni-predpisi-za-osnovne-sole","status":"publish","type":"page","link":"https:\/\/www.osdobje.si\/?page_id=3286","title":{"rendered":"Posebni predpisi za osnovne \u0161ole"},"content":{"rendered":"\n<ul class=\"wp-block-list\"><li>Odredba o posodobitvah u\u010dnih na\u010drtov programa \u017eivljenje in delo osnovne \u0161ole;<\/li><li>Odredba o postopnem uvajanju programa 9-letne osnovne \u0161ole;<\/li><li>Odredba o vzgojno-izobra\u017eevalnem programu osnovna \u0161ola;<\/li><li>Pravilnik o dokumentaciji v 9-letni osnovni \u0161oli;<\/li><li>Pravilnik o dokumentaciji v O\u0160;<\/li><li>Pravilnik o financiranju \u0161ole v naravi;<\/li><li>Pravilnik o izvajanju diferenciacije pri pouku v osnovni \u0161oli;<\/li><li>Pravilnik o izvajanju poskusa fleksibilnega predmetnika v osnovni \u0161oli;<\/li><li>Pravilnik o nacionalnem preverjanju znanja v osnovni \u0161oli;<\/li><li>Pravilnik o normativih in standardih za izvajanje programa osnovne \u0161ole;<\/li><li>Pravilnik o normativih in standardih za izvajanje programa osnovne \u0161ole v dvojezi\u010dnih osnovnih \u0161olah in osnovnih \u0161olah z italijanskim u\u010dnim jezikom;<\/li><li>Pravilnik o pravicah in dol\u017enostih u\u010dencev v osnovni \u0161oli;<\/li><li>Pravilnik o preverjanju in ocenjevanju znanja ter napredovanju u\u010dencev v O\u0160;<\/li><li>Pravilnik o preverjanju in ocenjevanju znanja ter napredovanju u\u010dencev v 9-letni osnovni \u0161oli;<\/li><li>Pravilnik o prilagojenih izobra\u017eevalnih programih devetletne osnovne \u0161ole;<\/li><li>Pravilnik o publikaciji v O\u0160;<\/li><li>Pravilnik o smeri izobrazbe strokovnih delavcev v devetletni osnovni \u0161oli;<\/li><li>Pravilnik o subvencioniranju \u0161olske prehrane u\u010dencev v osnovnih \u0161olah;<\/li><li>Pravilnik o \u0161olskem koledarju za O\u0160;<\/li><li>Pravilnik o zbiranju in varstvu osebnih podatkov na podro\u010dju osnovno\u0161olskega izobra\u017eevanja;<\/li><li>Zakon o osnovni \u0161oli.<\/li><\/ul>\n","protected":false},"excerpt":{"rendered":"<p>Odredba o posodobitvah u\u010dnih na\u010drtov programa \u017eivljenje in delo osnovne \u0161ole; Odredba o postopnem uvajanju programa 9-letne osnovne \u0161ole; Odredba o vzgojno-izobra\u017eevalnem programu osnovna \u0161ola; Pravilnik o dokumentaciji v 9-letni osnovni \u0161oli; Pravilnik o dokumentaciji v O\u0160; Pravilnik o financiranju &hellip; <a href=\"https:\/\/www.osdobje.si\/?page_id=3286\">Beri naprej <span class=\"meta-nav\">&rarr;<\/span><\/a><\/p>\n","protected":false},"author":89974,"featured_media":0,"parent":0,"menu_order":0,"comment_status":"closed","ping_status":"closed","template":"","meta":{"ngg_post_thumbnail":0,"footnotes":""},"class_list":["post-3286","page","type-page","status-publish","hentry"],"_links":{"self":[{"href":"https:\/\/www.osdobje.si\/index.php?rest_route=\/wp\/v2\/pages\/3286","targetHints":{"allow":["GET"]}}],"collection":[{"href":"https:\/\/www.osdobje.si\/index.php?rest_route=\/wp\/v2\/pages"}],"about":[{"href":"https:\/\/www.osdobje.si\/index.php?rest_route=\/wp\/v2\/types\/page"}],"author":[{"embeddable":true,"href":"https:\/\/www.osdobje.si\/index.php?rest_route=\/wp\/v2\/users\/89974"}],"replies":[{"embeddable":true,"href":"https:\/\/www.osdobje.si\/index.php?rest_route=%2Fwp%2Fv2%2Fcomments&post=3286"}],"version-history":[{"count":1,"href":"https:\/\/www.osdobje.si\/index.php?rest_route=\/wp\/v2\/pages\/3286\/revisions"}],"predecessor-version":[{"id":3287,"href":"https:\/\/www.osdobje.si\/index.php?rest_route=\/wp\/v2\/pages\/3286\/revisions\/3287"}],"wp:attachment":[{"href":"https:\/\/www.osdobje.si\/index.php?rest_route=%2Fwp%2Fv2%2Fmedia&parent=3286"}],"curies":[{"name":"wp","href":"https:\/\/api.w.org\/{rel}","templated":true}]}}