{"id":3282,"date":"2023-04-24T11:50:08","date_gmt":"2023-04-24T09:50:08","guid":{"rendered":"https:\/\/osdobje.splet.arnes.si\/?page_id=3282"},"modified":"2023-06-19T09:38:12","modified_gmt":"2023-06-19T07:38:12","slug":"notranji-akti","status":"publish","type":"page","link":"https:\/\/www.osdobje.si\/?page_id=3282","title":{"rendered":"Notranji akti"},"content":{"rendered":"\n<ul class=\"wp-block-list\"><li><a href=\"https:\/\/www.osdobje.si\/files\/2023\/05\/Pravilnik-o-notranji-poti-za-prijavo-krsitev-1.pdf\">Pravilnik o notranji poti za prijavo kr\u0161itev<\/a> (24. 5. 2023);<\/li><li><a href=\"https:\/\/www.osdobje.si\/files\/2023\/06\/Pravila-solske-prehrane-OS-Dobje.pdf\">Pravila \u0161olske prehrane<\/a> (26. 9. 2019);<\/li><li><a href=\"https:\/\/www.osdobje.si\/files\/2023\/06\/Informacije-o-obdelavi-os.-podatkov-za-posameznike.pdf\">Informacije o obdelavi osebnih podatkov za posameznike<\/a> v O\u0160 Dobje (15. 8. 2018);<\/li><li><a href=\"https:\/\/www.osdobje.si\/files\/2023\/06\/Pravilnik-o-obdelavi-osebnih-podatkov.pdf\">Pravilnik o varstvu osebnih podatkov<\/a> v O\u0160 Dobje (1. 8. 2018);<\/li><li>Pravilnik o poslovnem, obratovalnem in delovnem \u010dasu ter uradnih urah (23. 8. 2012);<\/li><li>Pravilnik o varnosti otrok v enoti vrtec Dobje pri Planini (23. 8. 2012);<\/li><li>Pravilnik o nabavi, hrambi in uporabi pe\u010datov (23. 8. 2012);<\/li><li>Na\u010drt integritete (maj 2012);<\/li><li>Pravilnik o ukrepih delodajalca za za\u0161\u010dito delavcev pred spolnim in drugim trpin\u010denjem na delovnem mestu (4. 2. 2009);<\/li><li>Pravila o podrobnem postopku pridobitve statusa in prilagajanju \u0161olskih obveznosti za u\u010dence s statusom (veljajo od 10. 10. 2008);<\/li><li>Pravilnik o popisu (10. 1. 2008);<\/li><li>Pravila o kriterijih o podeljevanju pohval, priznanj in nagrad (14. 5. 2007);<\/li><li>Pravilnik o arhiviranju arhivskega dokumentarnega gradiva v Osnovni \u0161oli Dobje (4. 5. 2007);<\/li><li>Pravilnik o poslovni skrivnosti (24. 4. 2007);<\/li><li>Pravila o postopkih oddaje naro\u010dil male vrednosti (5. 12. 2006);<\/li><li>Pravila o ra\u010dunovodstvu (23. 11. 2006);<\/li><li>Pravilnik o upravljanju u\u010dbeni\u0161kega sklada (17. 5. 2002);<\/li><li>Sistemizacija delovnih mest (1. 9. 2001);<\/li><li>Pravilnik o uporabi slu\u017ebenih vozil (20. 10. 1997).<\/li><\/ul>\n","protected":false},"excerpt":{"rendered":"<p>Pravilnik o notranji poti za prijavo kr\u0161itev (24. 5. 2023); Pravila \u0161olske prehrane (26. 9. 2019); Informacije o obdelavi osebnih podatkov za posameznike v O\u0160 Dobje (15. 8. 2018); Pravilnik o varstvu osebnih podatkov v O\u0160 Dobje (1. 8. 2018); &hellip; <a href=\"https:\/\/www.osdobje.si\/?page_id=3282\">Beri naprej <span class=\"meta-nav\">&rarr;<\/span><\/a><\/p>\n","protected":false},"author":89974,"featured_media":0,"parent":0,"menu_order":0,"comment_status":"closed","ping_status":"closed","template":"","meta":{"ngg_post_thumbnail":0,"footnotes":""},"class_list":["post-3282","page","type-page","status-publish","hentry"],"_links":{"self":[{"href":"https:\/\/www.osdobje.si\/index.php?rest_route=\/wp\/v2\/pages\/3282","targetHints":{"allow":["GET"]}}],"collection":[{"href":"https:\/\/www.osdobje.si\/index.php?rest_route=\/wp\/v2\/pages"}],"about":[{"href":"https:\/\/www.osdobje.si\/index.php?rest_route=\/wp\/v2\/types\/page"}],"author":[{"embeddable":true,"href":"https:\/\/www.osdobje.si\/index.php?rest_route=\/wp\/v2\/users\/89974"}],"replies":[{"embeddable":true,"href":"https:\/\/www.osdobje.si\/index.php?rest_route=%2Fwp%2Fv2%2Fcomments&post=3282"}],"version-history":[{"count":10,"href":"https:\/\/www.osdobje.si\/index.php?rest_route=\/wp\/v2\/pages\/3282\/revisions"}],"predecessor-version":[{"id":3457,"href":"https:\/\/www.osdobje.si\/index.php?rest_route=\/wp\/v2\/pages\/3282\/revisions\/3457"}],"wp:attachment":[{"href":"https:\/\/www.osdobje.si\/index.php?rest_route=%2Fwp%2Fv2%2Fmedia&parent=3282"}],"curies":[{"name":"wp","href":"https:\/\/api.w.org\/{rel}","templated":true}]}}