{"id":3271,"date":"2023-04-24T11:38:08","date_gmt":"2023-04-24T09:38:08","guid":{"rendered":"https:\/\/osdobje.splet.arnes.si\/?page_id=3271"},"modified":"2023-05-25T09:11:18","modified_gmt":"2023-05-25T07:11:18","slug":"izjava-o-dostopnosti","status":"publish","type":"page","link":"https:\/\/www.osdobje.si\/?page_id=3271","title":{"rendered":"Izjava o dostopnosti"},"content":{"rendered":"\n<p>O\u0160 Dobje se zavezuje, da bo omogo\u010dala dostopnost spleti\u0161\u010da <a href=\"http:\/\/www.arnes.si\">http:\/\/www.arnes.si<\/a>&nbsp;v skladu z Zakonom o dostopnosti spleti\u0161\u010d in mobilnih aplikacij vsem uporabnikom.<\/p>\n\n\n\n<p>Ta izjava o dostopnosti se nana\u0161a na spleti\u0161\u010de <a href=\"http:\/\/www.osdobje.si\">www.osdobje.si<\/a>.<\/p>\n\n\n\n<p>Za zagotavljanje zahtev glede dostopnosti so bile sistemsko zagotovljene nekatere prilagoditve, kot so:<\/p>\n\n\n\n<ul class=\"wp-block-list\"><li>odzivno oblikovanje (prilagajanje postavitve vsebine lo\u010dljivosti zaslona);<\/li><li>navigacija s tipkovnico (prilagoditev za uporabnike, ki ne morejo uporabljati mi\u0161ke);<\/li><li>ustrezni barvni kontrasti (med besedilom in ozadjem);<\/li><li>predvidljivo delovanje spleti\u0161\u010da;<\/li><li>omogo\u010deno je spreminjanje tipa pisav in velikosti fontov;<\/li><li>omogo\u010deno je ustavljanje premikov;<\/li><li>omogo\u010deno je pod\u010drtovanje povezav;<\/li><li>omogo\u010deno je opremljanje slik z nadomestnim besedilom;<\/li><li>omogo\u010dena je uporaba razli\u010dnih ravni naslovov.<\/li><\/ul>\n\n\n\n<h2 class=\"wp-block-heading\"><strong>Stopnja skladnosti<\/strong><\/h2>\n\n\n\n<p>Spleti\u0161\u010de <a href=\"http:\/\/www.osdobje.si\">www.osdobje.si<\/a> je delno skladno z Zakonom o dostopnosti spleti\u0161\u010d in mobilnih aplikacij zaradi spodaj navedenih izjem.<\/p>\n\n\n\n<h2 class=\"wp-block-heading\"><strong>Nedostopna vsebina<\/strong><\/h2>\n\n\n\n<p>Dostopnost spleti\u0161\u010da <a href=\"http:\/\/www.arnes.si\">www.arnes.si<\/a> nenehno spremljamo in sproti izbolj\u0161ujemo posamezne elemente dostopnosti. Kljub temu nekatere objavljene vsebine ne izpolnjujejo vseh zahtev glede dostopnosti, kot jih dolo\u010da Zakon o dostopnosti spleti\u0161\u010d in mobilnih aplikacij.<\/p>\n\n\n\n<p>Primeri takih vsebin so:<\/p>\n\n\n\n<ul class=\"wp-block-list\"><li>skenirani dokumenti v .pdf obliki zapisa;<\/li><li>razli\u010dne kompleksne tabele s podatki;<\/li><li>grafi\u010dno zahtevna vabila na prireditve, izdelki u\u010dencev.<\/li><\/ul>\n\n\n\n<h2 class=\"wp-block-heading\"><strong>Priprava izjave o dostopnosti<\/strong><\/h2>\n\n\n\n<ul class=\"wp-block-list\"><li>Ta izjava je bila pripravljena 19. 4. 2023 na podlagi samoocene.<\/li><li>Izjava je bila nazadnje pregledana 19. 4. 2023.<\/li><\/ul>\n\n\n\n<h2 class=\"wp-block-heading\"><strong>Povratne in kontaktne informacije<\/strong><\/h2>\n\n\n\n<p>Zaradi zelo pogostih posodobitev vsebin lahko obiskovalci pri brskanju po spleti\u0161\u010du <a href=\"http:\/\/www.osdobje.si\">www.osdobje.si<\/a>, kljub prizadevanjem, da bi bile vse spletne strani \u010dim bolj dostopne in uporabnikom prijazne, ob\u010dasno naletijo na te\u017eave z dostopnostjo.<\/p>\n\n\n\n<p>Obvestilo o morebitnih primerih neskladnosti objav z dolo\u010dili Zakona o dostopnosti spleti\u0161\u010d in mobilnih aplikacij in zahteve po posredovanju informacij v dostopni obliki lahko po\u0161ljete po elektronski po\u0161ti na naslov <a href=\"mailto:info@osdobje.si\">info@osdobje.si<\/a>.<\/p>\n\n\n\n<p>Odgovor boste prejeli v roku osmih dni od prejema obvestila oziroma pro\u0161nje. \u010ce v tem roku ne bomo mogli podati ustreznega odgovora, vam bomo sporo\u010dili, kdaj bo odgovor podan in razloge za zakasnitev odgovora.<\/p>\n\n\n\n<h2 class=\"wp-block-heading\"><strong>Izvr\u0161ilni postopek<\/strong><\/h2>\n\n\n\n<p>V primeru, da ugotovite odstopanja od dolo\u010dil Zakona o dostopnosti spleti\u0161\u010d in mobilnih aplikacij, lahko podate prijavo in\u0161pektorjem za informacijsko dru\u017ebo po navadni ali elektronski po\u0161ti na naslov: <a href=\"mailto:gp.uiv@gov.si\">gp.uiv@gov.si<\/a>.<\/p>\n","protected":false},"excerpt":{"rendered":"<p>O\u0160 Dobje se zavezuje, da bo omogo\u010dala dostopnost spleti\u0161\u010da http:\/\/www.arnes.si&nbsp;v skladu z Zakonom o dostopnosti spleti\u0161\u010d in mobilnih aplikacij vsem uporabnikom. Ta izjava o dostopnosti se nana\u0161a na spleti\u0161\u010de www.osdobje.si. Za zagotavljanje zahtev glede dostopnosti so bile sistemsko zagotovljene nekatere &hellip; <a href=\"https:\/\/www.osdobje.si\/?page_id=3271\">Beri naprej <span class=\"meta-nav\">&rarr;<\/span><\/a><\/p>\n","protected":false},"author":89974,"featured_media":0,"parent":0,"menu_order":0,"comment_status":"closed","ping_status":"closed","template":"","meta":{"ngg_post_thumbnail":0,"footnotes":""},"class_list":["post-3271","page","type-page","status-publish","hentry"],"_links":{"self":[{"href":"https:\/\/www.osdobje.si\/index.php?rest_route=\/wp\/v2\/pages\/3271","targetHints":{"allow":["GET"]}}],"collection":[{"href":"https:\/\/www.osdobje.si\/index.php?rest_route=\/wp\/v2\/pages"}],"about":[{"href":"https:\/\/www.osdobje.si\/index.php?rest_route=\/wp\/v2\/types\/page"}],"author":[{"embeddable":true,"href":"https:\/\/www.osdobje.si\/index.php?rest_route=\/wp\/v2\/users\/89974"}],"replies":[{"embeddable":true,"href":"https:\/\/www.osdobje.si\/index.php?rest_route=%2Fwp%2Fv2%2Fcomments&post=3271"}],"version-history":[{"count":2,"href":"https:\/\/www.osdobje.si\/index.php?rest_route=\/wp\/v2\/pages\/3271\/revisions"}],"predecessor-version":[{"id":3308,"href":"https:\/\/www.osdobje.si\/index.php?rest_route=\/wp\/v2\/pages\/3271\/revisions\/3308"}],"wp:attachment":[{"href":"https:\/\/www.osdobje.si\/index.php?rest_route=%2Fwp%2Fv2%2Fmedia&parent=3271"}],"curies":[{"name":"wp","href":"https:\/\/api.w.org\/{rel}","templated":true}]}}