{"id":296,"date":"2014-09-30T11:46:10","date_gmt":"2014-09-30T09:46:10","guid":{"rendered":"http:\/\/osdobje.splet.arnes.si\/?page_id=296"},"modified":"2026-01-09T11:54:59","modified_gmt":"2026-01-09T10:54:59","slug":"publikacija","status":"publish","type":"page","link":"https:\/\/www.osdobje.si\/?page_id=296","title":{"rendered":"Publikacije"},"content":{"rendered":"\n<p><a href=\"https:\/\/www.osdobje.si\/files\/2026\/01\/Publikacija-vrtec-2025-26T.pdf\">Publikacija Vrtec Dobje 2025-26<\/a><\/p>\n\n\n\n<p><a href=\"https:\/\/www.osdobje.si\/files\/2024\/10\/Publikacija-vrtec-2024-25.pdf\">Publikacija Vrtec Dobje 2024-25<\/a><\/p>\n\n\n\n<p><a href=\"https:\/\/www.osdobje.si\/files\/2024\/01\/Publikacija-OS-2023-24.pdf\">Publikacija O\u0160 Dobje 2023-24<\/a><\/p>\n\n\n\n<p><a href=\"https:\/\/www.osdobje.si\/files\/2024\/01\/Publikacija-vrtec-2023-24.pdf\">Publikacija Vrtec Dobje 2023-24<\/a><\/p>\n\n\n\n<p><a href=\"https:\/\/www.osdobje.si\/files\/2024\/01\/Publikacija-vrtec-2022-23.pdf\">Publikacija Vrtec Dobje 2022-23<\/a><\/p>\n\n\n\n<p><a href=\"https:\/\/www.osdobje.si\/files\/2024\/01\/Publikacija-OS-2021-22.pdf\">Publikacija O\u0160 Dobje 2021-22<\/a><\/p>\n\n\n\n<p><a href=\"https:\/\/www.osdobje.si\/files\/2023\/06\/Publikacija-vrtec-2021-22.pdf\">Publikacija Vrtec Dobje 2021-22<\/a><\/p>\n\n\n\n<p><a href=\"https:\/\/www.osdobje.si\/files\/2024\/06\/Publikacija-OS-2020-21.pdf\">Publikacija O\u0160 Dobje 2020-21<\/a><\/p>\n\n\n\n<p><a href=\"https:\/\/www.osdobje.si\/files\/2024\/06\/Publikacija-OS-2019-20.pdf\">Publikacija O\u0160 Dobje 2019-20<\/a><\/p>\n\n\n\n<p><a href=\"https:\/\/www.osdobje.si\/files\/2024\/06\/Publikacija-OS-2018-19.pdf\">Publikacija O\u0160 Dobje 2018-19<\/a><\/p>\n\n\n\n<div class=\"wp-block-group\"><div class=\"wp-block-group__inner-container is-layout-flow wp-block-group-is-layout-flow\">\n<p><a href=\"https:\/\/www.osdobje.si\/files\/2023\/09\/Publikacija-OS-2017-18.pdf\">Publikacija O\u0160 Dobje 2017-18<\/a><\/p>\n\n\n\n<p><a href=\"https:\/\/www.osdobje.si\/files\/2024\/06\/Publikacija-OS-2016-17.pdf\">Publikacija O\u0160 Dobje 2016-17<\/a><\/p>\n<\/div><\/div>\n","protected":false},"excerpt":{"rendered":"<p>Publikacija Vrtec Dobje 2025-26 Publikacija Vrtec Dobje 2024-25 Publikacija O\u0160 Dobje 2023-24 Publikacija Vrtec Dobje 2023-24 Publikacija Vrtec Dobje 2022-23 Publikacija O\u0160 Dobje 2021-22 Publikacija Vrtec Dobje 2021-22 Publikacija O\u0160 Dobje 2020-21 Publikacija O\u0160 Dobje 2019-20 Publikacija O\u0160 Dobje 2018-19 &hellip; <a href=\"https:\/\/www.osdobje.si\/?page_id=296\">Beri naprej <span class=\"meta-nav\">&rarr;<\/span><\/a><\/p>\n","protected":false},"author":89974,"featured_media":0,"parent":0,"menu_order":0,"comment_status":"closed","ping_status":"closed","template":"","meta":{"ngg_post_thumbnail":0,"footnotes":""},"class_list":["post-296","page","type-page","status-publish","hentry"],"_links":{"self":[{"href":"https:\/\/www.osdobje.si\/index.php?rest_route=\/wp\/v2\/pages\/296","targetHints":{"allow":["GET"]}}],"collection":[{"href":"https:\/\/www.osdobje.si\/index.php?rest_route=\/wp\/v2\/pages"}],"about":[{"href":"https:\/\/www.osdobje.si\/index.php?rest_route=\/wp\/v2\/types\/page"}],"author":[{"embeddable":true,"href":"https:\/\/www.osdobje.si\/index.php?rest_route=\/wp\/v2\/users\/89974"}],"replies":[{"embeddable":true,"href":"https:\/\/www.osdobje.si\/index.php?rest_route=%2Fwp%2Fv2%2Fcomments&post=296"}],"version-history":[{"count":14,"href":"https:\/\/www.osdobje.si\/index.php?rest_route=\/wp\/v2\/pages\/296\/revisions"}],"predecessor-version":[{"id":4428,"href":"https:\/\/www.osdobje.si\/index.php?rest_route=\/wp\/v2\/pages\/296\/revisions\/4428"}],"wp:attachment":[{"href":"https:\/\/www.osdobje.si\/index.php?rest_route=%2Fwp%2Fv2%2Fmedia&parent=296"}],"curies":[{"name":"wp","href":"https:\/\/api.w.org\/{rel}","templated":true}]}}