{"id":2631,"date":"2021-03-19T08:53:45","date_gmt":"2021-03-19T07:53:45","guid":{"rendered":"http:\/\/osdobje.splet.arnes.si\/?page_id=2631"},"modified":"2024-06-19T09:10:15","modified_gmt":"2024-06-19T07:10:15","slug":"ats-stem","status":"publish","type":"page","link":"https:\/\/www.osdobje.si\/?page_id=2631","title":{"rendered":"ATS STEM"},"content":{"rendered":"\n<p>Projekt <strong>ATS STEM<\/strong> je mednarodni projekt (1. 2. 2019 &#8211; 31. 5. 2022), pri katerem je cilj ugotoviti, kako pri u\u010dencih na formativni na\u010din razvijati pre\u010dne ve\u0161\u010dine z uporabo informacijsko-komunikacijskih tehnologij.<\/p>\n\n\n\n<p><br>Namen projekta je raziskati mo\u017enosti formativnega spremljanja\/vrednotenja pre\u010dnih ve\u0161\u010din oziroma STEM kompetenc z digitalnimi orodji na podro\u010dju naravoslovja, tehnike in tehnologije ter matematike.<\/p>\n\n\n<div class=\"wp-block-image\">\n<figure class=\"aligncenter size-large is-resized\"><img loading=\"lazy\" decoding=\"async\" width=\"300\" height=\"136\" src=\"https:\/\/www.osdobje.si\/files\/2021\/03\/ATS_STEM_logo_FINAL_RGB-300x136-1.jpg\" alt=\"\" class=\"wp-image-2641\" style=\"aspect-ratio:2.2167487684729066;width:296px;height:auto\" \/><\/figure>\n<\/div>\n\n\n<p><\/p>\n\n\n\n<p><strong>STEM <\/strong>\u2013 Science, Technology, Engineering, Mathematics, je angle\u0161ka kratica, ki v na\u0161em primeru pomeni osnovno\u0161olsko medpredmetno povezovanje naravoslovnih predmetov.<\/p>\n\n\n\n<p>Na <a rel=\"noreferrer noopener\" href=\"http:\/\/www.atsstem.eu\/\" target=\"_blank\">tej povezavi<\/a> lahko dostopate do krovne spletne strani projekta ATS STEM.<\/p>\n\n\n\n<p>Na <strong>Osnovni \u0161oli<\/strong> <strong>Dobje <\/strong>sodelujemo s projektnim timom \u0161estih u\u010diteljev in u\u010denci lanskega 8. razreda. Z u\u010denci na\u010drtno razvijamo pre\u010dni ve\u0161\u010dini <strong>komunikacija in sodelovanje<\/strong>, po principih formativnega spremljanja.<\/p>\n\n\n<div class=\"wp-block-image\">\n<figure class=\"aligncenter size-large\"><img loading=\"lazy\" decoding=\"async\" width=\"835\" height=\"626\" src=\"https:\/\/www.osdobje.si\/files\/2021\/03\/SPT_OS-Dobje.jpg\" alt=\"\" class=\"wp-image-2643\" srcset=\"https:\/\/www.osdobje.si\/files\/2021\/03\/SPT_OS-Dobje.jpg 835w, https:\/\/www.osdobje.si\/files\/2021\/03\/SPT_OS-Dobje-300x225.jpg 300w, https:\/\/www.osdobje.si\/files\/2021\/03\/SPT_OS-Dobje-768x576.jpg 768w, https:\/\/www.osdobje.si\/files\/2021\/03\/SPT_OS-Dobje-400x300.jpg 400w\" sizes=\"auto, (max-width: 835px) 100vw, 835px\" \/><figcaption class=\"wp-element-caption\">\u0160olski projektni tim<\/figcaption><\/figure>\n<\/div>\n\n\n<p><strong>ATS STEM sklop: Zmanj\u0161evanje hrupa v \u0161olski telovadnici<\/strong><\/p>\n\n\n\n<p class=\"has-text-align-left\">Pri 2. ATS STEM sklopu smo na Osnovni \u0161oli Dobje \u010dlani tima z u\u010denci 8. razreda iskali re\u0161itve, kako bi lahko zmanj\u0161ali hrup, ki nastane med aktivnostmi v \u0161olski telovadnici. U\u010denci se zavedajo, da so lahko po uri \u0161porta izredno nejevoljni, ob\u010dutijo lahko glavobol ali postanejo celo nasilni, saj telovadnica ni akusti\u010dno izolirana. Hrup je lahko za posameznike izredno mote\u010d. Ves \u010das smo poudarjali, da je lahko dalj\u0161e izpostavljanje hrupu tudi nevarno za na\u0161 sluh. Vse to so bile izto\u010dnice za iskanje mo\u017enih re\u0161itev zmanj\u0161evanja hrupa.<\/p>\n\n\n\n<p class=\"has-text-align-left\">U\u010denci so po preverjanju predznanja, uvodu v vsebino in postavljanju kriterijev uspe\u0161nosti s pomo\u010djo mikrofona, zvo\u010dnika in programa Logic Pro X posneli \u0161tiri najpogostej\u0161e vire hrupa v \u0161oli (krik, plosk, odboj \u017eoge in glasno navijanje), jih najprej predvajali v akusti\u010dno izolirani jedilnici in nato \u0161e v neakusti\u010dno urejeni telovadnici ter rezultate s pomo\u010djo izrisanih grafov med sabo primerjali. S tem smo dokazali, da zvok v telovadnici veliko bolj odmeva. V skupini so nato na\u010drtovali prototip t. i. snemalnega prostora (koridor iz lesenih stranic in odej), v katerem bi brez zunanjih motenj predvajali in posneli odmeve \u0161tirih posnetih zvokov glede na razli\u010dno odbojno podlago (stena, valovita pena in jaj\u010dne \u0161katle). Izbrali smo prototip, ki je zajel najve\u010d detajlov (npr. oddaljenost mikrofona od zvo\u010dnika in vmesna pregrada med njima). Ugotovili smo, da bi bila valovita pena najbolj\u0161i zvo\u010dni izolator, saj je bilo v tem primeru zaznanega najmanj odmeva. Z izdelavo spletnega miselnega vzorca so nato u\u010denci v skupini oblikovali zaklju\u010dke, sledila je evalvacija dela (kaj so ugotovili, kaj bi lahko izbolj\u0161ali pri snemanju zvoka, bi se dejansko dalo preurediti telovadnico, na kak\u0161en na\u010din itd.).&nbsp;<\/p>\n\n\n\n<p class=\"has-text-align-left\">U\u010denci so ve\u010dino dejavnosti izvajali v manj\u0161ih skupinah. Pri postavljanju snemalnega prostora so sodelovali vsi, prav tako pri snemanju zvokov (ob pomo\u010di u\u010ditelja).&nbsp;Uporabili smo spletna orodja: Forms (preverjanje predznanja o zvoku, vrednotenje ve\u0161\u010din), Padlet (postavljanje namenov u\u010denja in kriterijev uspe\u0161nosti za ve\u0161\u010dini), Kahoot (uvod v vsebino o hrupu, njegovih posledicah v \u0161oli), Logic Pro X (izris grafov), X-mind (izdelava zaklju\u010dnega miselnega vzorca). Vsa navodila so imeli u\u010denci v OneNote zvezku za predavanje, prav tako so tam sproti nastajali njihovi dokazi. Po vsaki dejavnosti smo z vpra\u0161alnikom Forms preverjali ve\u0161\u010dini sodelovanje in komunikacija, ki smo ju v tem sklopu na\u010drtno razvijali. Ugotovili smo, da so u\u010denci iz dejavnosti v dejavnost napredovali.<\/p>\n\n\n\n<figure class=\"wp-block-image size-large\"><a href=\"https:\/\/www.osdobje.si\/files\/2021\/12\/Slika-1-scaled.jpg\"><img loading=\"lazy\" decoding=\"async\" width=\"768\" height=\"1024\" src=\"https:\/\/www.osdobje.si\/files\/2021\/12\/Slika-1-768x1024.jpg\" alt=\"\" class=\"wp-image-2877\" srcset=\"https:\/\/www.osdobje.si\/files\/2021\/12\/Slika-1-768x1024.jpg 768w, https:\/\/www.osdobje.si\/files\/2021\/12\/Slika-1-225x300.jpg 225w, https:\/\/www.osdobje.si\/files\/2021\/12\/Slika-1-1152x1536.jpg 1152w, https:\/\/www.osdobje.si\/files\/2021\/12\/Slika-1-1536x2048.jpg 1536w, https:\/\/www.osdobje.si\/files\/2021\/12\/Slika-1-scaled.jpg 1920w\" sizes=\"auto, (max-width: 768px) 100vw, 768px\" \/><\/a><figcaption class=\"wp-element-caption\">Snemanje zvokov.<\/figcaption><\/figure>\n\n\n\n<figure class=\"wp-block-image size-large\"><a href=\"https:\/\/www.osdobje.si\/files\/2021\/12\/Slika-2-scaled.jpg\"><img loading=\"lazy\" decoding=\"async\" width=\"768\" height=\"1024\" src=\"https:\/\/www.osdobje.si\/files\/2021\/12\/Slika-2-768x1024.jpg\" alt=\"\" class=\"wp-image-2878\" srcset=\"https:\/\/www.osdobje.si\/files\/2021\/12\/Slika-2-768x1024.jpg 768w, https:\/\/www.osdobje.si\/files\/2021\/12\/Slika-2-225x300.jpg 225w, https:\/\/www.osdobje.si\/files\/2021\/12\/Slika-2-1152x1536.jpg 1152w, https:\/\/www.osdobje.si\/files\/2021\/12\/Slika-2-1536x2048.jpg 1536w, https:\/\/www.osdobje.si\/files\/2021\/12\/Slika-2-scaled.jpg 1920w\" sizes=\"auto, (max-width: 768px) 100vw, 768px\" \/><\/a><figcaption class=\"wp-element-caption\">Predvajanje posnetih zvokov v akusti\u010dno urejeni jedilnici in snemanje njihovih odmevov.<\/figcaption><\/figure>\n\n\n\n<figure class=\"wp-block-image size-large\"><a href=\"https:\/\/www.osdobje.si\/files\/2021\/12\/Slika-3-scaled.jpg\"><img loading=\"lazy\" decoding=\"async\" width=\"768\" height=\"1024\" src=\"https:\/\/www.osdobje.si\/files\/2021\/12\/Slika-3-768x1024.jpg\" alt=\"\" class=\"wp-image-2879\" srcset=\"https:\/\/www.osdobje.si\/files\/2021\/12\/Slika-3-768x1024.jpg 768w, https:\/\/www.osdobje.si\/files\/2021\/12\/Slika-3-225x300.jpg 225w, https:\/\/www.osdobje.si\/files\/2021\/12\/Slika-3-1152x1536.jpg 1152w, https:\/\/www.osdobje.si\/files\/2021\/12\/Slika-3-1536x2048.jpg 1536w, https:\/\/www.osdobje.si\/files\/2021\/12\/Slika-3-scaled.jpg 1920w\" sizes=\"auto, (max-width: 768px) 100vw, 768px\" \/><\/a><figcaption class=\"wp-element-caption\">  Predvajanje posnetih zvokov v akusti\u010dno neurejeni telovadnici in snemanje njihovih odmevov. <\/figcaption><\/figure>\n\n\n\n<figure class=\"wp-block-image size-large\"><a href=\"https:\/\/www.osdobje.si\/files\/2021\/12\/Slika-4-scaled.jpg\"><img loading=\"lazy\" decoding=\"async\" width=\"768\" height=\"1024\" src=\"https:\/\/www.osdobje.si\/files\/2021\/12\/Slika-4-768x1024.jpg\" alt=\"\" class=\"wp-image-2880\" srcset=\"https:\/\/www.osdobje.si\/files\/2021\/12\/Slika-4-768x1024.jpg 768w, https:\/\/www.osdobje.si\/files\/2021\/12\/Slika-4-225x300.jpg 225w, https:\/\/www.osdobje.si\/files\/2021\/12\/Slika-4-1152x1536.jpg 1152w, https:\/\/www.osdobje.si\/files\/2021\/12\/Slika-4-1536x2048.jpg 1536w, https:\/\/www.osdobje.si\/files\/2021\/12\/Slika-4-scaled.jpg 1920w\" sizes=\"auto, (max-width: 768px) 100vw, 768px\" \/><\/a><figcaption class=\"wp-element-caption\">Postavljanje snemalnega prototipa za preverjanje intenzitete odmevov od razli\u010dnih podlag.<\/figcaption><\/figure>\n\n\n\n<figure class=\"wp-block-image size-large\"><a href=\"https:\/\/www.osdobje.si\/files\/2021\/12\/Slika-5-scaled.jpeg\"><img loading=\"lazy\" decoding=\"async\" width=\"1024\" height=\"768\" src=\"https:\/\/www.osdobje.si\/files\/2021\/12\/Slika-5-1024x768.jpeg\" alt=\"\" class=\"wp-image-2881\" srcset=\"https:\/\/www.osdobje.si\/files\/2021\/12\/Slika-5-1024x768.jpeg 1024w, https:\/\/www.osdobje.si\/files\/2021\/12\/Slika-5-300x225.jpeg 300w, https:\/\/www.osdobje.si\/files\/2021\/12\/Slika-5-768x576.jpeg 768w, https:\/\/www.osdobje.si\/files\/2021\/12\/Slika-5-1536x1152.jpeg 1536w, https:\/\/www.osdobje.si\/files\/2021\/12\/Slika-5-2048x1536.jpeg 2048w, https:\/\/www.osdobje.si\/files\/2021\/12\/Slika-5-400x300.jpeg 400w\" sizes=\"auto, (max-width: 1024px) 100vw, 1024px\" \/><\/a><figcaption class=\"wp-element-caption\">Postavitev zvo\u010dnika in mikrofona v prototipu z vmesno pregrado.<\/figcaption><\/figure>\n","protected":false},"excerpt":{"rendered":"<p>Projekt ATS STEM je mednarodni projekt (1. 2. 2019 &#8211; 31. 5. 2022), pri katerem je cilj ugotoviti, kako pri u\u010dencih na formativni na\u010din razvijati pre\u010dne ve\u0161\u010dine z uporabo informacijsko-komunikacijskih tehnologij. Namen projekta je raziskati mo\u017enosti formativnega spremljanja\/vrednotenja pre\u010dnih ve\u0161\u010din &hellip; <a href=\"https:\/\/www.osdobje.si\/?page_id=2631\">Beri naprej <span class=\"meta-nav\">&rarr;<\/span><\/a><\/p>\n","protected":false},"author":2420,"featured_media":0,"parent":0,"menu_order":0,"comment_status":"closed","ping_status":"closed","template":"","meta":{"ngg_post_thumbnail":0,"footnotes":""},"class_list":["post-2631","page","type-page","status-publish","hentry"],"_links":{"self":[{"href":"https:\/\/www.osdobje.si\/index.php?rest_route=\/wp\/v2\/pages\/2631","targetHints":{"allow":["GET"]}}],"collection":[{"href":"https:\/\/www.osdobje.si\/index.php?rest_route=\/wp\/v2\/pages"}],"about":[{"href":"https:\/\/www.osdobje.si\/index.php?rest_route=\/wp\/v2\/types\/page"}],"author":[{"embeddable":true,"href":"https:\/\/www.osdobje.si\/index.php?rest_route=\/wp\/v2\/users\/2420"}],"replies":[{"embeddable":true,"href":"https:\/\/www.osdobje.si\/index.php?rest_route=%2Fwp%2Fv2%2Fcomments&post=2631"}],"version-history":[{"count":5,"href":"https:\/\/www.osdobje.si\/index.php?rest_route=\/wp\/v2\/pages\/2631\/revisions"}],"predecessor-version":[{"id":3889,"href":"https:\/\/www.osdobje.si\/index.php?rest_route=\/wp\/v2\/pages\/2631\/revisions\/3889"}],"wp:attachment":[{"href":"https:\/\/www.osdobje.si\/index.php?rest_route=%2Fwp%2Fv2%2Fmedia&parent=2631"}],"curies":[{"name":"wp","href":"https:\/\/api.w.org\/{rel}","templated":true}]}}