{"id":258,"date":"2014-09-04T16:38:33","date_gmt":"2014-09-04T14:38:33","guid":{"rendered":"http:\/\/osdobje.splet.arnes.si\/?page_id=258"},"modified":"2026-01-21T08:44:16","modified_gmt":"2026-01-21T07:44:16","slug":"o-vrtcu","status":"publish","type":"page","link":"https:\/\/www.osdobje.si\/?page_id=258","title":{"rendered":"O vrtcu"},"content":{"rendered":"\n<p><a href=\"https:\/\/www.osdobje.si\/?p=4138\">Objava razpisa za vpis v Enoto vrtec Dobje<\/a> za \u0161olsko leto <strong>2025\/26<\/strong><\/p>\n\n\n\n<p><a href=\"https:\/\/www.osdobje.si\/files\/2025\/02\/Vloga-za-vpis-vrtec-2025-26.pdf\">Vloga za vpis<\/a> v vrtec 2025\/26<\/p>\n\n\n\n<p><strong>\u0160olsko leto 2024\/25<\/strong><\/p>\n\n\n\n<p>Na spodnjih povezavah najdete dokumente:<\/p>\n\n\n\n<div class=\"wp-block-group is-vertical is-layout-flex wp-container-core-group-is-layout-8cf370e7 wp-block-group-is-layout-flex\">\n<div class=\"wp-block-group is-vertical is-layout-flex wp-container-core-group-is-layout-8cf370e7 wp-block-group-is-layout-flex\">\n<div class=\"wp-block-group is-vertical is-layout-flex wp-container-core-group-is-layout-8cf370e7 wp-block-group-is-layout-flex\">\n<p><a href=\"https:\/\/www.osdobje.si\/files\/2024\/10\/Publikacija-vrtec-2024-25.pdf\">Publikacija vrtca 2024\/25<\/a><\/p>\n\n\n\n<p><a href=\"https:\/\/www.osdobje.si\/files\/2023\/06\/LDN-vrtec-2021-22.pdf\">LDN za vrtec 2025\/26<\/a><\/p>\n\n\n\n<p><a href=\"https:\/\/www.osdobje.si\/files\/2025\/12\/Zakljucno-porocilo-vrtec-2024-25.pdf\">Zaklju\u010dno poro\u010dilo vrtca 2024\/25<\/a><\/p>\n<\/div>\n<\/div>\n<\/div>\n\n\n\n<p><\/p>\n\n\n\n<figure class=\"wp-block-gallery has-nested-images columns-default is-cropped wp-block-gallery-1 is-layout-flex wp-block-gallery-is-layout-flex\">\n<figure class=\"wp-block-image size-full\"><a href=\"https:\/\/www.osdobje.si\/files\/2024\/10\/image0-1.jpeg\"><img loading=\"lazy\" decoding=\"async\" width=\"768\" height=\"1024\" data-id=\"4009\" src=\"https:\/\/www.osdobje.si\/files\/2024\/10\/image0-1.jpeg\" alt=\"\" class=\"wp-image-4009\" srcset=\"https:\/\/www.osdobje.si\/files\/2024\/10\/image0-1.jpeg 768w, https:\/\/www.osdobje.si\/files\/2024\/10\/image0-1-225x300.jpeg 225w\" sizes=\"auto, (max-width: 768px) 100vw, 768px\" \/><\/a><\/figure>\n\n\n\n<figure class=\"wp-block-image size-large\"><a href=\"https:\/\/www.osdobje.si\/files\/2024\/10\/IMG_9110.jpg\"><img loading=\"lazy\" decoding=\"async\" width=\"480\" height=\"640\" data-id=\"4008\" src=\"https:\/\/www.osdobje.si\/files\/2024\/10\/IMG_9110.jpg\" alt=\"\" class=\"wp-image-4008\" srcset=\"https:\/\/www.osdobje.si\/files\/2024\/10\/IMG_9110.jpg 480w, https:\/\/www.osdobje.si\/files\/2024\/10\/IMG_9110-225x300.jpg 225w\" sizes=\"auto, (max-width: 480px) 100vw, 480px\" \/><\/a><\/figure>\n<\/figure>\n\n\n\n<p><strong>Spo\u0161tovani star\u0161i<\/strong>.<\/p>\n\n\n\n<p>Na\u0161 vrtec je prostor, kjer otroci skozi igro, raziskovanje in medsebojno sodelovanje razvijajo svoje potenciale ter oblikujejo pomembne socialne in \u017eivljenjske ve\u0161\u010dine. Na\u0161e poslanstvo je ustvariti spodbudno, varno in prijazno okolje, v katerem otroci pridobivajo nova znanja, razvijajo ustvarjalnost in se pripravljajo na izzive v \u017eivljenju.&nbsp;<\/p>\n\n\n\n<p>Vzgojno-izobra\u017eevalno delo v Vrtcu Dobje pri Planini poteka v stavbi Vrtca Dobje v \u0161tirih igralnicah in skupnem ve\u010dnamenskem prostoru. V prostorih O\u0160 Dobje so otroci v dveh igralnicah. Bivanje na prostem si popestrimo na plo\u0161\u010dadi pred vrtcem, na zunanjih zelenih povr\u0161inah ali v naravi. Za \u0161portne aktivnosti se uporablja telovadnico v \u0161oli in \u0161olsko zunanje igri\u0161\u010de. Uro pravljic v\u010dasih preselimo v prostor \u0161olske ali ob\u010dinske knji\u017enice. &nbsp;<\/p>\n\n\n\n<p><strong>\u0160olsko leto 2024\/25 v Vrtcu Dobje<\/strong><\/p>\n\n\n\n<p>V Vrtcu Dobje pri Planini so v \u0161olskem letu 2024\/25 oblikovani oddelki glede na vpis otrok, in sicer:<\/p>\n\n\n\n<ul class=\"wp-block-list\">\n<li>heterogeni oddelek drugega starostnega obdobja, skupina Mravljice;<\/li>\n\n\n\n<li>polovi\u010dni homogeni oddelek drugega starostnega obdobja, skupina Krtki;<\/li>\n\n\n\n<li>kombiniran oddelek, skupina \u017dabice;<\/li>\n\n\n\n<li>kombiniran oddelek, skupina Gosenice;<\/li>\n\n\n\n<li>homogeni oddelek prvega starostnega obdobja, skupina Pikapolonice;<\/li>\n\n\n\n<li>heterogeni oddelek prvega starostnega obdobja, skupina \u010cebelice. &nbsp;<\/li>\n<\/ul>\n\n\n\n<p>Prvega septembra 2024 je bilo v enoto Vrtec Dobje vpisanih 83 otrok, ob tem pa ostaja prostih \u0161e nekaj mest.<\/p>\n\n\n<div class=\"wp-block-image is-resized\">\n<figure class=\"alignleft\"><a href=\"http:\/\/osdobje.splet.arnes.si\/files\/2014\/09\/Vrtec-Dobje-1.jpg\"><img loading=\"lazy\" decoding=\"async\" width=\"300\" height=\"147\" src=\"http:\/\/osdobje.splet.arnes.si\/files\/2014\/09\/Vrtec-Dobje-1-300x147.jpg\" alt=\"Vrtec Dobje (1)\" class=\"wp-image-265\" srcset=\"https:\/\/www.osdobje.si\/files\/2014\/09\/Vrtec-Dobje-1-300x147.jpg 300w, https:\/\/www.osdobje.si\/files\/2014\/09\/Vrtec-Dobje-1-1024x502.jpg 1024w, https:\/\/www.osdobje.si\/files\/2014\/09\/Vrtec-Dobje-1-500x245.jpg 500w\" sizes=\"auto, (max-width: 300px) 100vw, 300px\" \/><\/a><figcaption class=\"wp-element-caption\">Vrtec Dobje<\/figcaption><\/figure>\n<\/div>","protected":false},"excerpt":{"rendered":"<p>Objava razpisa za vpis v Enoto vrtec Dobje za \u0161olsko leto 2025\/26 Vloga za vpis v vrtec 2025\/26 \u0160olsko leto 2024\/25 Na spodnjih povezavah najdete dokumente: Publikacija vrtca 2024\/25 LDN za vrtec 2025\/26 Zaklju\u010dno poro\u010dilo vrtca 2024\/25 Spo\u0161tovani star\u0161i. Na\u0161 &hellip; <a href=\"https:\/\/www.osdobje.si\/?page_id=258\">Beri naprej <span class=\"meta-nav\">&rarr;<\/span><\/a><\/p>\n","protected":false},"author":89974,"featured_media":0,"parent":0,"menu_order":0,"comment_status":"closed","ping_status":"closed","template":"","meta":{"ngg_post_thumbnail":0,"footnotes":""},"class_list":["post-258","page","type-page","status-publish","hentry"],"_links":{"self":[{"href":"https:\/\/www.osdobje.si\/index.php?rest_route=\/wp\/v2\/pages\/258","targetHints":{"allow":["GET"]}}],"collection":[{"href":"https:\/\/www.osdobje.si\/index.php?rest_route=\/wp\/v2\/pages"}],"about":[{"href":"https:\/\/www.osdobje.si\/index.php?rest_route=\/wp\/v2\/types\/page"}],"author":[{"embeddable":true,"href":"https:\/\/www.osdobje.si\/index.php?rest_route=\/wp\/v2\/users\/89974"}],"replies":[{"embeddable":true,"href":"https:\/\/www.osdobje.si\/index.php?rest_route=%2Fwp%2Fv2%2Fcomments&post=258"}],"version-history":[{"count":14,"href":"https:\/\/www.osdobje.si\/index.php?rest_route=\/wp\/v2\/pages\/258\/revisions"}],"predecessor-version":[{"id":4457,"href":"https:\/\/www.osdobje.si\/index.php?rest_route=\/wp\/v2\/pages\/258\/revisions\/4457"}],"wp:attachment":[{"href":"https:\/\/www.osdobje.si\/index.php?rest_route=%2Fwp%2Fv2%2Fmedia&parent=258"}],"curies":[{"name":"wp","href":"https:\/\/api.w.org\/{rel}","templated":true}]}}