{"id":209,"date":"2014-09-02T16:41:55","date_gmt":"2014-09-02T14:41:55","guid":{"rendered":"http:\/\/osdobje.splet.arnes.si\/?page_id=209"},"modified":"2024-10-04T19:19:48","modified_gmt":"2024-10-04T17:19:48","slug":"prehrana","status":"publish","type":"page","link":"https:\/\/www.osdobje.si\/?page_id=209","title":{"rendered":"Prehrana"},"content":{"rendered":"\n<p><strong><strong>Splo\u0161no<\/strong><\/strong><\/p>\n\n\n\n<p>Dan za\u010dnemo z zajtrkom, saj je ta najpomembnej\u0161i obrok celodnevne prehrane. Zajtrk nam daje potrebno energijo za delo, izbolj\u0161uje na\u0161e po\u010dutje in razpolo\u017eenje ter intelektualne sposobnosti.<\/p>\n\n\n\n<p><strong>Opozorilo: Star\u0161i, poskrbite, da bo va\u0161 otrok zajtrkoval<\/strong><\/p>\n\n\n\n<p>U\u010denci lahko v \u0161oli naro\u010dijo zajtrk, malico, kosilo in popoldansko malico. Po priporo\u010dilu osebnega zdravnika pripravljamo tudi dietno prehrano. Priporo\u010dljivo je, da vsak u\u010denec prejme v \u0161oli vsaj en obrok dnevno. U\u010denci malicajo po drugi \u0161olski uri: ob 9.05 u\u010denci razredne stopnje in ob 9.20 u\u010denci predmetne stopnje.<\/p>\n\n\n\n<p><strong><strong>Cenik \u0161olske prehrane, potrjen na svetu zavoda 30. 5. 2024<\/strong><\/strong><\/p>\n\n\n\n<figure class=\"wp-block-table\"><table><tbody><tr><td>Zajtrk<\/td><td>0,90 \u20ac<\/td><\/tr><tr><td>Malica \u2013 u\u010denci<\/td><td>1,10 \u20ac<\/td><\/tr><tr><td>Kosilo 1.-5. razred<\/td><td>3,00 \u20ac<\/td><\/tr><tr><td>Kosilo 6.-9. razred<\/td><td>3,30 \u20ac<\/td><\/tr><tr><td>Popoldanska malica<\/td><td>0,90 \u20ac<\/td><\/tr><tr><td>Kosilo zunanji<\/td><td>4,50 \u20ac<\/td><\/tr><\/tbody><\/table><figcaption class=\"wp-element-caption\">Cenik velja od 1. 6. 2024 dalje.<\/figcaption><\/figure>\n\n\n\n<p><strong><strong>Prijava na \u0161olsko prehrano<\/strong><\/strong><\/p>\n\n\n\n<p>Vlogo za prijavo na \u0161olsko prehrano je treba oddati v juniju za prihodnje \u0161olsko leto.<\/p>\n\n\n\n<p><strong><strong>Odjava prehrane<\/strong><\/strong><\/p>\n\n\n\n<p>V primeru bolezni ali druge odsotnosti u\u010denca prosimo star\u0161e, da odjavite prehrano za \u010das odsotnosti u\u010denca. Prehrano lahko odjavite v tajni\u0161tvu do 8. ure za isti dan, in sicer na:<\/p>\n\n\n\n<ul class=\"wp-block-list\">\n<li>prehrana@osdobje.si;<\/li>\n\n\n\n<li>03 620 53 00.<\/li>\n<\/ul>\n\n\n\n<p>Odjava prehrane za nazaj ni mogo\u010da. V primeru, da subvencionirana prehrana ni odjavljena pravo\u010dasno, se pla\u010da polna cena obroka.<\/p>\n\n\n\n<p><strong>Opozorilo: Prosimo, da dosledno odjavljate prehrano svojih otrok.<\/strong><\/p>\n\n\n\n<p><strong><strong>Pla\u010dilo<\/strong><\/strong><\/p>\n\n\n\n<p>Stro\u0161ke \u0161olske prehrane poravnajo star\u0161i s polo\u017enicami ali preko trajnega naloga.<\/p>\n\n\n\n<p><strong>Opozorilo: Prosimo, da svoje mese\u010dne obveznosti za \u0161olsko prehrano redno pla\u010dujete.<\/strong><\/p>\n\n\n\n<p>Tudi v leto\u0161njem \u0161olskem letu smo vklju\u010deni v <strong>Shemo \u0161olskega sadja.<\/strong><\/p>\n\n\n\n<p>Povezave:<\/p>\n\n\n\n<div class=\"wp-block-group is-vertical is-layout-flex wp-container-core-group-is-layout-8cf370e7 wp-block-group-is-layout-flex\">\n<p><a href=\"https:\/\/www.gov.si\/assets\/ministrstva\/MVI\/Dokumenti\/Osnovna-sola\/Smernice-za-prehranjevanje-v-VIZ-2024.pdf\" data-type=\"link\" data-id=\"https:\/\/www.gov.si\/assets\/ministrstva\/MVI\/Dokumenti\/Osnovna-sola\/Smernice-za-prehranjevanje-v-VIZ-2024.pdf\">Smernice zdravega prehranjevanja<\/a> (ZRS\u0160, 2024)<\/p>\n\n\n\n<p><a href=\"https:\/\/www.osdobje.si\/files\/2023\/06\/Pravila-solske-prehrane-OS-Dobje.pdf\">Pravila \u0161olske prehrane O\u0160 Dobje<\/a> (26. 9. 2019)<\/p>\n<\/div>\n\n\n\n<p><\/p>\n\n\n\n<p>Organizatorka \u0161olske prehrane: Tadeja Senica<\/p>\n","protected":false},"excerpt":{"rendered":"<p>Splo\u0161no Dan za\u010dnemo z zajtrkom, saj je ta najpomembnej\u0161i obrok celodnevne prehrane. Zajtrk nam daje potrebno energijo za delo, izbolj\u0161uje na\u0161e po\u010dutje in razpolo\u017eenje ter intelektualne sposobnosti. Opozorilo: Star\u0161i, poskrbite, da bo va\u0161 otrok zajtrkoval U\u010denci lahko v \u0161oli naro\u010dijo &hellip; <a href=\"https:\/\/www.osdobje.si\/?page_id=209\">Beri naprej <span class=\"meta-nav\">&rarr;<\/span><\/a><\/p>\n","protected":false},"author":89974,"featured_media":3229,"parent":0,"menu_order":0,"comment_status":"closed","ping_status":"closed","template":"","meta":{"ngg_post_thumbnail":0,"footnotes":""},"class_list":["post-209","page","type-page","status-publish","has-post-thumbnail","hentry"],"_links":{"self":[{"href":"https:\/\/www.osdobje.si\/index.php?rest_route=\/wp\/v2\/pages\/209","targetHints":{"allow":["GET"]}}],"collection":[{"href":"https:\/\/www.osdobje.si\/index.php?rest_route=\/wp\/v2\/pages"}],"about":[{"href":"https:\/\/www.osdobje.si\/index.php?rest_route=\/wp\/v2\/types\/page"}],"author":[{"embeddable":true,"href":"https:\/\/www.osdobje.si\/index.php?rest_route=\/wp\/v2\/users\/89974"}],"replies":[{"embeddable":true,"href":"https:\/\/www.osdobje.si\/index.php?rest_route=%2Fwp%2Fv2%2Fcomments&post=209"}],"version-history":[{"count":15,"href":"https:\/\/www.osdobje.si\/index.php?rest_route=\/wp\/v2\/pages\/209\/revisions"}],"predecessor-version":[{"id":3957,"href":"https:\/\/www.osdobje.si\/index.php?rest_route=\/wp\/v2\/pages\/209\/revisions\/3957"}],"wp:featuredmedia":[{"embeddable":true,"href":"https:\/\/www.osdobje.si\/index.php?rest_route=\/wp\/v2\/media\/3229"}],"wp:attachment":[{"href":"https:\/\/www.osdobje.si\/index.php?rest_route=%2Fwp%2Fv2%2Fmedia&parent=209"}],"curies":[{"name":"wp","href":"https:\/\/api.w.org\/{rel}","templated":true}]}}