{"id":168,"date":"2014-07-09T11:42:01","date_gmt":"2014-07-09T09:42:01","guid":{"rendered":"http:\/\/osdobje.splet.arnes.si\/?page_id=168"},"modified":"2026-01-21T08:33:20","modified_gmt":"2026-01-21T07:33:20","slug":"porocilo-ravnateljice","status":"publish","type":"page","link":"https:\/\/www.osdobje.si\/?page_id=168","title":{"rendered":"U\u010diteljski zbor"},"content":{"rendered":"\n<p><strong>Arti\u010dek Bo\u0161tjan<\/strong>, profesor \u0161portne vzgoje<br><strong>Bezgov\u0161ek Teja<\/strong>, magistrica profesorica geografije in matematike<br><strong>Bla\u017ei\u010d Marija<\/strong>, predmetna u\u010diteljica matematike in fizike<br><strong>Centrih Sanja<\/strong>, profesorica zgodovine in nem\u0161\u010dine<br><strong>Dober\u0161ek Magdalena<\/strong>, profesorica razrednega pouka<br><strong>Frece Mateja<\/strong>, profesorica razrednega pouka<br><strong>Gobec Nata\u0161a<\/strong>, profesorica angle\u0161\u010dine in sociologije<br><strong>Gu\u010dek Anamari<\/strong>, magistrica profesorica razrednega pouka<br><strong>Hebar Barbara<\/strong>, profesorica razrednega pouka<br><strong>Hla\u010dar Erman Petra<\/strong>, profesorica specialne in rehabilitacijske pedagogike<br><strong>Jazbin\u0161ek Bo\u017ea<\/strong>, univerzitetna diplomirana pedagoginja in profesorica zgodovine<br><strong>Kova\u010d Katja<\/strong>, profesorica glasbe<br><strong>Kova\u010d Polona<\/strong>, profesorica sloven\u0161\u010dine<br><strong>Leskov\u0161ek Anita<\/strong>, profesorica sloven\u0161\u010dine<br><strong>Lorger Rok<\/strong>, profesor \u0161portne vzgoje<br><strong>O\u017eir Nu\u0161a<\/strong>, profesorica sloven\u0161\u010dine in \u0161pan\u0161\u010dine (nadome\u0161\u010da)<br><strong>Pan\u010dur Gregor<\/strong>, profesor tehnike in fizike<br><strong>Perko Andreja<\/strong>, magistrica profesorica razrednega pouka<br><strong>Perko Ivo<\/strong>, magister profesor razrednega pouka<br><strong>Pintar Mateja<\/strong>, profesorica razrednega pouka<br><strong>Plemenita\u0161 Suzana<\/strong>, profesorica razrednega pouka<br><strong>Ratajc \u010cuje\u017e Apolonija<\/strong>, profesorica likovne umetnosti<br><strong>Robi\u010d Nata\u0161a<\/strong>, profesorica sloven\u0161\u010dine<br><strong>Senekovi\u010d Julija,<\/strong> inkluzivna pedagoginja (nadome\u0161\u010da)<br><strong>Senica Tadeja<\/strong>, magistrica profesorica kemije in biologije<br><strong>\u0160pec Saraja<\/strong>, univerzitetna diplomirana socialna pedagoginja<br><strong>\u0160turbej Nadja<\/strong>, diplomirana profesorica defektologije za osebe z motnjo sluha in govora<br><strong>Todorovski Mateja<\/strong>, profesorica razrednega pouka s programom za pou\u010devanje angle\u0161kega jezika<br><strong>Volav\u0161ek Marta<\/strong>, tiflopedagoginja<br><strong>Zendzianowsky \u010cav\u0161 Tina<\/strong>, profesorica angle\u0161\u010dine in nem\u0161\u010dine<\/p>\n\n\n\n<div class=\"wp-block-group is-vertical is-layout-flex wp-container-core-group-is-layout-8cf370e7 wp-block-group-is-layout-flex\">\n<div class=\"wp-block-group is-vertical is-layout-flex wp-container-core-group-is-layout-8cf370e7 wp-block-group-is-layout-flex\">\n<div class=\"wp-block-group is-vertical is-layout-flex wp-container-core-group-is-layout-8cf370e7 wp-block-group-is-layout-flex\">\n<p>Spremljevalca:<\/p>\n<\/div>\n\n\n\n<div class=\"wp-block-group is-vertical is-layout-flex wp-container-core-group-is-layout-8cf370e7 wp-block-group-is-layout-flex\">\n<div class=\"wp-block-group is-vertical is-layout-flex wp-container-core-group-is-layout-8cf370e7 wp-block-group-is-layout-flex\">\n<p><strong>\u010crep Katja<br>Rahten Bogdan<\/strong><\/p>\n\n\n\n<p><\/p>\n<\/div>\n<\/div>\n\n\n\n<p>Pripravniki:<\/p>\n\n\n\n<p><strong>Petrina\u010d Tja\u0161a<br>Pintar Ma\u0161a<br>Pintar Tja\u0161a<br>\u017dlaus Doroteja<\/strong><\/p>\n<\/div>\n<\/div>\n\n\n\n<div class=\"wp-block-group is-vertical is-layout-flex wp-container-core-group-is-layout-8cf370e7 wp-block-group-is-layout-flex\"><\/div>\n\n\n\n<p><\/p>\n\n\n\n<div class=\"wp-block-group is-vertical is-layout-flex wp-container-core-group-is-layout-8cf370e7 wp-block-group-is-layout-flex\">\n<p>Posodobjeno: 13. 1. 2026<\/p>\n<\/div>\n","protected":false},"excerpt":{"rendered":"<p>Arti\u010dek Bo\u0161tjan, profesor \u0161portne vzgojeBezgov\u0161ek Teja, magistrica profesorica geografije in matematikeBla\u017ei\u010d Marija, predmetna u\u010diteljica matematike in fizikeCentrih Sanja, profesorica zgodovine in nem\u0161\u010dineDober\u0161ek Magdalena, profesorica razrednega poukaFrece Mateja, profesorica razrednega poukaGobec Nata\u0161a, profesorica angle\u0161\u010dine in sociologijeGu\u010dek Anamari, magistrica profesorica razrednega poukaHebar &hellip; <a href=\"https:\/\/www.osdobje.si\/?page_id=168\">Beri naprej <span class=\"meta-nav\">&rarr;<\/span><\/a><\/p>\n","protected":false},"author":2420,"featured_media":0,"parent":0,"menu_order":0,"comment_status":"closed","ping_status":"closed","template":"sidebar-page.php","meta":{"ngg_post_thumbnail":0,"footnotes":""},"class_list":["post-168","page","type-page","status-publish","hentry"],"_links":{"self":[{"href":"https:\/\/www.osdobje.si\/index.php?rest_route=\/wp\/v2\/pages\/168","targetHints":{"allow":["GET"]}}],"collection":[{"href":"https:\/\/www.osdobje.si\/index.php?rest_route=\/wp\/v2\/pages"}],"about":[{"href":"https:\/\/www.osdobje.si\/index.php?rest_route=\/wp\/v2\/types\/page"}],"author":[{"embeddable":true,"href":"https:\/\/www.osdobje.si\/index.php?rest_route=\/wp\/v2\/users\/2420"}],"replies":[{"embeddable":true,"href":"https:\/\/www.osdobje.si\/index.php?rest_route=%2Fwp%2Fv2%2Fcomments&post=168"}],"version-history":[{"count":15,"href":"https:\/\/www.osdobje.si\/index.php?rest_route=\/wp\/v2\/pages\/168\/revisions"}],"predecessor-version":[{"id":4451,"href":"https:\/\/www.osdobje.si\/index.php?rest_route=\/wp\/v2\/pages\/168\/revisions\/4451"}],"wp:attachment":[{"href":"https:\/\/www.osdobje.si\/index.php?rest_route=%2Fwp%2Fv2%2Fmedia&parent=168"}],"curies":[{"name":"wp","href":"https:\/\/api.w.org\/{rel}","templated":true}]}}