{"id":149,"date":"2014-07-09T10:16:04","date_gmt":"2014-07-09T08:16:04","guid":{"rendered":"http:\/\/osdobje.splet.arnes.si\/?page_id=149"},"modified":"2026-01-21T08:34:14","modified_gmt":"2026-01-21T07:34:14","slug":"svet-zavoda","status":"publish","type":"page","link":"https:\/\/www.osdobje.si\/?page_id=149","title":{"rendered":"Svet zavoda"},"content":{"rendered":"\n<p>Svet zavoda Osnovne \u0161ole Dobje je najvi\u0161ji organ odlo\u010danja na \u0161oli. Zakon opredeljuje naslednje naloge:<\/p>\n\n\n\n<ul class=\"wp-block-list\">\n<li>imenuje in razre\u0161uje ravnatelja vrtca oziroma \u0161ole;<\/li>\n\n\n\n<li>sprejema program razvoja vrtca oziroma \u0161ole, letni delovni na\u010drt in poro\u010dilo o njegovi uresni\u010ditvi;<\/li>\n\n\n\n<li>sprejme letno poro\u010dilo o samoevalvaciji \u0161ole oziroma vrtca;<\/li>\n\n\n\n<li>odlo\u010da o uvedbi nadstandardnih in drugih programov;<\/li>\n\n\n\n<li>obravnava poro\u010dila o vzgojni oziroma izobra\u017eevalni problematiki;<\/li>\n\n\n\n<li>odlo\u010da o prito\u017ebah v zvezi s pravicami, obveznostmi in odgovornostmi delavcev iz delovnega razmerja;<\/li>\n\n\n\n<li>obravnava zadeve, ki mu jih predlo\u017ei vzgojiteljski, u\u010diteljski, andrago\u0161ki oziroma predavateljski zbor, \u0161olska in\u0161pekcija, reprezentativni sindikat zaposlenih, svet&nbsp; star\u0161ev, skupnost u\u010dencev, vajencev, dijakov ali \u0161tudentov in<\/li>\n\n\n\n<li>opravlja druge naloge, dolo\u010dene z zakonom in aktom o ustanovitvi.<\/li>\n<\/ul>\n\n\n\n<p><\/p>\n\n\n\n<p>Skupno sestavlja svet zavoda&nbsp;11 \u010dlanov, od tega:<\/p>\n\n\n\n<p><\/p>\n\n\n\n<p>5 predstavnikov delavcev \u0161ole in vrtca:<\/p>\n\n\n\n<ul class=\"wp-block-list\">\n<li>Alja Polenek, predsednica<\/li>\n\n\n\n<li>Bo\u0161tjan Arti\u010dek<\/li>\n\n\n\n<li>Teja Bezgov\u0161ek<\/li>\n\n\n\n<li>Sabina Pu\u0161nik<\/li>\n\n\n\n<li>Tadeja Senica<\/li>\n<\/ul>\n\n\n\n<p><\/p>\n\n\n\n<p>3 predstavniki sveta star\u0161ev:<\/p>\n\n\n\n<ul class=\"wp-block-list\">\n<li>Suzana Gu\u010dek<\/li>\n\n\n\n<li>Nu\u0161a Juvan\u010di\u010d<\/li>\n\n\n\n<li>Mateja Rajh Jager<\/li>\n<\/ul>\n\n\n\n<p><\/p>\n\n\n\n<p>3 predstavniki ustanovitelja:<\/p>\n\n\n\n<ul class=\"wp-block-list\">\n<li>Karl \u010cadej<\/li>\n\n\n\n<li>Tanja Gril Leskov\u0161ek (namestnica predsednice)<\/li>\n\n\n\n<li>Katja Romih<\/li>\n<\/ul>\n\n\n\n<p><a href=\"https:\/\/www.osdobje.si\/files\/2024\/06\/Poslovnik-sveta-zavoda-OS-Dobje.pdf\">Poslovnik Sveta zavoda O\u0160 Dobje<\/a><\/p>\n\n\n\n<p><strong>Priloge<\/strong><\/p>\n\n\n\n<p><a href=\"https:\/\/www.osdobje.si\/files\/2024\/11\/Razpis-volitev-predstavnikov-delavcev-v-svet-zavoda.pdf\">Razpis volitev predstavnikov delavcev v svet zavoda (5. 11. 2024)<\/a><\/p>\n\n\n\n<p><strong>Zapisniki sej<\/strong><\/p>\n\n\n\n<div class=\"wp-block-group is-vertical is-layout-flex wp-container-core-group-is-layout-8cf370e7 wp-block-group-is-layout-flex\">\n<p><a href=\"https:\/\/www.osdobje.si\/files\/2025\/03\/Korespondencna-seja-SZ-2025-03-14.pdf\">Zapisnik koresponden\u010dne seje SZ (14. 3. 2025)<\/a><\/p>\n\n\n\n<p><a href=\"https:\/\/www.osdobje.si\/files\/2025\/03\/Seja-sveta-zavoda-2025-03-05.pdf\">Zapisnik seje SZ (5. 3. 2025)<\/a><\/p>\n\n\n\n<p><a href=\"https:\/\/www.osdobje.si\/files\/2025\/03\/Korespondencna-seja-SZ-2025-02-27.pdf\">Zapisnik koresponden\u010dne seje SZ (27. 2. 2025)<\/a><\/p>\n\n\n\n<p><a href=\"https:\/\/www.osdobje.si\/files\/2025\/03\/Seja-sveta-zavoda-2025-02-10.pdf\">Zapisnik seje SZ (10. 2. 2025)<\/a><\/p>\n\n\n\n<p><a href=\"https:\/\/www.osdobje.si\/files\/2024\/11\/Seja-sveta-zavoda-2024-10-07.pdf\">Zapisnik seje SZ (7. 11. 2024)<\/a><\/p>\n\n\n\n<p><a href=\"https:\/\/www.osdobje.si\/files\/2024\/11\/Korespondencna-seja-sveta-zavoda-2024-11-05.pdf\">Zapisnik koresponden\u010dne seje SZ (5. 11. 2024)<\/a><\/p>\n\n\n\n<p><a href=\"https:\/\/www.osdobje.si\/files\/2024\/06\/Korespondencna-seja-SZ-2024-05-30.pdf\">Zapisnik koresponden\u010dne seje SZ (30. 5. 2024)<\/a><\/p>\n\n\n\n<p><a href=\"https:\/\/www.osdobje.si\/files\/2024\/06\/Seja-sveta-zavoda-2024-02-23.pdf\">Zapisnik seje SZ (23. 2. 2024)<\/a><\/p>\n\n\n\n<p><a href=\"https:\/\/www.osdobje.si\/files\/2024\/06\/Seja-sveta-zavoda-2023-09-28.pdf\">Zapisnik seje SZ (28. 9. 2023)<\/a><\/p>\n<\/div>\n\n\n\n<p><\/p>\n","protected":false},"excerpt":{"rendered":"<p>Svet zavoda Osnovne \u0161ole Dobje je najvi\u0161ji organ odlo\u010danja na \u0161oli. Zakon opredeljuje naslednje naloge: Skupno sestavlja svet zavoda&nbsp;11 \u010dlanov, od tega: 5 predstavnikov delavcev \u0161ole in vrtca: 3 predstavniki sveta star\u0161ev: 3 predstavniki ustanovitelja: Poslovnik Sveta zavoda O\u0160 Dobje &hellip; <a href=\"https:\/\/www.osdobje.si\/?page_id=149\">Beri naprej <span class=\"meta-nav\">&rarr;<\/span><\/a><\/p>\n","protected":false},"author":2420,"featured_media":0,"parent":0,"menu_order":0,"comment_status":"closed","ping_status":"closed","template":"sidebar-page.php","meta":{"ngg_post_thumbnail":0,"footnotes":""},"class_list":["post-149","page","type-page","status-publish","hentry"],"_links":{"self":[{"href":"https:\/\/www.osdobje.si\/index.php?rest_route=\/wp\/v2\/pages\/149","targetHints":{"allow":["GET"]}}],"collection":[{"href":"https:\/\/www.osdobje.si\/index.php?rest_route=\/wp\/v2\/pages"}],"about":[{"href":"https:\/\/www.osdobje.si\/index.php?rest_route=\/wp\/v2\/types\/page"}],"author":[{"embeddable":true,"href":"https:\/\/www.osdobje.si\/index.php?rest_route=\/wp\/v2\/users\/2420"}],"replies":[{"embeddable":true,"href":"https:\/\/www.osdobje.si\/index.php?rest_route=%2Fwp%2Fv2%2Fcomments&post=149"}],"version-history":[{"count":15,"href":"https:\/\/www.osdobje.si\/index.php?rest_route=\/wp\/v2\/pages\/149\/revisions"}],"predecessor-version":[{"id":4452,"href":"https:\/\/www.osdobje.si\/index.php?rest_route=\/wp\/v2\/pages\/149\/revisions\/4452"}],"wp:attachment":[{"href":"https:\/\/www.osdobje.si\/index.php?rest_route=%2Fwp%2Fv2%2Fmedia&parent=149"}],"curies":[{"name":"wp","href":"https:\/\/api.w.org\/{rel}","templated":true}]}}