{"id":1445,"date":"2018-09-04T09:11:23","date_gmt":"2018-09-04T07:11:23","guid":{"rendered":"http:\/\/osdobje.splet.arnes.si\/?page_id=1445"},"modified":"2023-06-19T09:35:08","modified_gmt":"2023-06-19T07:35:08","slug":"varstvo-osebnih-podatkov","status":"publish","type":"page","link":"https:\/\/www.osdobje.si\/?page_id=1445","title":{"rendered":"Varstvo osebnih podatkov"},"content":{"rendered":"\n<p>Na Osnovni \u0161oli Dobje&nbsp;se zavedamo pomena zasebnosti in si prizadevamo, da so osebni podatki pri nas za\u0161\u010diteni. Osebne podatke zaposlenih, poslovnih partnerjev in star\u0161ev oziroma osebne podatke u\u010dencev obdelujemo izklju\u010dno zaradi namena, zaradi katerega so bili podatki zbrani. Osebni podatki za splo\u0161no javnost ne bodo dostopni. Ker je skrb za podatke vrednota, bomo vse osebne podatke varovali v skladu z veljavnimi predpisi in z visoko stopnjo odgovornosti.<\/p>\n\n\n\n<p>Vabimo vas, da si preberete <a href=\"https:\/\/www.osdobje.si\/files\/2023\/06\/Informacije-o-obdelavi-os.-podatkov-za-posameznike.pdf\">informacije o obdelavi osebnih podatkov za posameznike<\/a>.<\/p>\n\n\n\n<p>Upravljavka\u00a0Suzana Plemenita\u0161, ravnateljica O\u0160\u00a0Dobje, je imenovala poobla\u0161\u010deno osebo za varstvo osebnih podatkov v Osnovni \u0161oli Dobje. To je\u00a0Matejka Zendzianowsky, dosegljiva v delovnem \u010dasu na telefonski \u0161tevilki +386 37471981\u00a0in po elektronski po\u0161ti na naslovu:\u00a0mateja.zendzianowsky@guest.arnes.si ali info@osdobje.si.<\/p>\n\n\n\n<p>S pisno zahtevo, poslano na naslov Osnovna \u0161ola Dobje, Dobje pri Planini 20 a, 3224 Dobje pri Planini, lahko posameznik zahteva dostop, dopolnitev, popravek, blokiranje oz. omejitev obdelave ali izbris osebnih podatkov, ugovarja obdelavi podatkov, ki se obdelujejo v zvezi z njim ter zahteva prenos podatkov.<\/p>\n\n\n\n<p>Posameznik lahko dane privolitve v obdelavo osebnih kadarkoli trajno ali za\u010dasno, v celoti ali delno prekli\u010de s pisno zahtevo, poslano na naslov Osnovna \u0161ola Dobje, Osnovna \u0161ola&nbsp;Dobje,&nbsp;Dobje pri Planini 20 a, 3224 Dobje pri Planini. Preklic privolitve ne vpliva na zakonitost obdelave, ki se je na podlagi privolitve izvajala do njenega preklica.<\/p>\n\n\n\n<p>Posameznik ima pravico vlo\u017eiti prito\u017ebo pri Informacijskem poobla\u0161\u010dencu RS, \u010de meni, da se njegovi osebni podatki shranjujejo ali kako druga\u010de obdelujejo v nasprotju z veljavnimi predpisi, ki urejajo varstvo osebnih podatkov.<\/p>\n\n\n\n<div class=\"wp-block-group is-vertical is-layout-flex wp-container-core-group-is-layout-8cf370e7 wp-block-group-is-layout-flex\">\n<p>Povezave:<\/p>\n\n\n\n<p><a href=\"https:\/\/www.osdobje.si\/files\/2023\/06\/Pravilnik-o-obdelavi-osebnih-podatkov.pdf\">Pravilnik o varstvu osebnih podatkov<\/a> na Osnovni \u0161oli Dobje.<\/p>\n\n\n\n<p><a href=\"https:\/\/www.osdobje.si\/files\/2023\/06\/Soglasje-starsev-o-obdelavi-osebnih-podatkov.pdf\">Soglasje star\u0161ev o obdelavi osebnih podatkov<\/a> na Osnovni \u0161oli Dobje.<\/p>\n<\/div>\n","protected":false},"excerpt":{"rendered":"<p>Na Osnovni \u0161oli Dobje&nbsp;se zavedamo pomena zasebnosti in si prizadevamo, da so osebni podatki pri nas za\u0161\u010diteni. Osebne podatke zaposlenih, poslovnih partnerjev in star\u0161ev oziroma osebne podatke u\u010dencev obdelujemo izklju\u010dno zaradi namena, zaradi katerega so bili podatki zbrani. Osebni podatki &hellip; <a href=\"https:\/\/www.osdobje.si\/?page_id=1445\">Beri naprej <span class=\"meta-nav\">&rarr;<\/span><\/a><\/p>\n","protected":false},"author":89974,"featured_media":0,"parent":0,"menu_order":0,"comment_status":"closed","ping_status":"closed","template":"","meta":{"ngg_post_thumbnail":0,"footnotes":""},"class_list":["post-1445","page","type-page","status-publish","hentry"],"_links":{"self":[{"href":"https:\/\/www.osdobje.si\/index.php?rest_route=\/wp\/v2\/pages\/1445","targetHints":{"allow":["GET"]}}],"collection":[{"href":"https:\/\/www.osdobje.si\/index.php?rest_route=\/wp\/v2\/pages"}],"about":[{"href":"https:\/\/www.osdobje.si\/index.php?rest_route=\/wp\/v2\/types\/page"}],"author":[{"embeddable":true,"href":"https:\/\/www.osdobje.si\/index.php?rest_route=\/wp\/v2\/users\/89974"}],"replies":[{"embeddable":true,"href":"https:\/\/www.osdobje.si\/index.php?rest_route=%2Fwp%2Fv2%2Fcomments&post=1445"}],"version-history":[{"count":6,"href":"https:\/\/www.osdobje.si\/index.php?rest_route=\/wp\/v2\/pages\/1445\/revisions"}],"predecessor-version":[{"id":3455,"href":"https:\/\/www.osdobje.si\/index.php?rest_route=\/wp\/v2\/pages\/1445\/revisions\/3455"}],"wp:attachment":[{"href":"https:\/\/www.osdobje.si\/index.php?rest_route=%2Fwp%2Fv2%2Fmedia&parent=1445"}],"curies":[{"name":"wp","href":"https:\/\/api.w.org\/{rel}","templated":true}]}}