{"id":141,"date":"2014-07-09T10:02:54","date_gmt":"2014-07-09T08:02:54","guid":{"rendered":"http:\/\/osdobje.splet.arnes.si\/?page_id=141"},"modified":"2026-01-13T11:13:44","modified_gmt":"2026-01-13T10:13:44","slug":"svet-starsev","status":"publish","type":"page","link":"https:\/\/www.osdobje.si\/?page_id=141","title":{"rendered":"Svet star\u0161ev"},"content":{"rendered":"<p>Po Zakonu o organizaciji in financiranju vzgoje in izobra\u017eevanja ima svet star\u0161ev naslednje naloge:<\/p>\n<p>\u25cf&nbsp;&nbsp; predlaga nadstandardne programe;<br>\u25cf&nbsp; &nbsp;daje soglasje k predlogu ravnatelja o nadstandardnih storitvah;<br>\u25cf&nbsp; &nbsp;sodeluje pri nastajanju predloga programa razvoja vrtca oziroma \u0161ole, vzgojnega na\u010drta, pri pravilih \u0161olskega reda ter da mnenje o letnem delovnem na\u010drtu;<br>\u25cf&nbsp;&nbsp; daje mnenje o kandidatih, ki izpolnjujejo pogoje za ravnatelja;<br>\u25cf&nbsp;&nbsp; razpravlja o poro\u010dilih ravnatelja o vzgojno-izobra\u017eevalni problematiki;<br>\u25cf&nbsp;&nbsp; obravnava prito\u017ebe star\u0161ev v zvezi z vzgojno-izobra\u017eevalnim delom;<br>\u25cf&nbsp;&nbsp; voli predstavnike star\u0161ev v svet vrtca oziroma \u0161ole in druge organe \u0161ole;<br>\u25cf&nbsp; &nbsp;lahko sprejme svoj program dela sodelovanja s \u0161olo, zlasti glede vklju\u010devanja v lokalno okolje;<br>\u25cf&nbsp; &nbsp;v dogovoru z vodstvom \u0161ole lahko ustanavlja oziroma oblikuje delovne skupine;<br>\u25cf&nbsp; &nbsp;opravlja druge naloge v skladu z zakonom in drugimi predpisi.<\/p>\n<p>Predstavniki sveta star\u0161ev za \u0161olsko leto 2025\/26:<\/p>\n<table width=\"0\">\n<tbody>\n<tr>\n<td style=\"width: 93px\" width=\"88\">&nbsp;<\/td>\n<td style=\"width: 260px\" width=\"245\"><strong>Predstavnik<\/strong><\/td>\n<td style=\"width: 260px\" width=\"245\"><strong>Namestnik:<\/strong><\/td>\n<\/tr>\n<tr>\n<td style=\"width: 93px\" width=\"88\"><strong>1. r.<\/strong><\/td>\n<td style=\"width: 260px\" width=\"245\">Nina Gu\u010dek<\/td>\n<td style=\"width: 260px\" width=\"245\">Bla\u017e \u010cadej<\/td>\n<\/tr>\n<tr>\n<td style=\"width: 93px\" width=\"88\"><strong>2. r.<\/strong><\/td>\n<td style=\"width: 260px\" width=\"245\">Ur\u0161ka Ko\u0161tomaj<\/td>\n<td style=\"width: 260px\" width=\"245\">Stanislav \u017dekar<\/td>\n<\/tr>\n<tr>\n<td style=\"width: 93px\" width=\"88\"><strong>3. r.<\/strong><\/td>\n<td style=\"width: 260px\" width=\"245\">Ema Pa\u0161\u010dinski<\/td>\n<td style=\"width: 260px\" width=\"245\">Maja Vodi\u0161ek Kolar<\/td>\n<\/tr>\n<tr>\n<td style=\"width: 93px\" width=\"88\"><strong>4. r.<\/strong><\/td>\n<td style=\"width: 260px\" width=\"245\">Suzana Gu\u010dek<\/td>\n<td style=\"width: 260px\" width=\"245\">Betina Ver\u0161i\u010d<\/td>\n<\/tr>\n<tr>\n<td style=\"width: 93px\" width=\"88\"><strong>5. r.<\/strong><\/td>\n<td style=\"width: 260px\" width=\"245\">Mateja Rajh Jager<\/td>\n<td style=\"width: 260px\" width=\"245\">Petra Stopin\u0161ek<\/td>\n<\/tr>\n<tr>\n<td style=\"width: 93px\" width=\"88\"><strong>6. r.<\/strong><\/td>\n<td style=\"width: 260px\" width=\"245\">Ana Nu\u0161a Juvan\u010di\u010d<\/td>\n<td style=\"width: 260px\" width=\"245\">Sabina Ma\u010dek<\/td>\n<\/tr>\n<tr>\n<td style=\"width: 93px\" width=\"88\"><strong>7. r.<\/strong><\/td>\n<td style=\"width: 260px\" width=\"245\">Katja Romih<\/td>\n<td style=\"width: 260px\" width=\"245\">Gregor Bukov\u0161ek<\/td>\n<\/tr>\n<tr>\n<td style=\"width: 93px\" width=\"88\"><strong>8. r.<\/strong><\/td>\n<td style=\"width: 260px\" width=\"245\">David Kravina<\/td>\n<td style=\"width: 260px\" width=\"245\">Mateja Urh<\/td>\n<\/tr>\n<tr>\n<td style=\"width: 93px\" width=\"88\"><strong>9. r.<\/strong><\/td>\n<td style=\"width: 260px\" width=\"245\">Karmen Fajdiga<\/td>\n<td style=\"width: 260px\" width=\"245\">Marjetka Sumrak<\/td>\n<\/tr>\n<\/tbody>\n<\/table>\n<p>&nbsp;<\/p>\n\n\n<p><\/p>\n","protected":false},"excerpt":{"rendered":"<p>Po Zakonu o organizaciji in financiranju vzgoje in izobra\u017eevanja ima svet star\u0161ev naslednje naloge: \u25cf&nbsp;&nbsp; predlaga nadstandardne programe;\u25cf&nbsp; &nbsp;daje soglasje k predlogu ravnatelja o nadstandardnih storitvah;\u25cf&nbsp; &nbsp;sodeluje pri nastajanju predloga programa razvoja vrtca oziroma \u0161ole, vzgojnega na\u010drta, pri pravilih \u0161olskega &hellip; <a href=\"https:\/\/www.osdobje.si\/?page_id=141\">Beri naprej <span class=\"meta-nav\">&rarr;<\/span><\/a><\/p>\n","protected":false},"author":2420,"featured_media":0,"parent":0,"menu_order":0,"comment_status":"closed","ping_status":"closed","template":"sidebar-page.php","meta":{"ngg_post_thumbnail":0,"footnotes":""},"class_list":["post-141","page","type-page","status-publish","hentry"],"_links":{"self":[{"href":"https:\/\/www.osdobje.si\/index.php?rest_route=\/wp\/v2\/pages\/141","targetHints":{"allow":["GET"]}}],"collection":[{"href":"https:\/\/www.osdobje.si\/index.php?rest_route=\/wp\/v2\/pages"}],"about":[{"href":"https:\/\/www.osdobje.si\/index.php?rest_route=\/wp\/v2\/types\/page"}],"author":[{"embeddable":true,"href":"https:\/\/www.osdobje.si\/index.php?rest_route=\/wp\/v2\/users\/2420"}],"replies":[{"embeddable":true,"href":"https:\/\/www.osdobje.si\/index.php?rest_route=%2Fwp%2Fv2%2Fcomments&post=141"}],"version-history":[{"count":11,"href":"https:\/\/www.osdobje.si\/index.php?rest_route=\/wp\/v2\/pages\/141\/revisions"}],"predecessor-version":[{"id":4443,"href":"https:\/\/www.osdobje.si\/index.php?rest_route=\/wp\/v2\/pages\/141\/revisions\/4443"}],"wp:attachment":[{"href":"https:\/\/www.osdobje.si\/index.php?rest_route=%2Fwp%2Fv2%2Fmedia&parent=141"}],"curies":[{"name":"wp","href":"https:\/\/api.w.org\/{rel}","templated":true}]}}