{"id":130,"date":"2014-07-09T09:53:10","date_gmt":"2014-07-09T07:53:10","guid":{"rendered":"http:\/\/osdobje.splet.arnes.si\/?page_id=130"},"modified":"2025-10-02T10:10:25","modified_gmt":"2025-10-02T08:10:25","slug":"prevozi","status":"publish","type":"page","link":"https:\/\/www.osdobje.si\/?page_id=130","title":{"rendered":"Prevozi"},"content":{"rendered":"\n<p>Za varno pot v \u0161olo organiziramo prevoz otrok v \u0161olo s \u0161olskim minibusom. Pri tem se opiramo na <a href=\"https:\/\/www.osdobje.si\/files\/2023\/06\/Smernice-solske-poti-AVP-2016.pdf\">smernice \u0161olskih poti<\/a>, ki jih pripravlja Javna agencija RS za varnost prometa (AVP). Star\u0161em predlagamo, da si smernice ogledajo tudi sami, saj omenjajo tako pravice, kot tudi dol\u017enosti vseh udele\u017eencev pri prevozu v \u0161olo.<\/p>\n\n\n\n<p>Spodaj najdete aktualni vozni red za prevoz prijavljenih otrok v \u0161olo in domov.<\/p>\n\n\n\n<p><strong>Vozni red, \u0161olski minibus \u2013 DOVOZ (od 1. 10. 2025)<\/strong><\/p>\n\n\n\n<figure class=\"wp-block-table\"><table class=\"has-fixed-layout\"><tbody><tr><td><strong>Vo\u017enja 1<\/strong><\/td><td><strong>\u010cas<\/strong><\/td><\/tr><tr><td>\u0160ola<\/td><td>05:55<\/td><\/tr><tr><td>Dobje<\/td><td>05:58<\/td><\/tr><tr><td>Repu\u0161 (kri\u017ei\u0161\u010de)<\/td><td>06:01<\/td><\/tr><tr><td>Suho<\/td><td>06:03<\/td><\/tr><tr><td>&nbsp;<\/td><td>&nbsp;<\/td><\/tr><tr><td><strong>Vo\u017enja 2<\/strong><\/td><td><strong>\u010cas<\/strong><\/td><\/tr><tr><td>\u0160ola<\/td><td>06:06<\/td><\/tr><tr><td>La\u017ei\u0161e (v dolini)<\/td><td>06:13<\/td><\/tr><tr><td>Jesenik<\/td><td>06:17<\/td><\/tr><tr><td>Brezje<\/td><td>06:20<\/td><\/tr><tr><td>Ravno<\/td><td>06:24<\/td><\/tr><tr><td>&nbsp;<\/td><td>&nbsp;<\/td><\/tr><tr><td><strong>Vo\u017enja 3<\/strong><\/td><td><strong>\u010cas<\/strong><\/td><\/tr><tr><td>\u0160ola<\/td><td>06:28<\/td><\/tr><tr><td>Mrzlo Polje<\/td><td>06:35<\/td><\/tr><tr><td>Loke (Dober\u0161ek)<\/td><td>06:40<\/td><\/tr><tr><td>Ve\u010dje Brdo<\/td><td>06:43<\/td><\/tr><tr><td>&nbsp;<\/td><td>&nbsp;<\/td><\/tr><tr><td><strong>Vo\u017enja 4<\/strong><\/td><td><strong>\u010cas<\/strong><\/td><\/tr><tr><td>\u0160ola<\/td><td>06:46<\/td><\/tr><tr><td>Kostrivnica (Gaj\u0161ek)<\/td><td>06:51<\/td><\/tr><tr><td>Kostrivnica (Kolarec)<\/td><td>06:53<\/td><\/tr><tr><td>Kostrivnica (Trupej)<\/td><td>06:54<\/td><\/tr><tr><td>Podle\u0161je<\/td><td>06:56<\/td><\/tr><tr><td>Kostrivnica (\u0160tancar)<\/td><td>07:00<\/td><\/tr><tr><td>Jezerce<\/td><td>07:01<\/td><\/tr><tr><td>&nbsp;<\/td><td>&nbsp;<\/td><\/tr><tr><td><strong>Vo\u017enja 5<\/strong><\/td><td><strong>\u010cas<\/strong><\/td><\/tr><tr><td>\u0160ola<\/td><td>07:04<\/td><\/tr><tr><td>Zam\u0161lek<\/td><td>07:11<\/td><\/tr><tr><td>Slatina<\/td><td>07:16<\/td><\/tr><tr><td>Prese\u010dno (Gaj)<\/td><td>07:17<\/td><\/tr><tr><td>Prese\u010dno (kri\u017ei\u0161\u010de)<\/td><td>07:18<\/td><\/tr><\/tbody><\/table><\/figure>\n\n\n\n<p><strong>Vozni red, \u0161olski minibus \u2013 RAZVOZ od 1. 10. 2025<\/strong><\/p>\n\n\n\n<figure class=\"wp-block-table\"><table class=\"has-fixed-layout\"><tbody><tr><td><strong>Vo\u017enja 1<\/strong><\/td><td><strong>\u010cas<\/strong><\/td><\/tr><tr><td>\u0160ola<\/td><td>13:20<\/td><\/tr><tr><td>Suho<\/td><td>&nbsp;<\/td><\/tr><tr><td>Repu\u0161 (kri\u017ei\u0161\u010de)<\/td><td>&nbsp;<\/td><\/tr><tr><td>Prese\u010dno &#8211; Gaj<\/td><td>&nbsp;<\/td><\/tr><tr><td>Prese\u010dno<\/td><td>&nbsp;<\/td><\/tr><tr><td>&nbsp;<\/td><td>&nbsp;<\/td><\/tr><tr><td><strong>Vo\u017enja 2<\/strong><\/td><td><strong>\u010cas<\/strong><\/td><\/tr><tr><td>\u0160ola<\/td><td>13:38<\/td><\/tr><tr><td>Dobje<\/td><td>&nbsp;<\/td><\/tr><tr><td>\u0160karnice (Fenko)<\/td><td>&nbsp;<\/td><\/tr><tr><td>\u0160karnice (Frece)<\/td><td>&nbsp;<\/td><\/tr><tr><td>\u0160karnice<\/td><td>&nbsp;<\/td><\/tr><tr><td>&nbsp;<\/td><td>&nbsp;<\/td><\/tr><tr><td><strong>Vo\u017enja 3<\/strong><\/td><td><strong>\u010cas<\/strong><\/td><\/tr><tr><td>\u0160ola<\/td><td>13:50<\/td><\/tr><tr><td>Ravno<\/td><td>&nbsp;<\/td><\/tr><tr><td>Brezje<\/td><td>&nbsp;<\/td><\/tr><tr><td>Jesenik<\/td><td>&nbsp;<\/td><\/tr><tr><td>La\u017ei\u0161e (v dolini)<\/td><td>&nbsp;<\/td><\/tr><tr><td>Zavr\u0161e<\/td><td>&nbsp;<\/td><\/tr><tr><td>&nbsp;<\/td><td>&nbsp;<\/td><\/tr><tr><td><strong>Vo\u017enja 4<\/strong><\/td><td><strong>\u010cas<\/strong><\/td><\/tr><tr><td>\u0160ola<\/td><td>14:12<\/td><\/tr><tr><td>Ve\u010dje Brdo (odcep)<\/td><td>&nbsp;<\/td><\/tr><tr><td>De\u017eno<\/td><td>&nbsp;<\/td><\/tr><tr><td>Mrzlo Polje (Blatni Vrh)<\/td><td>&nbsp;<\/td><\/tr><tr><td>Mrzlo Polje<\/td><td>&nbsp;<\/td><\/tr><tr><td>Loke (Dober\u0161ek)<\/td><td>&nbsp;<\/td><\/tr><tr><td>&nbsp;<\/td><td>&nbsp;<\/td><\/tr><tr><td><strong>Vo\u017enja 5<\/strong><\/td><td><strong>\u010cas<\/strong><\/td><\/tr><tr><td>\u0160ola<\/td><td>14:30<\/td><\/tr><tr><td>Jezerce<\/td><td>&nbsp;<\/td><\/tr><tr><td>Kostrivnica (\u0160tancar)<\/td><td>&nbsp;<\/td><\/tr><tr><td>Kostrivnica (Trupej)<\/td><td>&nbsp;<\/td><\/tr><tr><td>Podle\u0161je<\/td><td>&nbsp;<\/td><\/tr><tr><td>Kostrivnica (Kolarec)<\/td><td>&nbsp;<\/td><\/tr><tr><td>Kostrivnica (Gaj\u0161ek)<\/td><td>&nbsp;<\/td><\/tr><tr><td>&nbsp;<\/td><td>&nbsp;<\/td><\/tr><tr><td><strong>Vo\u017enja 6<\/strong><\/td><td><strong>\u010cas<\/strong><\/td><\/tr><tr><td>\u0160ola<\/td><td>14:45<\/td><\/tr><tr><td>Zam\u0161lek<\/td><td>&nbsp;<\/td><\/tr><tr><td>Slatina<\/td><td>&nbsp;<\/td><\/tr><tr><td>Prese\u010dno<\/td><td>&nbsp;<\/td><\/tr><tr><td>Suho<\/td><td>&nbsp;<\/td><\/tr><\/tbody><\/table><\/figure>\n\n\n\n<p><\/p>\n","protected":false},"excerpt":{"rendered":"<p>Za varno pot v \u0161olo organiziramo prevoz otrok v \u0161olo s \u0161olskim minibusom. Pri tem se opiramo na smernice \u0161olskih poti, ki jih pripravlja Javna agencija RS za varnost prometa (AVP). Star\u0161em predlagamo, da si smernice ogledajo tudi sami, saj &hellip; <a href=\"https:\/\/www.osdobje.si\/?page_id=130\">Beri naprej <span class=\"meta-nav\">&rarr;<\/span><\/a><\/p>\n","protected":false},"author":89974,"featured_media":0,"parent":0,"menu_order":0,"comment_status":"closed","ping_status":"closed","template":"sidebar-page.php","meta":{"ngg_post_thumbnail":0,"footnotes":""},"class_list":["post-130","page","type-page","status-publish","hentry"],"_links":{"self":[{"href":"https:\/\/www.osdobje.si\/index.php?rest_route=\/wp\/v2\/pages\/130","targetHints":{"allow":["GET"]}}],"collection":[{"href":"https:\/\/www.osdobje.si\/index.php?rest_route=\/wp\/v2\/pages"}],"about":[{"href":"https:\/\/www.osdobje.si\/index.php?rest_route=\/wp\/v2\/types\/page"}],"author":[{"embeddable":true,"href":"https:\/\/www.osdobje.si\/index.php?rest_route=\/wp\/v2\/users\/89974"}],"replies":[{"embeddable":true,"href":"https:\/\/www.osdobje.si\/index.php?rest_route=%2Fwp%2Fv2%2Fcomments&post=130"}],"version-history":[{"count":14,"href":"https:\/\/www.osdobje.si\/index.php?rest_route=\/wp\/v2\/pages\/130\/revisions"}],"predecessor-version":[{"id":4318,"href":"https:\/\/www.osdobje.si\/index.php?rest_route=\/wp\/v2\/pages\/130\/revisions\/4318"}],"wp:attachment":[{"href":"https:\/\/www.osdobje.si\/index.php?rest_route=%2Fwp%2Fv2%2Fmedia&parent=130"}],"curies":[{"name":"wp","href":"https:\/\/api.w.org\/{rel}","templated":true}]}}