{"id":1297,"date":"2018-01-26T12:20:12","date_gmt":"2018-01-26T11:20:12","guid":{"rendered":"http:\/\/osdobje.splet.arnes.si\/?page_id=1297"},"modified":"2024-10-08T09:13:09","modified_gmt":"2024-10-08T07:13:09","slug":"sio-2020","status":"publish","type":"page","link":"https:\/\/www.osdobje.si\/?page_id=1297","title":{"rendered":"SIO 2020"},"content":{"rendered":"<p><strong>Program nadaljnje vzpostavitve IKT infrastrukture v vzgoji in izobra\u017eevanju.<\/strong><\/p>\n<p>V letu 2017 je ARNES (Akademska in raziskovalna mre\u017ea Slovenije) za\u010del z izvajanjem \u0161tiriletnega Programa nadaljnje vzpostavitve IKT infrastrukture v vzgoji in izobra\u017eevanju, ki je kraj\u0161e poimenovan&nbsp;Slovensko izobra\u017eevalno omre\u017eje \u2013 2020 oz. SIO-2020. V okviru Programa bodo vzgojno-izobra\u017eevalni&nbsp;zavodomi (VIZ) prejeli sofinancirano&nbsp;izgradnjo brez\u017ei\u010dnih omre\u017eij in nakup IKT opreme.<\/p>\n<p>Operacijo delno financira Evropska unija iz Evropskega sklada za regionalni razvoj ter Ministrstvo za izobra\u017eevanje, znanost in \u0161port. Operacija se izvaja v okviru Operativnega programa za izvajanje evropske kohezijske politike v obdobju 2014-2020, prednostna os:<\/p>\n<ul>\n<li>10: Znanje, spretnost in vse\u017eivljenjsko u\u010dene za bolj\u0161o zaposljivost; prednostna nalo\u017eba;<\/li>\n<li>10.3: Vlaganje v izobra\u017eevanje, usposabljanje in poklicno usposabljanje za spretnosti in vse\u017eivljenjsko u\u010denje z razvojem infrastrukture za izobra\u017eevanje in usposabljanje;<\/li>\n<li>specifi\u010dni cilj: Izbolj\u0161anje kompetenc in dose\u017ekov mladih ter ve\u010dja usposobljenost izobra\u017eevalcev prek ve\u010dje uporabe sodobne IKT pri pou\u010devanju in u\u010denju.<\/li>\n<\/ul>\n<p>Program se bo izvajal skozi tri medsebojno povezane dejavnosti.<\/p>\n<p><strong>Izgradnja brez\u017ei\u010dnih omre\u017eij<\/strong><\/p>\n<p>Izgradnja brez\u017ei\u010dnih omre\u017eij na VIZ bo potekala v naslednjih treh letih (2018, 2019 in 2020).<br \/>\nNova omre\u017eja bodo ustrezala enotnim standardom, bodo ustrezno zmogljiva za izvajanje dejavnosti VIZ, na\u010drti pa bodo narejeni tako, da bo pokritost \u0161ole \u010dim ve\u010dja.<br \/>\nSredstva, namenjena izgradnji omre\u017eja, bodo odvisna od velikosti in tipa VIZ. Vi\u0161ina sofinanciranja iz ESRR sredstev zna\u0161a 62,5 %, lastna sredstva VIZ pa 37,5 %.<\/p>\n<p><strong>Nakup nove opreme (IKT)<\/strong><\/p>\n<ul>\n<li>Nakup nove opreme (osebni, prenosni in tabli\u010dni ra\u010dunalniki, projektorji \u2026) za VIZ bo potekal v vseh \u0161tirih letih (2017, 2018, 2019 in 2020);<\/li>\n<li>Dele\u017e sofinanciranja iz ESRR sredstev zna\u0161a 50 %;<\/li>\n<li>IKT kosovnica \u2013 leto 2017: temeljne uporabni\u0161ke lastnosti odjemalcev IKT in multimedijske opreme za prvo dobavo;<\/li>\n<li>Priporo\u010dila o standardih in normativih programa Ra\u010dunalni\u0161ko opismenjevanje in informatika za leti 2018 in 2019;<\/li>\n<li>Razvoj e-storitev in e-vsebin.<\/li>\n<\/ul>\n<p><strong>Razvoj e-storitev in e-vsebin, kjer bomo dopolnjevali obstoje\u010de storitve in razvijali nove.<\/strong><\/p>\n<p>Cilj operacije je izbolj\u0161anje kompetenc in dose\u017ekov mladih ter ve\u010dja usposobljenost izobra\u017eevalcev prek ve\u010dje uporabe sodobne IKT pri pou\u010devanju in u\u010denju. Vzgojno-izobra\u017eevalnim zavodom se sofinancira izgradnja brez\u017ei\u010dnih omre\u017eij in nakup IKT opreme, razvija se e-storitve in e-vsebine.<\/p>\n<p><a href=\"http:\/\/www.eu-skladi.si\/\" target=\"_blank\" rel=\"noopener\">http:\/\/www.eu-skladi.si<\/a><\/p>\n<p>Nalo\u017ebo sofinancirata Republika Slovenija in Evropska unija iz Evropskega sklada za regionalni razvoj.<\/p>\n","protected":false},"excerpt":{"rendered":"<p>Program nadaljnje vzpostavitve IKT infrastrukture v vzgoji in izobra\u017eevanju. V letu 2017 je ARNES (Akademska in raziskovalna mre\u017ea Slovenije) za\u010del z izvajanjem \u0161tiriletnega Programa nadaljnje vzpostavitve IKT infrastrukture v vzgoji in izobra\u017eevanju, ki je kraj\u0161e poimenovan&nbsp;Slovensko izobra\u017eevalno omre\u017eje \u2013 2020 &hellip; <a href=\"https:\/\/www.osdobje.si\/?page_id=1297\">Beri naprej <span class=\"meta-nav\">&rarr;<\/span><\/a><\/p>\n","protected":false},"author":89974,"featured_media":0,"parent":0,"menu_order":0,"comment_status":"closed","ping_status":"closed","template":"","meta":{"ngg_post_thumbnail":0,"footnotes":""},"class_list":["post-1297","page","type-page","status-publish","hentry"],"_links":{"self":[{"href":"https:\/\/www.osdobje.si\/index.php?rest_route=\/wp\/v2\/pages\/1297","targetHints":{"allow":["GET"]}}],"collection":[{"href":"https:\/\/www.osdobje.si\/index.php?rest_route=\/wp\/v2\/pages"}],"about":[{"href":"https:\/\/www.osdobje.si\/index.php?rest_route=\/wp\/v2\/types\/page"}],"author":[{"embeddable":true,"href":"https:\/\/www.osdobje.si\/index.php?rest_route=\/wp\/v2\/users\/89974"}],"replies":[{"embeddable":true,"href":"https:\/\/www.osdobje.si\/index.php?rest_route=%2Fwp%2Fv2%2Fcomments&post=1297"}],"version-history":[{"count":3,"href":"https:\/\/www.osdobje.si\/index.php?rest_route=\/wp\/v2\/pages\/1297\/revisions"}],"predecessor-version":[{"id":3968,"href":"https:\/\/www.osdobje.si\/index.php?rest_route=\/wp\/v2\/pages\/1297\/revisions\/3968"}],"wp:attachment":[{"href":"https:\/\/www.osdobje.si\/index.php?rest_route=%2Fwp%2Fv2%2Fmedia&parent=1297"}],"curies":[{"name":"wp","href":"https:\/\/api.w.org\/{rel}","templated":true}]}}