{"id":128,"date":"2014-07-09T09:52:58","date_gmt":"2014-07-09T07:52:58","guid":{"rendered":"http:\/\/osdobje.splet.arnes.si\/?page_id=128"},"modified":"2023-06-15T09:59:19","modified_gmt":"2023-06-15T07:59:19","slug":"urnik","status":"publish","type":"page","link":"https:\/\/www.osdobje.si\/?page_id=128","title":{"rendered":"Urnik"},"content":{"rendered":"\n<p>Na povezavi u\u010denci najdete <a rel=\"noreferrer noopener\" href=\"https:\/\/www.easistent.com\/urniki\/d583996181933b024744e64f859f5fc939f42c04\" target=\"_blank\">urnike<\/a>. Na spustnem seznamu zgoraj levo izberite svoj razred.<\/p>\n\n\n\n<p>Na povezavi <a rel=\"noopener\" href=\"https:\/\/www.easistent.com\/nadomescanja\/d583996181933b024744e64f859f5fc939f42c04\" target=\"_blank\">nadome\u0161\u010danja<\/a> pa lahko preverite spremembe urnikov.<\/p>\n","protected":false},"excerpt":{"rendered":"<p>Na povezavi u\u010denci najdete urnike. Na spustnem seznamu zgoraj levo izberite svoj razred. Na povezavi nadome\u0161\u010danja pa lahko preverite spremembe urnikov.<\/p>\n","protected":false},"author":89974,"featured_media":0,"parent":0,"menu_order":0,"comment_status":"closed","ping_status":"closed","template":"sidebar-page.php","meta":{"ngg_post_thumbnail":0,"footnotes":""},"class_list":["post-128","page","type-page","status-publish","hentry"],"_links":{"self":[{"href":"https:\/\/www.osdobje.si\/index.php?rest_route=\/wp\/v2\/pages\/128","targetHints":{"allow":["GET"]}}],"collection":[{"href":"https:\/\/www.osdobje.si\/index.php?rest_route=\/wp\/v2\/pages"}],"about":[{"href":"https:\/\/www.osdobje.si\/index.php?rest_route=\/wp\/v2\/types\/page"}],"author":[{"embeddable":true,"href":"https:\/\/www.osdobje.si\/index.php?rest_route=\/wp\/v2\/users\/89974"}],"replies":[{"embeddable":true,"href":"https:\/\/www.osdobje.si\/index.php?rest_route=%2Fwp%2Fv2%2Fcomments&post=128"}],"version-history":[{"count":9,"href":"https:\/\/www.osdobje.si\/index.php?rest_route=\/wp\/v2\/pages\/128\/revisions"}],"predecessor-version":[{"id":3416,"href":"https:\/\/www.osdobje.si\/index.php?rest_route=\/wp\/v2\/pages\/128\/revisions\/3416"}],"wp:attachment":[{"href":"https:\/\/www.osdobje.si\/index.php?rest_route=%2Fwp%2Fv2%2Fmedia&parent=128"}],"curies":[{"name":"wp","href":"https:\/\/api.w.org\/{rel}","templated":true}]}}