{"id":124,"date":"2014-07-09T09:21:27","date_gmt":"2014-07-09T07:21:27","guid":{"rendered":"http:\/\/osdobje.splet.arnes.si\/?page_id=124"},"modified":"2023-05-25T09:13:24","modified_gmt":"2023-05-25T07:13:24","slug":"katalog-informacij-javnega-znacaja","status":"publish","type":"page","link":"https:\/\/www.osdobje.si\/?page_id=124","title":{"rendered":"Katalog informacij javnega zna\u010daja"},"content":{"rendered":"<h2><a name=\"_Toc381197939\"><\/a><!-- [if !supportLists]-->Osebna izkaznica in kratka predstavitev zavoda<\/h2>\n<p>Ime zavoda: Osnovna \u0161ola Dobje.<br>Sestavljata ga mati\u010dna \u0161ola Dobje in enota vrtca Dobje pri Planini.<br>Zavod je vpisan v sodni register pod \u0161tevilko: 1-3527-00.<br>Zavod je vpisan v razvid zavodov vzgoje in izobra\u017eevanja pri Ministrstvu za vzgojo in izobra\u017eevanje&nbsp;z odlo\u010dbo \u0161tevilka 608-01-0171\/2000 z dne 22. 4. 2002.<br>Enota Vrtca Dobje je vpisana v knjigo razvida z odlo\u010dbo \u0161t. 6033-345\/2008\/9<br>(1107) z dne 1. 2. 2010 pod zaporedno \u0161tevilko 294.<\/p>\n<p>Odgovorna oseba: Suzana Plemenita\u0161, ravnateljica<\/p>\n<h2><strong>Organiziranost in predstavitev odgovornih oseb<\/strong><\/h2>\n<p>V zavodu&nbsp;delujejo naslednji organi upravljanja:<br>\u2212&nbsp;&nbsp;&nbsp;&nbsp;&nbsp;&nbsp; svet \u0161ole;<br>\u2212&nbsp;&nbsp;&nbsp;&nbsp;&nbsp;&nbsp; ravnateljica;<br>\u2212&nbsp;&nbsp;&nbsp;&nbsp;&nbsp;&nbsp; svet star\u0161ev;<br>\u2212&nbsp;&nbsp;&nbsp;&nbsp;&nbsp;&nbsp; strokovni organi.<\/p>\n<p>Strokovni organi so:<br>\u2212&nbsp;&nbsp;&nbsp;&nbsp;&nbsp;&nbsp; u\u010diteljski zbor;<br>\u2212&nbsp;&nbsp;&nbsp;&nbsp;&nbsp;&nbsp; oddel\u010dni u\u010diteljski zbor;<br>\u2212&nbsp;&nbsp;&nbsp;&nbsp;&nbsp;&nbsp; razredniki;<br>\u2212&nbsp;&nbsp;&nbsp;&nbsp;&nbsp;&nbsp; strokovni aktivi.<\/p>\n<p>Najvi\u0161ji organ \u0161ole je svet \u0161ole. Predsednica sveta \u0161ole je Alja Polenek.<br>Ravnateljica \u0161ole je Suzana Plemenita\u0161.<br>V \u010dasu odsotnosti jo nadome\u0161\u010da Mateja Pintar.<br>Podravnateljica za enoto Vrtec Dobje je Ana Kostanj\u0161ek.<\/p>\n<p>Za organizirano uresni\u010devanje interesov star\u0161ev je v \u0161oli ustanovljen svet star\u0161ev, v katerem ima vsak oddelek po enega predstavnika, ki ga star\u0161i izvolijo na sestanku oddelka. Predsednik sveta star\u0161ev osnovne \u0161ole je David Kravina, enote vrtca pa Lucija Jan\u0161a.<\/p>\n<h2><strong>Glavni podatki o poslovanju<\/strong><\/h2>\n<p>Osnovno delovanje \u0161ole finan\u010dno zagotavljata Ob\u010dina Dobje in Ministrstvo za vzgojo in izobra\u017eevanje.<\/p>\n<p>Javni zavod Osnovna \u0161ola Dobje pridobiva sredstva za delo od:<\/p>\n<ul>\n<li>Ministrstva za vzgojo in izobra\u017eevanje;<\/li>\n<li>ustanoviteljice \u2013 Ob\u010dine Dobje;<\/li>\n<li>prispevkov star\u0161ev;<\/li>\n<li>pla\u010dil star\u0161ev za storitve pred\u0161olske vzgoje;<\/li>\n<li>prodaje izdelkov in storitev na trgu;<\/li>\n<li>najemnin;<\/li>\n<li>donacij, prispevkov sponzorjev;<\/li>\n<li>drugih virov.<\/li>\n<\/ul>\n<h2><strong>Zakonske in druge pravne podlage, ki pojasnjujejo delovno podro\u010dje posrednega uporabnika<\/strong><\/h2>\n<h2><strong>&nbsp;Temeljni predpisi:<\/strong><\/h2>\n<ol>\n<li>Kolektivna pogodba za dejavnost vzgoje in izobra\u017eevanja v Republiki Sloveniji;<\/li>\n<li>Kolektivna pogodba za negospodarske dejavnosti;<\/li>\n<li>Odredba o dolo\u010ditvi programa \u0161ole za ravnatelje in o dolo\u010ditvi vsebine ravnateljskega izpita;<\/li>\n<li>Pravilnik o merilih za ugotavljanje delovne uspe\u0161nosti direktorjev s podro\u010dja \u0161olstva;<\/li>\n<li>Pravilnik o nadaljnjem izobra\u017eevanju in usposabljanju strokovnih delavcev v vzgoji in izobra\u017eevanju;<\/li>\n<li>Pravilnik o napredovanju zaposlenih v vrtcih in \u0161olah v pla\u010dilne razrede;<\/li>\n<li>Pravilnik o napredovanju zaposlenih v vzgoji in izobra\u017eevanju v nazive;<\/li>\n<li>Pravilnik o obrazcih, dokumentaciji, stro\u0161kih in na\u010dinu vodenja evidenc v postopkih priznavanja in vrednotenja izobra\u017eevanja;<\/li>\n<li>Pravilnik o pogojih za ustanavljanje javnih osnovnih \u0161ol, javnih osnovnih \u0161ol in zavodov za vzgojo in izobra\u017eevanje otrok in mladostnikov s posebnimi potrebami ter javnih glasbenih \u0161ol;<\/li>\n<li>Pravilnik o posodabljanju vzgojno-izobra\u017eevalnega dela;<\/li>\n<li>Pravilnik o prilagajanju \u0161olskih obveznosti;<\/li>\n<li>Pravilnik o pripravni\u0161tvu strokovnih delavcev na podro\u010dju vzgoje in izobra\u017eevanja;<\/li>\n<li>Pravilnik o strokovnem izpitu strokovnih delavcev na podro\u010dju vzgoje in izobra\u017eevanja;<\/li>\n<li>Pravilnik o upravljanju u\u010dbeni\u0161kih skladov;<\/li>\n<li>Pravilnik o uvajanju in spremljanju novosti in programov v vzgoji in izobra\u017eevanju;<\/li>\n<li>Pravilnik o uvrstitvi delovnih mest direktorjev s podro\u010dja \u0161olstva in \u0161porta v pla\u010dne razrede znotraj razponov pla\u010dnih razredov;<\/li>\n<li>Pravilnik o vodenju razvida izvajalcev javnoveljavnih programov vzgoje in izobra\u017eevanja;<\/li>\n<li>Sklep o kriterijih za sklepanje pogodb o zaposlitvi direktorjev javnih zavodov;<\/li>\n<li>Sklep o merilih za priznanje enkratne letne nagrade za uspe\u0161no poslovanje direktorjev javnih zavodov;<\/li>\n<li>Uredba o dodatni delovni uspe\u0161nosti v javnem sektorju;<\/li>\n<li>Uredba o izobe\u0161anju zastave Republike Slovenije v osnovnih in srednjih \u0161olah;<\/li>\n<li>Uredba o merilih za oblikovanje javne mre\u017ee osnovnih \u0161ol, javne mre\u017ee osnovnih \u0161ol in zavodov za vzgojo in izobra\u017eevanje otrok in mladostnikov s posebnimi potrebami ter javne mre\u017ee glasbenih \u0161ol;<\/li>\n<li>Uredba o pla\u010dah direktorjev v javnem sektorju;<\/li>\n<li>Uredba o podrobnej\u0161ih kriterijih za uvr\u0161\u010danje delovnih mest ravnateljev, direktorjev in tajnikov v pla\u010dne razrede;<\/li>\n<li>Zakon o delovnih razmerjih;<\/li>\n<li>Zakon o nagradah Republike Slovenije na podro\u010dju \u0161olstva;<\/li>\n<li>Zakon o organizaciji in financiranju vzgoje in izobra\u017eevanja;<\/li>\n<li>Zakon o pla\u010dah delavcev v javnih vzgojno izobra\u017eevalnih zavodih;<\/li>\n<li>Zakon o priznavanju in vrednotenju izobra\u017eevanja;<\/li>\n<li>Zakon o sistemu pla\u010d v javnem sektorju;<\/li>\n<li>Zakon o \u0161olski in\u0161pekciji;<\/li>\n<li>Zakon o vi\u0161ini povra\u010dil stro\u0161kov v zvezi z delom in nekaterih drugih prejemkov;<\/li>\n<li>Zakon o zavodih.<\/li>\n<\/ol>\n<p><a href=\"https:\/\/www.osdobje.si\/?page_id=3286\">&#8211; Posebni predpisi za osnovne \u0161ole<\/a><\/p>\n<p><a href=\"https:\/\/www.osdobje.si\/?page_id=3282\">&#8211; Notranji akti<\/a><\/p>\n<p><a href=\"https:\/\/www.osdobje.si\/?page_id=3271\">&#8211; Izjava o dostopnosti<\/a><\/p>\n\n\n<h2 class=\"wp-block-heading\"><\/h2>\n","protected":false},"excerpt":{"rendered":"<p>Osebna izkaznica in kratka predstavitev zavoda Ime zavoda: Osnovna \u0161ola Dobje.Sestavljata ga mati\u010dna \u0161ola Dobje in enota vrtca Dobje pri Planini.Zavod je vpisan v sodni register pod \u0161tevilko: 1-3527-00.Zavod je vpisan v razvid zavodov vzgoje in izobra\u017eevanja pri Ministrstvu za &hellip; <a href=\"https:\/\/www.osdobje.si\/?page_id=124\">Beri naprej <span class=\"meta-nav\">&rarr;<\/span><\/a><\/p>\n","protected":false},"author":2420,"featured_media":0,"parent":0,"menu_order":0,"comment_status":"closed","ping_status":"closed","template":"sidebar-page.php","meta":{"ngg_post_thumbnail":0,"footnotes":""},"class_list":["post-124","page","type-page","status-publish","hentry"],"_links":{"self":[{"href":"https:\/\/www.osdobje.si\/index.php?rest_route=\/wp\/v2\/pages\/124","targetHints":{"allow":["GET"]}}],"collection":[{"href":"https:\/\/www.osdobje.si\/index.php?rest_route=\/wp\/v2\/pages"}],"about":[{"href":"https:\/\/www.osdobje.si\/index.php?rest_route=\/wp\/v2\/types\/page"}],"author":[{"embeddable":true,"href":"https:\/\/www.osdobje.si\/index.php?rest_route=\/wp\/v2\/users\/2420"}],"replies":[{"embeddable":true,"href":"https:\/\/www.osdobje.si\/index.php?rest_route=%2Fwp%2Fv2%2Fcomments&post=124"}],"version-history":[{"count":19,"href":"https:\/\/www.osdobje.si\/index.php?rest_route=\/wp\/v2\/pages\/124\/revisions"}],"predecessor-version":[{"id":3309,"href":"https:\/\/www.osdobje.si\/index.php?rest_route=\/wp\/v2\/pages\/124\/revisions\/3309"}],"wp:attachment":[{"href":"https:\/\/www.osdobje.si\/index.php?rest_route=%2Fwp%2Fv2%2Fmedia&parent=124"}],"curies":[{"name":"wp","href":"https:\/\/api.w.org\/{rel}","templated":true}]}}