{"id":1077,"date":"2017-09-12T11:52:23","date_gmt":"2017-09-12T09:52:23","guid":{"rendered":"http:\/\/osdobje.splet.arnes.si\/?page_id=1077"},"modified":"2024-10-08T09:16:46","modified_gmt":"2024-10-08T07:16:46","slug":"simbioza-giba","status":"publish","type":"page","link":"https:\/\/www.osdobje.si\/?page_id=1077","title":{"rendered":"Simbioza \u0161ola"},"content":{"rendered":"<p style=\"text-align: center\"><a href=\"http:\/\/osdobje.splet.arnes.si\/files\/2017\/09\/simbioza.jpg\"><img loading=\"lazy\" decoding=\"async\" class=\"alignnone size-medium wp-image-1125\" src=\"http:\/\/osdobje.splet.arnes.si\/files\/2017\/09\/simbioza-300x82.jpg\" alt=\"\" width=\"300\" height=\"82\" srcset=\"https:\/\/www.osdobje.si\/files\/2017\/09\/simbioza-300x82.jpg 300w, https:\/\/www.osdobje.si\/files\/2017\/09\/simbioza-768x209.jpg 768w, https:\/\/www.osdobje.si\/files\/2017\/09\/simbioza-500x136.jpg 500w, https:\/\/www.osdobje.si\/files\/2017\/09\/simbioza.jpg 803w\" sizes=\"auto, (max-width: 300px) 100vw, 300px\" \/><\/a><\/p>\n<p><b>Projekt SIMBIOZA<\/b><b><\/b><\/p>\n<p>Simbioza je projekt, ki od leta 2011 povezuje Slovenijo. Socialna inovacija, ki je zdru\u017eila modrost in mladost in pokazala, da je medgeneracijsko sodelovanje prava smer prihodnosti, je v ra\u010dunalni\u0161ke delavnice vklju\u010dila ve\u010d kot 20.000 ljudi. Zgodba ra\u010dunalni\u0161tva je dobila trajnostno zgodbo preko Medgeneracijskega centra, Simbioza \u0161ol in projekta Simbioza mojstri. Simbioza se \u0161iri tudi mednarodno in nosi dobro ime Slovenije v \u0161irni svet.<\/p>\n<p>Na\u0161a \u0161ola sodeluje pri projektu Simbioza giba in Simbioza ra\u010dunalni\u0161ko opismenjevanje \u017ee vrsto let. Tudi v \u0161olskem letu 2016\/17 smo pridobili naziv Simbioza \u0161ole.<\/p>\n<p>Vsako jesen pri\u010dnemo s projektom Simbioza giba, ki ga nadaljujemo z ra\u010dunalni\u0161kim opisovanjem.<\/p>\n<p style=\"text-align: center\"><a href=\"http:\/\/osdobje.splet.arnes.si\/files\/2017\/09\/simbioza_giba.jpg\"><img loading=\"lazy\" decoding=\"async\" class=\"alignnone size-medium wp-image-1127\" src=\"http:\/\/osdobje.splet.arnes.si\/files\/2017\/09\/simbioza_giba-300x103.jpg\" alt=\"\" width=\"300\" height=\"103\" srcset=\"https:\/\/www.osdobje.si\/files\/2017\/09\/simbioza_giba-300x103.jpg 300w, https:\/\/www.osdobje.si\/files\/2017\/09\/simbioza_giba-768x265.jpg 768w, https:\/\/www.osdobje.si\/files\/2017\/09\/simbioza_giba-1024x353.jpg 1024w, https:\/\/www.osdobje.si\/files\/2017\/09\/simbioza_giba-500x172.jpg 500w, https:\/\/www.osdobje.si\/files\/2017\/09\/simbioza_giba.jpg 1242w\" sizes=\"auto, (max-width: 300px) 100vw, 300px\" \/><\/a><\/p>\n","protected":false},"excerpt":{"rendered":"<p>Projekt SIMBIOZA Simbioza je projekt, ki od leta 2011 povezuje Slovenijo. Socialna inovacija, ki je zdru\u017eila modrost in mladost in pokazala, da je medgeneracijsko sodelovanje prava smer prihodnosti, je v ra\u010dunalni\u0161ke delavnice vklju\u010dila ve\u010d kot 20.000 ljudi. Zgodba ra\u010dunalni\u0161tva je &hellip; <a href=\"https:\/\/www.osdobje.si\/?page_id=1077\">Beri naprej <span class=\"meta-nav\">&rarr;<\/span><\/a><\/p>\n","protected":false},"author":2420,"featured_media":0,"parent":0,"menu_order":0,"comment_status":"closed","ping_status":"closed","template":"","meta":{"ngg_post_thumbnail":0,"footnotes":""},"class_list":["post-1077","page","type-page","status-publish","hentry"],"_links":{"self":[{"href":"https:\/\/www.osdobje.si\/index.php?rest_route=\/wp\/v2\/pages\/1077","targetHints":{"allow":["GET"]}}],"collection":[{"href":"https:\/\/www.osdobje.si\/index.php?rest_route=\/wp\/v2\/pages"}],"about":[{"href":"https:\/\/www.osdobje.si\/index.php?rest_route=\/wp\/v2\/types\/page"}],"author":[{"embeddable":true,"href":"https:\/\/www.osdobje.si\/index.php?rest_route=\/wp\/v2\/users\/2420"}],"replies":[{"embeddable":true,"href":"https:\/\/www.osdobje.si\/index.php?rest_route=%2Fwp%2Fv2%2Fcomments&post=1077"}],"version-history":[{"count":3,"href":"https:\/\/www.osdobje.si\/index.php?rest_route=\/wp\/v2\/pages\/1077\/revisions"}],"predecessor-version":[{"id":3971,"href":"https:\/\/www.osdobje.si\/index.php?rest_route=\/wp\/v2\/pages\/1077\/revisions\/3971"}],"wp:attachment":[{"href":"https:\/\/www.osdobje.si\/index.php?rest_route=%2Fwp%2Fv2%2Fmedia&parent=1077"}],"curies":[{"name":"wp","href":"https:\/\/api.w.org\/{rel}","templated":true}]}}