{"id":1065,"date":"2017-09-12T11:48:31","date_gmt":"2017-09-12T09:48:31","guid":{"rendered":"http:\/\/osdobje.splet.arnes.si\/?page_id=1065"},"modified":"2017-09-14T10:38:07","modified_gmt":"2017-09-14T08:38:07","slug":"prva-zaposlitev-v-vzgoji-in-izobrazevanju","status":"publish","type":"page","link":"https:\/\/www.osdobje.si\/?page_id=1065","title":{"rendered":"Prva zaposlitev v vzgoji in izobra\u017eevanju"},"content":{"rendered":"<p style=\"text-align: center\"><a href=\"http:\/\/osdobje.splet.arnes.si\/files\/2017\/09\/ess.jpg\"><img loading=\"lazy\" decoding=\"async\" class=\"alignnone size-medium wp-image-1113\" src=\"http:\/\/osdobje.splet.arnes.si\/files\/2017\/09\/ess-300x113.jpg\" alt=\"\" width=\"300\" height=\"113\" srcset=\"https:\/\/www.osdobje.si\/files\/2017\/09\/ess-300x113.jpg 300w, https:\/\/www.osdobje.si\/files\/2017\/09\/ess.jpg 400w\" sizes=\"auto, (max-width: 300px) 100vw, 300px\" \/><\/a><\/p>\n<p>Z javnim razpisom se mladim do vklju\u010dno 29 let prispeva k zagotavljanju dostopnosti do \u010dim hitrej\u0161e in kakovostne zaposlitve na podro\u010dju vzgoje in izobra\u017eevanja ter s tem k pove\u010danju dele\u017ea zaposlenih med mladimi, vklju\u010denimi v ukrepe na trgu dela v okviru Operativnega programa za izvajanje Evropske kohezijske politike v obdobju 2014\u20132020, tako da vklju\u010dene osebe ob izhodu ostanejo zaposlene. Razpis upo\u0161teva na\u010dela in cilje (izbolj\u0161ati prehod iz izobra\u017eevanja v zaposlitev, hitrej\u0161a aktivacija mladih brezposelnih in zmanj\u0161anje \u0161tevila brezposelnih) Izvedbenega na\u010drta Jamstva za mlade za obdobje 2016-2020 (\u0161t. sklepa Vlade RS 11002-2\/2016\/4 z dne 12. 5. 2016) in predstavlja poseben ukrep na trgu dela, ki je prilagojen ciljnim skupinam na podro\u010dju vzgoje in izobra\u017eevanja.<\/p>\n<p>Ciljna skupina javnega razpisa so mladi do vklju\u010dno 29 let, ki i\u0161\u010dejo prvo zaposlitev na podro\u010dju vzgoje in izobra\u017eevanja glede na smer in stopnjo svoje izobrazbe, kot jo predpisuje Zakon o organizaciji in financiranju vzgoje in izobra\u017eevanja in drugi predpisi, sprejeti na njegovi podlagi, in imajo manj ustreznih delovnih izku\u0161enj na podro\u010dju vzgoje in izobra\u017eevanja, kot se jih zahteva za pristop k strokovnemu izpitu.<\/p>\n<p>Predmet javnega razpisa so spodbude za zaposlitve iskalcev prve zaposlitve na podro\u010dju vzgoje in izobra\u017eevanja, v okviru katerih se bodo pomo\u010dniki vzgojiteljev za\u010detniki preko na\u010drtovanega, organiziranega in strokovno vodenega prakti\u010dnega usposabljanja uvajali v vzgojno-izobra\u017eevalno delo v vzgojno-izobra\u017eevalnem zavodu.<\/p>\n","protected":false},"excerpt":{"rendered":"<p>Z javnim razpisom se mladim do vklju\u010dno 29 let prispeva k zagotavljanju dostopnosti do \u010dim hitrej\u0161e in kakovostne zaposlitve na podro\u010dju vzgoje in izobra\u017eevanja ter s tem k pove\u010danju dele\u017ea zaposlenih med mladimi, vklju\u010denimi v ukrepe na trgu dela v &hellip; <a href=\"https:\/\/www.osdobje.si\/?page_id=1065\">Beri naprej <span class=\"meta-nav\">&rarr;<\/span><\/a><\/p>\n","protected":false},"author":2420,"featured_media":0,"parent":0,"menu_order":0,"comment_status":"closed","ping_status":"closed","template":"","meta":{"ngg_post_thumbnail":0,"footnotes":""},"class_list":["post-1065","page","type-page","status-publish","hentry"],"_links":{"self":[{"href":"https:\/\/www.osdobje.si\/index.php?rest_route=\/wp\/v2\/pages\/1065","targetHints":{"allow":["GET"]}}],"collection":[{"href":"https:\/\/www.osdobje.si\/index.php?rest_route=\/wp\/v2\/pages"}],"about":[{"href":"https:\/\/www.osdobje.si\/index.php?rest_route=\/wp\/v2\/types\/page"}],"author":[{"embeddable":true,"href":"https:\/\/www.osdobje.si\/index.php?rest_route=\/wp\/v2\/users\/2420"}],"replies":[{"embeddable":true,"href":"https:\/\/www.osdobje.si\/index.php?rest_route=%2Fwp%2Fv2%2Fcomments&post=1065"}],"version-history":[{"count":2,"href":"https:\/\/www.osdobje.si\/index.php?rest_route=\/wp\/v2\/pages\/1065\/revisions"}],"predecessor-version":[{"id":1139,"href":"https:\/\/www.osdobje.si\/index.php?rest_route=\/wp\/v2\/pages\/1065\/revisions\/1139"}],"wp:attachment":[{"href":"https:\/\/www.osdobje.si\/index.php?rest_route=%2Fwp%2Fv2%2Fmedia&parent=1065"}],"curies":[{"name":"wp","href":"https:\/\/api.w.org\/{rel}","templated":true}]}}